{"id":133636,"date":"2026-02-16T11:10:57","date_gmt":"2026-02-16T10:10:57","guid":{"rendered":"https:\/\/hit-air.de\/?post_type=product&#038;p=133636"},"modified":"2026-02-16T11:10:58","modified_gmt":"2026-02-16T10:10:58","slug":"kartuschen-bundle","status":"publish","type":"product","link":"https:\/\/hit-air.de\/tr\/shop\/zubehor\/kartuschen-bundle\/","title":{"rendered":"Kartuschen Bundle"},"content":{"rendered":"<p>Ersatzkartuschen f\u00fcr Airbagwesten mit Preisvorteil im Paket kaufen.<\/p>\n<p>Beim Kauf mehrerer Ersatzkartuschen in den Gr\u00f6\u00dfen 50cc und 60cc bieten wir gerne einen Rabatt an.<\/p>\n<p>Das Ziel ist und bleibt aber bitte oben zu bleiben \ud83d\ude09<\/p>\n<p>&nbsp;<\/p>","protected":false},"excerpt":{"rendered":"<p>Ersatzkartuschen f\u00fcr Airbagwesten mit Preisvorteil im Paket kaufen. Beim Kauf mehrerer Ersatzkartuschen in den Gr\u00f6\u00dfen 50cc und 60cc bieten wir gerne einen Rabatt an. Das Ziel ist und bleibt aber bitte oben zu bleiben \ud83d\ude09 &nbsp;<\/p>","protected":false},"featured_media":133635,"comment_status":"open","ping_status":"closed","template":"","meta":[],"product_brand":[],"product_cat":[85,105],"product_tag":[],"class_list":{"0":"post-133636","1":"product","2":"type-product","3":"status-publish","4":"has-post-thumbnail","6":"product_cat-zubehor","7":"product_cat-airbagwesten","9":"first","10":"instock","11":"sale","12":"taxable","13":"shipping-taxable","14":"purchasable","15":"product-type-variable"},"yoast_head":"<!-- This site is optimized with the Yoast SEO plugin v27.3 - https:\/\/yoast.com\/product\/yoast-seo-wordpress\/ -->\n<title>Kartuschen Bundle | HitAir<\/title>\n<meta name=\"robots\" content=\"index, follow, max-snippet:-1, max-image-preview:large, max-video-preview:-1\" \/>\n<link rel=\"canonical\" href=\"https:\/\/hit-air.de\/tr\/duekkan\/aksesuarlar\/kartuschen-bundle\/\" \/>\n<meta property=\"og:locale\" content=\"tr_TR\" \/>\n<meta property=\"og:type\" content=\"article\" \/>\n<meta property=\"og:title\" content=\"Kartuschen Bundle | HitAir\" \/>\n<meta property=\"og:description\" content=\"Ersatzkartuschen f\u00fcr Airbagwesten mit Preisvorteil im Paket kaufen. Beim Kauf mehrerer Ersatzkartuschen in den Gr\u00f6\u00dfen 50cc und 60cc bieten wir gerne einen Rabatt an. Das Ziel ist und bleibt aber bitte oben zu bleiben \ud83d\ude09 &nbsp;\" \/>\n<meta property=\"og:url\" content=\"https:\/\/hit-air.de\/tr\/duekkan\/aksesuarlar\/kartuschen-bundle\/\" \/>\n<meta property=\"og:site_name\" content=\"HitAir\" \/>\n<meta property=\"article:publisher\" content=\"https:\/\/www.facebook.com\/Hit-Air-Protection-GmbH-270395383008432\/\" \/>\n<meta property=\"article:modified_time\" content=\"2026-02-16T10:10:58+00:00\" \/>\n<meta name=\"twitter:card\" content=\"summary_large_image\" \/>\n<meta name=\"twitter:label1\" content=\"Tahmini okuma s\u00fcresi\" \/>\n\t<meta name=\"twitter:data1\" content=\"1 dakika\" \/>\n<script type=\"application\/ld+json\" class=\"yoast-schema-graph\">{\"@context\":\"https:\\\/\\\/schema.org\",\"@graph\":[{\"@type\":\"WebPage\",\"@id\":\"https:\\\/\\\/hit-air.de\\\/shop\\\/zubehor\\\/kartuschen-bundle\\\/\",\"url\":\"https:\\\/\\\/hit-air.de\\\/shop\\\/zubehor\\\/kartuschen-bundle\\\/\",\"name\":\"Kartuschen Bundle | HitAir\",\"isPartOf\":{\"@id\":\"https:\\\/\\\/hit-air.de\\\/#website\"},\"primaryImageOfPage\":{\"@id\":\"https:\\\/\\\/hit-air.de\\\/shop\\\/zubehor\\\/kartuschen-bundle\\\/#primaryimage\"},\"image\":{\"@id\":\"https:\\\/\\\/hit-air.de\\\/shop\\\/zubehor\\\/kartuschen-bundle\\\/#primaryimage\"},\"thumbnailUrl\":\"https:\\\/\\\/hit-air.de\\\/wp-content\\\/uploads\\\/2026\\\/01\\\/IMG_5081.heic\",\"datePublished\":\"2026-02-16T10:10:57+00:00\",\"dateModified\":\"2026-02-16T10:10:58+00:00\",\"breadcrumb\":{\"@id\":\"https:\\\/\\\/hit-air.de\\\/shop\\\/zubehor\\\/kartuschen-bundle\\\/#breadcrumb\"},\"inLanguage\":\"tr\",\"potentialAction\":[{\"@type\":\"ReadAction\",\"target\":[\"https:\\\/\\\/hit-air.de\\\/shop\\\/zubehor\\\/kartuschen-bundle\\\/\"]}]},{\"@type\":\"ImageObject\",\"inLanguage\":\"tr\",\"@id\":\"https:\\\/\\\/hit-air.de\\\/shop\\\/zubehor\\\/kartuschen-bundle\\\/#primaryimage\",\"url\":\"https:\\\/\\\/hit-air.de\\\/wp-content\\\/uploads\\\/2026\\\/01\\\/IMG_5081.heic\",\"contentUrl\":\"https:\\\/\\\/hit-air.de\\\/wp-content\\\/uploads\\\/2026\\\/01\\\/IMG_5081.heic\",\"caption\":\"Ersatzkartuschen Hit Air Airbagweste\"},{\"@type\":\"BreadcrumbList\",\"@id\":\"https:\\\/\\\/hit-air.de\\\/shop\\\/zubehor\\\/kartuschen-bundle\\\/#breadcrumb\",\"itemListElement\":[{\"@type\":\"ListItem\",\"position\":1,\"name\":\"Home\",\"item\":\"https:\\\/\\\/hit-air.de\\\/\"},{\"@type\":\"ListItem\",\"position\":2,\"name\":\"Shop\",\"item\":\"https:\\\/\\\/hit-air.de\\\/shop\\\/\"},{\"@type\":\"ListItem\",\"position\":3,\"name\":\"Kartuschen Bundle\"}]},{\"@type\":\"WebSite\",\"@id\":\"https:\\\/\\\/hit-air.de\\\/#website\",\"url\":\"https:\\\/\\\/hit-air.de\\\/\",\"name\":\"HitAir\",\"description\":\"Air-Bag System\",\"publisher\":{\"@id\":\"https:\\\/\\\/hit-air.de\\\/#organization\"},\"potentialAction\":[{\"@type\":\"SearchAction\",\"target\":{\"@type\":\"EntryPoint\",\"urlTemplate\":\"https:\\\/\\\/hit-air.de\\\/?s={search_term_string}\"},\"query-input\":{\"@type\":\"PropertyValueSpecification\",\"valueRequired\":true,\"valueName\":\"search_term_string\"}}],\"inLanguage\":\"tr\"},{\"@type\":\"Organization\",\"@id\":\"https:\\\/\\\/hit-air.de\\\/#organization\",\"name\":\"Hit Air\",\"url\":\"https:\\\/\\\/hit-air.de\\\/\",\"logo\":{\"@type\":\"ImageObject\",\"inLanguage\":\"tr\",\"@id\":\"https:\\\/\\\/hit-air.de\\\/#\\\/schema\\\/logo\\\/image\\\/\",\"url\":\"https:\\\/\\\/hit-air.de\\\/wp-content\\\/uploads\\\/2016\\\/05\\\/hitair-logo-quer_dark.png\",\"contentUrl\":\"https:\\\/\\\/hit-air.de\\\/wp-content\\\/uploads\\\/2016\\\/05\\\/hitair-logo-quer_dark.png\",\"width\":616,\"height\":149,\"caption\":\"Hit Air\"},\"image\":{\"@id\":\"https:\\\/\\\/hit-air.de\\\/#\\\/schema\\\/logo\\\/image\\\/\"},\"sameAs\":[\"https:\\\/\\\/www.facebook.com\\\/Hit-Air-Protection-GmbH-270395383008432\\\/\"]}]}<\/script>\n<!-- \/ Yoast SEO plugin. -->","yoast_head_json":{"title":"Kartuschen Bundle | HitAir","robots":{"index":"index","follow":"follow","max-snippet":"max-snippet:-1","max-image-preview":"max-image-preview:large","max-video-preview":"max-video-preview:-1"},"canonical":"https:\/\/hit-air.de\/tr\/duekkan\/aksesuarlar\/kartuschen-bundle\/","og_locale":"tr_TR","og_type":"article","og_title":"Kartuschen Bundle | HitAir","og_description":"Ersatzkartuschen f\u00fcr Airbagwesten mit Preisvorteil im Paket kaufen. Beim Kauf mehrerer Ersatzkartuschen in den Gr\u00f6\u00dfen 50cc und 60cc bieten wir gerne einen Rabatt an. Das Ziel ist und bleibt aber bitte oben zu bleiben \ud83d\ude09 &nbsp;","og_url":"https:\/\/hit-air.de\/tr\/duekkan\/aksesuarlar\/kartuschen-bundle\/","og_site_name":"HitAir","article_publisher":"https:\/\/www.facebook.com\/Hit-Air-Protection-GmbH-270395383008432\/","article_modified_time":"2026-02-16T10:10:58+00:00","twitter_card":"summary_large_image","twitter_misc":{"Tahmini okuma s\u00fcresi":"1 dakika"},"schema":{"@context":"https:\/\/schema.org","@graph":[{"@type":"WebPage","@id":"https:\/\/hit-air.de\/shop\/zubehor\/kartuschen-bundle\/","url":"https:\/\/hit-air.de\/shop\/zubehor\/kartuschen-bundle\/","name":"Kartuschen Bundle | HitAir","isPartOf":{"@id":"https:\/\/hit-air.de\/#website"},"primaryImageOfPage":{"@id":"https:\/\/hit-air.de\/shop\/zubehor\/kartuschen-bundle\/#primaryimage"},"image":{"@id":"https:\/\/hit-air.de\/shop\/zubehor\/kartuschen-bundle\/#primaryimage"},"thumbnailUrl":"https:\/\/hit-air.de\/wp-content\/uploads\/2026\/01\/IMG_5081.heic","datePublished":"2026-02-16T10:10:57+00:00","dateModified":"2026-02-16T10:10:58+00:00","breadcrumb":{"@id":"https:\/\/hit-air.de\/shop\/zubehor\/kartuschen-bundle\/#breadcrumb"},"inLanguage":"tr","potentialAction":[{"@type":"ReadAction","target":["https:\/\/hit-air.de\/shop\/zubehor\/kartuschen-bundle\/"]}]},{"@type":"ImageObject","inLanguage":"tr","@id":"https:\/\/hit-air.de\/shop\/zubehor\/kartuschen-bundle\/#primaryimage","url":"https:\/\/hit-air.de\/wp-content\/uploads\/2026\/01\/IMG_5081.heic","contentUrl":"https:\/\/hit-air.de\/wp-content\/uploads\/2026\/01\/IMG_5081.heic","caption":"Ersatzkartuschen Hit Air Airbagweste"},{"@type":"BreadcrumbList","@id":"https:\/\/hit-air.de\/shop\/zubehor\/kartuschen-bundle\/#breadcrumb","itemListElement":[{"@type":"ListItem","position":1,"name":"Home","item":"https:\/\/hit-air.de\/"},{"@type":"ListItem","position":2,"name":"Shop","item":"https:\/\/hit-air.de\/shop\/"},{"@type":"ListItem","position":3,"name":"Kartuschen Bundle"}]},{"@type":"WebSite","@id":"https:\/\/hit-air.de\/#website","url":"https:\/\/hit-air.de\/","name":"HitAir","description":"Hava Yast\u0131\u011f\u0131 Sistemi","publisher":{"@id":"https:\/\/hit-air.de\/#organization"},"potentialAction":[{"@type":"SearchAction","target":{"@type":"EntryPoint","urlTemplate":"https:\/\/hit-air.de\/?s={search_term_string}"},"query-input":{"@type":"PropertyValueSpecification","valueRequired":true,"valueName":"search_term_string"}}],"inLanguage":"tr"},{"@type":"Organization","@id":"https:\/\/hit-air.de\/#organization","name":"Hava Vuru\u015fu","url":"https:\/\/hit-air.de\/","logo":{"@type":"ImageObject","inLanguage":"tr","@id":"https:\/\/hit-air.de\/#\/schema\/logo\/image\/","url":"https:\/\/hit-air.de\/wp-content\/uploads\/2016\/05\/hitair-logo-quer_dark.png","contentUrl":"https:\/\/hit-air.de\/wp-content\/uploads\/2016\/05\/hitair-logo-quer_dark.png","width":616,"height":149,"caption":"Hit Air"},"image":{"@id":"https:\/\/hit-air.de\/#\/schema\/logo\/image\/"},"sameAs":["https:\/\/www.facebook.com\/Hit-Air-Protection-GmbH-270395383008432\/"]}]}},"_links":{"self":[{"href":"https:\/\/hit-air.de\/tr\/wp-json\/wp\/v2\/product\/133636","targetHints":{"allow":["GET"]}}],"collection":[{"href":"https:\/\/hit-air.de\/tr\/wp-json\/wp\/v2\/product"}],"about":[{"href":"https:\/\/hit-air.de\/tr\/wp-json\/wp\/v2\/types\/product"}],"replies":[{"embeddable":true,"href":"https:\/\/hit-air.de\/tr\/wp-json\/wp\/v2\/comments?post=133636"}],"wp:featuredmedia":[{"embeddable":true,"href":"https:\/\/hit-air.de\/tr\/wp-json\/wp\/v2\/media\/133635"}],"wp:attachment":[{"href":"https:\/\/hit-air.de\/tr\/wp-json\/wp\/v2\/media?parent=133636"}],"wp:term":[{"taxonomy":"product_brand","embeddable":true,"href":"https:\/\/hit-air.de\/tr\/wp-json\/wp\/v2\/product_brand?post=133636"},{"taxonomy":"product_cat","embeddable":true,"href":"https:\/\/hit-air.de\/tr\/wp-json\/wp\/v2\/product_cat?post=133636"},{"taxonomy":"product_tag","embeddable":true,"href":"https:\/\/hit-air.de\/tr\/wp-json\/wp\/v2\/product_tag?post=133636"}],"curies":[{"name":"wp","href":"https:\/\/api.w.org\/{rel}","templated":true}]}}