{"id":11807,"date":"2016-05-26T18:59:23","date_gmt":"2016-05-26T18:59:23","guid":{"rendered":"https:\/\/hit-air.de\/?post_type=product&#038;p=11807"},"modified":"2026-02-16T11:05:52","modified_gmt":"2026-02-16T10:05:52","slug":"kontrol-edin-yikayin-kontrol-ediyoruz-ve-temizliyoruz","status":"publish","type":"product","link":"https:\/\/hit-air.de\/tr\/shop\/zubehor\/check-wash-wir-prufen-und-reinigen\/","title":{"rendered":"Kontrol Et ve Y\u0131ka"},"content":{"rendered":"<p><strong>Hava yast\u0131kl\u0131 yelek incelemesi <\/strong><br \/>\nHit Air ekibi, Hit Air hava yast\u0131\u011f\u0131 \u00fcr\u00fcn\u00fcn\u00fcz\u00fc kontrol etmeyi teklif ediyor. Hava yast\u0131kl\u0131 ceketiniz veya hava yast\u0131kl\u0131 yele\u011finiz, hava yast\u0131\u011f\u0131 \u00e7\u0131kar\u0131ld\u0131ktan sonra teste tabi tutulur ve y\u0131kan\u0131r. <strong>Dieser Service ist nur f\u00fcr die Modelle MCplus, Leo und Equipe m\u00f6glich.\u00a0<\/strong>Alle anderen Modelle k\u00f6nnen zum Check eingesendet werden.<\/p>\n<p>&nbsp;<\/p>\n<p><em><u>\u00dcr\u00fcn detaylar\u0131<\/u><\/em><\/p>\n<p>Hizmetlerin kapsam\u0131 \u015funlar\u0131 i\u00e7erir<\/p>\n<ul>\n<li>Hava yast\u0131\u011f\u0131n\u0131n manuel olarak a\u00e7\u0131lmas\u0131<\/li>\n<li>Hava yast\u0131\u011f\u0131n\u0131 olas\u0131 hasarlara kar\u015f\u0131 kontrol edin<\/li>\n<li>Serbest b\u0131rakma mekanizmas\u0131n\u0131 kontrol edin<\/li>\n<li>Spiral kablonun kontrol edilmesi<\/li>\n<li>Hava yast\u0131\u011f\u0131n\u0131n \u00e7\u0131kar\u0131lmas\u0131<\/li>\n<li>Yelek veya ceketin y\u0131kanmas\u0131<\/li>\n<li>Hava yast\u0131\u011f\u0131n\u0131n yeniden tak\u0131lmas\u0131<\/li>\n<li>Test protokol\u00fc<\/li>\n<li>\u0130ade masraflar\u0131<\/li>\n<\/ul>\n<p><em><u>Sipari\u015f verdikten sonra ne yapmam gerekiyor?<\/u>\u00a0<\/em><\/p>\n<p>Sipari\u015fi tamamlad\u0131ktan sonra l\u00fctfen kontrol edilecek yele\u011fi \u015firket adresimize g\u00f6nderiniz. L\u00fctfen sipari\u015f onay\u0131n\u0131z\u0131 ve t\u00fcm ileti\u015fim bilgilerinizi paketin i\u00e7ine ekleyin. Yele\u011finizi kontrol edip temizledikten sonra size e-posta ile bir iade onay\u0131 g\u00f6nderece\u011fiz ve hava yast\u0131kl\u0131 yele\u011finizi 2-3 i\u015f g\u00fcn\u00fc i\u00e7inde geri alacaks\u0131n\u0131z.<\/p>\n<p><em>\u0130pucu:\u00a0<\/em>\u0130ade masraflar\u0131 dahil oldu\u011fundan, kartu\u015f gibi ek yedek par\u00e7alar\u0131 ayn\u0131 anda sipari\u015f etmeye de\u011fer!<\/p>\n<p>&nbsp;<\/p>\n<p>Hizmet kapsam\u0131, m\u00fcnferit par\u00e7alar\u0131n de\u011fi\u015ftirilmesini i\u00e7ermez. Yedek par\u00e7a gerekiyorsa, sizinle ayr\u0131ca ileti\u015fime ge\u00e7ece\u011fiz.<\/p>\n<p>L\u00fctfen hava yast\u0131\u011f\u0131 \u00fcr\u00fcn\u00fcn\u00fczde bulunan de\u011ferli e\u015fyalar i\u00e7in herhangi bir sorumluluk kabul edemeyece\u011fimizi anlay\u0131n. Bu nedenle, l\u00fctfen bu t\u00fcr e\u015fyalar\u0131 hava yast\u0131\u011f\u0131 \u00fcr\u00fcn\u00fcn\u00fczden \u00e7\u0131kar\u0131n. Sipari\u015f, yaln\u0131zca Genel H\u00fck\u00fcm ve Ko\u015fullar\u0131m\u0131z\u0131n kabul edilmesinden sonra kabul edilecektir.<\/p>","protected":false},"excerpt":{"rendered":"<p>Hit Air ekibi, Hit Air hava yast\u0131\u011f\u0131 \u00fcr\u00fcn\u00fcn\u00fcz\u00fc kontrol etmeyi teklif ediyor. Hava yast\u0131kl\u0131 ceketiniz veya hava yast\u0131kl\u0131 yele\u011finiz, hava yast\u0131\u011f\u0131 \u00e7\u0131kar\u0131ld\u0131ktan sonra teste tabi tutulur ve y\u0131kan\u0131r. <strong>Beachten Sie das dieser Service nicht f\u00fcr alle Modelle verf\u00fcgbar ist!<\/strong><\/p>\n<p>Alle anderen Modelle k\u00f6nnen zum Check eingesendet werden.<\/p>","protected":false},"featured_media":132635,"comment_status":"open","ping_status":"closed","template":"","meta":[],"product_brand":[],"product_cat":[85,86],"product_tag":[163],"class_list":{"0":"post-11807","1":"product","2":"type-product","3":"status-publish","4":"has-post-thumbnail","6":"product_cat-zubehor","7":"product_cat-service","8":"product_tag-waschen-airbag","10":"first","11":"instock","12":"taxable","13":"shipping-taxable","14":"purchasable","15":"product-type-simple"},"yoast_head":"<!-- This site is optimized with the Yoast SEO plugin v27.3 - https:\/\/yoast.com\/product\/yoast-seo-wordpress\/ -->\n<title>Pr\u00fcfung &amp; Reinigung deiner Hit-Air Airbag-West<\/title>\n<meta name=\"description\" content=\"Professioneller Check &amp; Wash Service von Hit-Air: Wir pr\u00fcfen, reinigen und warten deine Airbag-Weste oder Jacke \u2013 inklusive Ausbau &amp; Kontrolle des Airbags. Schnell &amp; zuverl\u00e4ssig.\" \/>\n<meta name=\"robots\" content=\"index, follow, max-snippet:-1, max-image-preview:large, max-video-preview:-1\" \/>\n<link rel=\"canonical\" href=\"https:\/\/hit-air.de\/tr\/duekkan\/aksesuarlar\/kontrol-edin-yikayin-kontrol-ediyoruz-ve-temizliyoruz\/\" \/>\n<meta property=\"og:locale\" content=\"tr_TR\" \/>\n<meta property=\"og:type\" content=\"article\" \/>\n<meta property=\"og:title\" content=\"Pr\u00fcfung &amp; Reinigung deiner Hit-Air Airbag-West\" \/>\n<meta property=\"og:description\" content=\"Professioneller Check &amp; Wash Service von Hit-Air: Wir pr\u00fcfen, reinigen und warten deine Airbag-Weste oder Jacke \u2013 inklusive Ausbau &amp; Kontrolle des Airbags. Schnell &amp; zuverl\u00e4ssig.\" \/>\n<meta property=\"og:url\" content=\"https:\/\/hit-air.de\/tr\/duekkan\/aksesuarlar\/kontrol-edin-yikayin-kontrol-ediyoruz-ve-temizliyoruz\/\" \/>\n<meta property=\"og:site_name\" content=\"HitAir\" \/>\n<meta property=\"article:publisher\" content=\"https:\/\/www.facebook.com\/Hit-Air-Protection-GmbH-270395383008432\/\" \/>\n<meta property=\"article:modified_time\" content=\"2026-02-16T10:05:52+00:00\" \/>\n<meta property=\"og:image\" content=\"https:\/\/hit-air.de\/wp-content\/uploads\/2016\/05\/hitair_-_Check-and-Wash-1.jpg\" \/>\n\t<meta property=\"og:image:width\" content=\"832\" \/>\n\t<meta property=\"og:image:height\" content=\"1014\" \/>\n\t<meta property=\"og:image:type\" content=\"image\/jpeg\" \/>\n<meta name=\"twitter:card\" content=\"summary_large_image\" \/>\n<meta name=\"twitter:label1\" content=\"Tahmini okuma s\u00fcresi\" \/>\n\t<meta name=\"twitter:data1\" content=\"2 dakika\" \/>\n<script type=\"application\/ld+json\" class=\"yoast-schema-graph\">{\"@context\":\"https:\\\/\\\/schema.org\",\"@graph\":[{\"@type\":\"WebPage\",\"@id\":\"https:\\\/\\\/hit-air.de\\\/shop\\\/zubehor\\\/check-wash-wir-prufen-und-reinigen\\\/\",\"url\":\"https:\\\/\\\/hit-air.de\\\/shop\\\/zubehor\\\/check-wash-wir-prufen-und-reinigen\\\/\",\"name\":\"Pr\u00fcfung & Reinigung deiner Hit-Air Airbag-West\",\"isPartOf\":{\"@id\":\"https:\\\/\\\/hit-air.de\\\/#website\"},\"primaryImageOfPage\":{\"@id\":\"https:\\\/\\\/hit-air.de\\\/shop\\\/zubehor\\\/check-wash-wir-prufen-und-reinigen\\\/#primaryimage\"},\"image\":{\"@id\":\"https:\\\/\\\/hit-air.de\\\/shop\\\/zubehor\\\/check-wash-wir-prufen-und-reinigen\\\/#primaryimage\"},\"thumbnailUrl\":\"https:\\\/\\\/hit-air.de\\\/wp-content\\\/uploads\\\/2016\\\/05\\\/hitair_-_Check-and-Wash-1.jpg\",\"datePublished\":\"2016-05-26T18:59:23+00:00\",\"dateModified\":\"2026-02-16T10:05:52+00:00\",\"description\":\"Professioneller Check & Wash Service von Hit-Air: Wir pr\u00fcfen, reinigen und warten deine Airbag-Weste oder Jacke \u2013 inklusive Ausbau & Kontrolle des Airbags. Schnell & zuverl\u00e4ssig.\",\"breadcrumb\":{\"@id\":\"https:\\\/\\\/hit-air.de\\\/shop\\\/zubehor\\\/check-wash-wir-prufen-und-reinigen\\\/#breadcrumb\"},\"inLanguage\":\"tr\",\"potentialAction\":[{\"@type\":\"ReadAction\",\"target\":[\"https:\\\/\\\/hit-air.de\\\/shop\\\/zubehor\\\/check-wash-wir-prufen-und-reinigen\\\/\"]}]},{\"@type\":\"ImageObject\",\"inLanguage\":\"tr\",\"@id\":\"https:\\\/\\\/hit-air.de\\\/shop\\\/zubehor\\\/check-wash-wir-prufen-und-reinigen\\\/#primaryimage\",\"url\":\"https:\\\/\\\/hit-air.de\\\/wp-content\\\/uploads\\\/2016\\\/05\\\/hitair_-_Check-and-Wash-1.jpg\",\"contentUrl\":\"https:\\\/\\\/hit-air.de\\\/wp-content\\\/uploads\\\/2016\\\/05\\\/hitair_-_Check-and-Wash-1.jpg\",\"width\":832,\"height\":1014},{\"@type\":\"BreadcrumbList\",\"@id\":\"https:\\\/\\\/hit-air.de\\\/shop\\\/zubehor\\\/check-wash-wir-prufen-und-reinigen\\\/#breadcrumb\",\"itemListElement\":[{\"@type\":\"ListItem\",\"position\":1,\"name\":\"Home\",\"item\":\"https:\\\/\\\/hit-air.de\\\/\"},{\"@type\":\"ListItem\",\"position\":2,\"name\":\"Shop\",\"item\":\"https:\\\/\\\/hit-air.de\\\/shop\\\/\"},{\"@type\":\"ListItem\",\"position\":3,\"name\":\"Check &#038; Wash\"}]},{\"@type\":\"WebSite\",\"@id\":\"https:\\\/\\\/hit-air.de\\\/#website\",\"url\":\"https:\\\/\\\/hit-air.de\\\/\",\"name\":\"HitAir\",\"description\":\"Air-Bag System\",\"publisher\":{\"@id\":\"https:\\\/\\\/hit-air.de\\\/#organization\"},\"potentialAction\":[{\"@type\":\"SearchAction\",\"target\":{\"@type\":\"EntryPoint\",\"urlTemplate\":\"https:\\\/\\\/hit-air.de\\\/?s={search_term_string}\"},\"query-input\":{\"@type\":\"PropertyValueSpecification\",\"valueRequired\":true,\"valueName\":\"search_term_string\"}}],\"inLanguage\":\"tr\"},{\"@type\":\"Organization\",\"@id\":\"https:\\\/\\\/hit-air.de\\\/#organization\",\"name\":\"Hit Air\",\"url\":\"https:\\\/\\\/hit-air.de\\\/\",\"logo\":{\"@type\":\"ImageObject\",\"inLanguage\":\"tr\",\"@id\":\"https:\\\/\\\/hit-air.de\\\/#\\\/schema\\\/logo\\\/image\\\/\",\"url\":\"https:\\\/\\\/hit-air.de\\\/wp-content\\\/uploads\\\/2016\\\/05\\\/hitair-logo-quer_dark.png\",\"contentUrl\":\"https:\\\/\\\/hit-air.de\\\/wp-content\\\/uploads\\\/2016\\\/05\\\/hitair-logo-quer_dark.png\",\"width\":616,\"height\":149,\"caption\":\"Hit Air\"},\"image\":{\"@id\":\"https:\\\/\\\/hit-air.de\\\/#\\\/schema\\\/logo\\\/image\\\/\"},\"sameAs\":[\"https:\\\/\\\/www.facebook.com\\\/Hit-Air-Protection-GmbH-270395383008432\\\/\"]}]}<\/script>\n<!-- \/ Yoast SEO plugin. -->","yoast_head_json":{"title":"Hit-Air Hava Yast\u0131\u011f\u0131-West'in kontrol edilmesi ve temizlenmesi","description":"Hit-Air'den profesyonel kontrol ve y\u0131kama hizmeti: Hava yast\u0131kl\u0131 yelek veya ceketinizi kontrol ediyor, temizliyor ve bak\u0131m\u0131n\u0131 yap\u0131yoruz - hava yast\u0131\u011f\u0131n\u0131 \u00e7\u0131karmak ve kontrol etmek dahil. H\u0131zl\u0131 ve g\u00fcvenilir.","robots":{"index":"index","follow":"follow","max-snippet":"max-snippet:-1","max-image-preview":"max-image-preview:large","max-video-preview":"max-video-preview:-1"},"canonical":"https:\/\/hit-air.de\/tr\/duekkan\/aksesuarlar\/kontrol-edin-yikayin-kontrol-ediyoruz-ve-temizliyoruz\/","og_locale":"tr_TR","og_type":"article","og_title":"Pr\u00fcfung & Reinigung deiner Hit-Air Airbag-West","og_description":"Professioneller Check & Wash Service von Hit-Air: Wir pr\u00fcfen, reinigen und warten deine Airbag-Weste oder Jacke \u2013 inklusive Ausbau & Kontrolle des Airbags. Schnell & zuverl\u00e4ssig.","og_url":"https:\/\/hit-air.de\/tr\/duekkan\/aksesuarlar\/kontrol-edin-yikayin-kontrol-ediyoruz-ve-temizliyoruz\/","og_site_name":"HitAir","article_publisher":"https:\/\/www.facebook.com\/Hit-Air-Protection-GmbH-270395383008432\/","article_modified_time":"2026-02-16T10:05:52+00:00","og_image":[{"width":832,"height":1014,"url":"https:\/\/hit-air.de\/wp-content\/uploads\/2016\/05\/hitair_-_Check-and-Wash-1.jpg","type":"image\/jpeg"}],"twitter_card":"summary_large_image","twitter_misc":{"Tahmini okuma s\u00fcresi":"2 dakika"},"schema":{"@context":"https:\/\/schema.org","@graph":[{"@type":"WebPage","@id":"https:\/\/hit-air.de\/shop\/zubehor\/check-wash-wir-prufen-und-reinigen\/","url":"https:\/\/hit-air.de\/shop\/zubehor\/check-wash-wir-prufen-und-reinigen\/","name":"Hit-Air Hava Yast\u0131\u011f\u0131-West'in kontrol edilmesi ve temizlenmesi","isPartOf":{"@id":"https:\/\/hit-air.de\/#website"},"primaryImageOfPage":{"@id":"https:\/\/hit-air.de\/shop\/zubehor\/check-wash-wir-prufen-und-reinigen\/#primaryimage"},"image":{"@id":"https:\/\/hit-air.de\/shop\/zubehor\/check-wash-wir-prufen-und-reinigen\/#primaryimage"},"thumbnailUrl":"https:\/\/hit-air.de\/wp-content\/uploads\/2016\/05\/hitair_-_Check-and-Wash-1.jpg","datePublished":"2016-05-26T18:59:23+00:00","dateModified":"2026-02-16T10:05:52+00:00","description":"Hit-Air'den profesyonel kontrol ve y\u0131kama hizmeti: Hava yast\u0131kl\u0131 yelek veya ceketinizi kontrol ediyor, temizliyor ve bak\u0131m\u0131n\u0131 yap\u0131yoruz - hava yast\u0131\u011f\u0131n\u0131 \u00e7\u0131karmak ve kontrol etmek dahil. H\u0131zl\u0131 ve g\u00fcvenilir.","breadcrumb":{"@id":"https:\/\/hit-air.de\/shop\/zubehor\/check-wash-wir-prufen-und-reinigen\/#breadcrumb"},"inLanguage":"tr","potentialAction":[{"@type":"ReadAction","target":["https:\/\/hit-air.de\/shop\/zubehor\/check-wash-wir-prufen-und-reinigen\/"]}]},{"@type":"ImageObject","inLanguage":"tr","@id":"https:\/\/hit-air.de\/shop\/zubehor\/check-wash-wir-prufen-und-reinigen\/#primaryimage","url":"https:\/\/hit-air.de\/wp-content\/uploads\/2016\/05\/hitair_-_Check-and-Wash-1.jpg","contentUrl":"https:\/\/hit-air.de\/wp-content\/uploads\/2016\/05\/hitair_-_Check-and-Wash-1.jpg","width":832,"height":1014},{"@type":"BreadcrumbList","@id":"https:\/\/hit-air.de\/shop\/zubehor\/check-wash-wir-prufen-und-reinigen\/#breadcrumb","itemListElement":[{"@type":"ListItem","position":1,"name":"Home","item":"https:\/\/hit-air.de\/"},{"@type":"ListItem","position":2,"name":"Shop","item":"https:\/\/hit-air.de\/shop\/"},{"@type":"ListItem","position":3,"name":"Check &#038; Wash"}]},{"@type":"WebSite","@id":"https:\/\/hit-air.de\/#website","url":"https:\/\/hit-air.de\/","name":"HitAir","description":"Hava Yast\u0131\u011f\u0131 Sistemi","publisher":{"@id":"https:\/\/hit-air.de\/#organization"},"potentialAction":[{"@type":"SearchAction","target":{"@type":"EntryPoint","urlTemplate":"https:\/\/hit-air.de\/?s={search_term_string}"},"query-input":{"@type":"PropertyValueSpecification","valueRequired":true,"valueName":"search_term_string"}}],"inLanguage":"tr"},{"@type":"Organization","@id":"https:\/\/hit-air.de\/#organization","name":"Hava Vuru\u015fu","url":"https:\/\/hit-air.de\/","logo":{"@type":"ImageObject","inLanguage":"tr","@id":"https:\/\/hit-air.de\/#\/schema\/logo\/image\/","url":"https:\/\/hit-air.de\/wp-content\/uploads\/2016\/05\/hitair-logo-quer_dark.png","contentUrl":"https:\/\/hit-air.de\/wp-content\/uploads\/2016\/05\/hitair-logo-quer_dark.png","width":616,"height":149,"caption":"Hit Air"},"image":{"@id":"https:\/\/hit-air.de\/#\/schema\/logo\/image\/"},"sameAs":["https:\/\/www.facebook.com\/Hit-Air-Protection-GmbH-270395383008432\/"]}]}},"_links":{"self":[{"href":"https:\/\/hit-air.de\/tr\/wp-json\/wp\/v2\/product\/11807","targetHints":{"allow":["GET"]}}],"collection":[{"href":"https:\/\/hit-air.de\/tr\/wp-json\/wp\/v2\/product"}],"about":[{"href":"https:\/\/hit-air.de\/tr\/wp-json\/wp\/v2\/types\/product"}],"replies":[{"embeddable":true,"href":"https:\/\/hit-air.de\/tr\/wp-json\/wp\/v2\/comments?post=11807"}],"wp:featuredmedia":[{"embeddable":true,"href":"https:\/\/hit-air.de\/tr\/wp-json\/wp\/v2\/media\/132635"}],"wp:attachment":[{"href":"https:\/\/hit-air.de\/tr\/wp-json\/wp\/v2\/media?parent=11807"}],"wp:term":[{"taxonomy":"product_brand","embeddable":true,"href":"https:\/\/hit-air.de\/tr\/wp-json\/wp\/v2\/product_brand?post=11807"},{"taxonomy":"product_cat","embeddable":true,"href":"https:\/\/hit-air.de\/tr\/wp-json\/wp\/v2\/product_cat?post=11807"},{"taxonomy":"product_tag","embeddable":true,"href":"https:\/\/hit-air.de\/tr\/wp-json\/wp\/v2\/product_tag?post=11807"}],"curies":[{"name":"wp","href":"https:\/\/api.w.org\/{rel}","templated":true}]}}