{"id":132665,"date":"2025-11-07T12:40:48","date_gmt":"2025-11-07T11:40:48","guid":{"rendered":"https:\/\/hit-air.de\/?page_id=132665"},"modified":"2025-11-26T15:14:39","modified_gmt":"2025-11-26T14:14:39","slug":"bu-da-vurus-havasi-lehine-konusuyor","status":"publish","type":"page","link":"https:\/\/hit-air.de\/tr\/das-spricht-fuer-hit-air\/","title":{"rendered":"Bu Hit Air'in lehine konu\u015fuyor."},"content":{"rendered":"<div data-elementor-type=\"wp-page\" data-elementor-id=\"132665\" class=\"elementor elementor-132665\">\n\t\t\t\t<div class=\"elementor-element elementor-element-bc93b94 e-con-full e-flex e-con e-parent\" data-id=\"bc93b94\" data-element_type=\"container\" data-e-type=\"container\">\n\t\t<div class=\"elementor-element elementor-element-ed85cb5 e-con-full e-flex e-con e-child\" data-id=\"ed85cb5\" data-element_type=\"container\" data-e-type=\"container\">\n\t\t<div class=\"elementor-element elementor-element-40016a2 e-con-full e-flex e-con e-child\" data-id=\"40016a2\" data-element_type=\"container\" data-e-type=\"container\">\n\t\t<div class=\"elementor-element elementor-element-9f5d106 e-con-full e-flex e-con e-child\" data-id=\"9f5d106\" data-element_type=\"container\" data-e-type=\"container\">\n\t\t<div class=\"elementor-element elementor-element-53a9131 e-con-full e-flex e-con e-child\" data-id=\"53a9131\" data-element_type=\"container\" data-e-type=\"container\">\n\t\t\t\t<div class=\"elementor-element elementor-element-aa9f22c elementor-widget elementor-widget-heading\" data-id=\"aa9f22c\" data-element_type=\"widget\" data-e-type=\"widget\" data-widget_type=\"heading.default\">\n\t\t\t\t\t<h1 class=\"elementor-heading-title elementor-size-default\">BU HIT HAVA I\u00c7IN KONU\u015eUYOR<\/br>\nBI\u0307R BAKI\u015eTA \u00dcR\u00dcN AVANTAJLARI\n<\/h1>\t\t\t\t<\/div>\n\t\t\t\t<\/div>\n\t\t\t\t<\/div>\n\t\t\t\t<div class=\"elementor-element elementor-element-74e4311 elementor-widget elementor-widget-text-editor\" data-id=\"74e4311\" data-element_type=\"widget\" data-e-type=\"widget\" data-widget_type=\"text-editor.default\">\n\t\t\t\t\t\t\t\t\t<p><span style=\"color: red;\"><strong>Hit Air-Extra'n\u0131z: <\/strong><\/span><\/p><p><span style=\"font-weight: 400;\">Bu <strong>boyun VE pelvik b\u00f6lgede katlanabilir hava yast\u0131\u011f\u0131 yast\u0131klar\u0131<\/strong> \u00f6zellikle t\u0131p uzmanlar\u0131 taraf\u0131ndan \u00f6v\u00fclmektedir!<\/span><\/p><p><span style=\"font-weight: 400;\">Uzun y\u0131llar s\u00fcren yo\u011fun geli\u015ftirme \u00e7al\u0131\u015fmalar\u0131 - laboratuvarda mankenlerle ve deneyimli dubl\u00f6rlerle<\/span><\/p><p><span style=\"font-weight: 400;\">D\u00fc\u015fme durumunda k\u0131r\u0131k kemikler, organ hasar\u0131, omurga yaralanmalar\u0131 veya beyin sars\u0131nt\u0131lar\u0131 a\u00e7\u0131s\u0131ndan \u00f6nemli risk azalt\u0131m\u0131. <\/span><span style=\"font-weight: 400;\">V\u00fccut \u00fczerindeki darbe enerjisi \u00f6nemli \u00f6l\u00e7\u00fcde azalt\u0131l\u0131r<\/span><\/p><p><span style=\"font-weight: 400;\">Spiral kablolu ve CO2 kartu\u015flu mekanik tetik. <\/span><span style=\"font-weight: 400;\">Sistem saniyeden k\u0131sa bir s\u00fcre i\u00e7inde kendini etkinle\u015ftirir.<\/span><\/p><p><span style=\"text-decoration: underline;\"><span style=\"font-weight: 400;\">Mekanik avantajlar<\/span><\/span><\/p><p><span style=\"font-weight: 400;\">- At ve binicinin hareketinden rahats\u0131z olabilecek hassas sens\u00f6r teknolojisi yok<\/span><\/p><p><span style=\"font-weight: 400;\">- Pil veya \u015farj gerektirmez, bu nedenle acil bir durumda her zaman kullan\u0131ma haz\u0131rd\u0131r<\/span><\/p><p><span style=\"font-weight: 400;\">- A\u00e7\u0131ld\u0131ktan sonra sistem evde kolay ve ucuz bir \u015fekilde onar\u0131labilir<\/span><\/p><p><span style=\"font-weight: 400;\">Hit Air \u00fcr\u00fcn \u00e7e\u015fitlili\u011fi: modaya uygun hafif modelden ek pasif koruyuculara sahip en g\u00fcvenli hava yast\u0131kl\u0131 yele\u011fe kadar\u00a0<\/span><\/p><p><span style=\"font-weight: 400;\">Basit bir \u015fekilde<strong> Ayar kay\u0131\u015flar\u0131<\/strong> bireysel olarak \u00f6zelle\u015ftirilebilir ve her gard\u0131ropla giyilebilir - bu nedenle \u00e7ok <strong>yaz VE k\u0131\u015f aylar\u0131nda karma\u015f\u0131k olmayan<\/strong><\/span><\/p><p><span style=\"font-weight: 400;\">Motosiklet sporlar\u0131ndan dayan\u0131kl\u0131, sa\u011flam malzemelere (XC ve Guardian) ra\u011fmen s\u00fcr\u00fc\u015f s\u0131ras\u0131nda maksimum hareket \u00f6zg\u00fcrl\u00fc\u011f\u00fc - softshell yok<\/span><\/p><p><span style=\"text-decoration: underline;\"><span style=\"font-weight: 400;\">\u015eirket Hit Air Protection GmbH:<\/span><\/span><\/p><p><span style=\"font-weight: 400;\">Almanya'da yerle\u015fik oldu\u011fumuz i\u00e7in m\u00fc\u015fterilerimize h\u0131zl\u0131 ve kolay bir \u015fekilde yard\u0131mc\u0131 olabiliyoruz ve onlara uzun y\u0131llard\u0131r tavsiye ve destek sa\u011fl\u0131yoruz. Ayr\u0131ca bizden \u00e7evrimi\u00e7i olarak aksesuar sipari\u015f edebilir ve hizmetleri kontrol edebilirsiniz.<\/span><\/p><p><span style=\"font-weight: 400;\">Emniyetsiz kazalara kar\u0131\u015fan bir\u00e7ok s\u00fcr\u00fcc\u00fc Hit Air hava yast\u0131\u011f\u0131 sistemine ge\u00e7meye ikna oldu<\/span><\/p><p><span style=\"font-weight: 400;\">\u00a0<\/span><\/p>\t\t\t\t\t\t\t\t<\/div>\n\t\t\t\t<\/div>\n\t\t<div class=\"elementor-element elementor-element-75a86f3 e-con-full e-flex e-con e-child\" data-id=\"75a86f3\" data-element_type=\"container\" data-e-type=\"container\">\n\t\t\t\t<div class=\"elementor-element elementor-element-cea0264 elementor-widget elementor-widget-image\" data-id=\"cea0264\" data-element_type=\"widget\" data-e-type=\"widget\" data-widget_type=\"image.default\">\n\t\t\t\t\t\t\t\t\t\t\t\t\t\t\t<img fetchpriority=\"high\" decoding=\"async\" width=\"1833\" height=\"1944\" src=\"https:\/\/hit-air.de\/wp-content\/uploads\/2025\/11\/Hit-Air__1.jpg\" class=\"attachment-full size-full wp-image-132778\" alt=\"\" srcset=\"https:\/\/hit-air.de\/wp-content\/uploads\/2025\/11\/Hit-Air__1.jpg 1833w, https:\/\/hit-air.de\/wp-content\/uploads\/2025\/11\/Hit-Air__1-283x300.jpg 283w, https:\/\/hit-air.de\/wp-content\/uploads\/2025\/11\/Hit-Air__1-966x1024.jpg 966w, https:\/\/hit-air.de\/wp-content\/uploads\/2025\/11\/Hit-Air__1-768x815.jpg 768w, https:\/\/hit-air.de\/wp-content\/uploads\/2025\/11\/Hit-Air__1-1448x1536.jpg 1448w, https:\/\/hit-air.de\/wp-content\/uploads\/2025\/11\/Hit-Air__1-11x12.jpg 11w, https:\/\/hit-air.de\/wp-content\/uploads\/2025\/11\/Hit-Air__1-400x424.jpg 400w\" sizes=\"(max-width: 1833px) 100vw, 1833px\" \/>\t\t\t\t\t\t\t\t\t\t\t\t\t\t\t<\/div>\n\t\t\t\t<\/div>\n\t\t\t\t<\/div>\n\t\t\t\t<\/div>\n\t\t\t\t<\/div>","protected":false},"excerpt":{"rendered":"<p>DAS SPRICHT F\u00dcR HIT AIR PRODUKTVORTEILE AUF EINEN BLICK Ihr Hit Air-Extra: Die ausklappbaren Airbagkissen im Hals- UND Beckenbereich werden von Fach\u00e4rzten besonders gelobt! Intensive und langj\u00e4hrige Entwicklungsarbeit \u2013 im Labor mit Dummies und mit erfahrenen Stuntmen Deutliche Risikominderungen bei einem Sturz \u2013 in Bezug auf Knochenbr\u00fcche, Organsch\u00e4den, Wirbels\u00e4ulenverletzungen oder Gehirnersch\u00fctterungen. Die Aufprallenergie auf den [&hellip;]<\/p>\n","protected":false},"author":3,"featured_media":0,"parent":0,"menu_order":0,"comment_status":"closed","ping_status":"closed","template":"elementor_header_footer","meta":{"footnotes":""},"class_list":["post-132665","page","type-page","status-publish","hentry"],"yoast_head":"<!-- This site is optimized with the Yoast SEO plugin v27.3 - https:\/\/yoast.com\/product\/yoast-seo-wordpress\/ -->\n<title>Hit Air \u2013 Airbag-Westen f\u00fcr Reiter | Schutz f\u00fcr Hals &amp; Becken<\/title>\n<meta name=\"description\" content=\"Hit Air-Airbagwesten sch\u00fctzen Hals und Becken mit einem mechanischen System \u2013 ohne Batterie. Erprobt seit 1999. Zubeh\u00f6r &amp; Check-Service online bestellen.\" \/>\n<meta name=\"robots\" content=\"index, follow, max-snippet:-1, max-image-preview:large, max-video-preview:-1\" \/>\n<link rel=\"canonical\" href=\"https:\/\/hit-air.de\/tr\/bu-da-vurus-havasi-lehine-konusuyor\/\" \/>\n<meta property=\"og:locale\" content=\"tr_TR\" \/>\n<meta property=\"og:type\" content=\"article\" \/>\n<meta property=\"og:title\" content=\"Hit Air \u2013 Airbag-Westen f\u00fcr Reiter | Schutz f\u00fcr Hals &amp; Becken\" \/>\n<meta property=\"og:description\" content=\"Hit Air-Airbagwesten sch\u00fctzen Hals und Becken mit einem mechanischen System \u2013 ohne Batterie. Erprobt seit 1999. Zubeh\u00f6r &amp; Check-Service online bestellen.\" \/>\n<meta property=\"og:url\" content=\"https:\/\/hit-air.de\/tr\/bu-da-vurus-havasi-lehine-konusuyor\/\" \/>\n<meta property=\"og:site_name\" content=\"HitAir\" \/>\n<meta property=\"article:publisher\" content=\"https:\/\/www.facebook.com\/Hit-Air-Protection-GmbH-270395383008432\/\" \/>\n<meta property=\"article:modified_time\" content=\"2025-11-26T14:14:39+00:00\" \/>\n<meta property=\"og:image\" content=\"https:\/\/hit-air.de\/wp-content\/uploads\/2025\/11\/Hit-Air__1.jpg\" \/>\n\t<meta property=\"og:image:width\" content=\"1833\" \/>\n\t<meta property=\"og:image:height\" content=\"1944\" \/>\n\t<meta property=\"og:image:type\" content=\"image\/jpeg\" \/>\n<meta name=\"twitter:card\" content=\"summary_large_image\" \/>\n<meta name=\"twitter:label1\" content=\"Tahmini okuma s\u00fcresi\" \/>\n\t<meta name=\"twitter:data1\" content=\"2 dakika\" \/>\n<script type=\"application\/ld+json\" class=\"yoast-schema-graph\">{\"@context\":\"https:\\\/\\\/schema.org\",\"@graph\":[{\"@type\":\"WebPage\",\"@id\":\"https:\\\/\\\/hit-air.de\\\/das-spricht-fuer-hit-air\\\/\",\"url\":\"https:\\\/\\\/hit-air.de\\\/das-spricht-fuer-hit-air\\\/\",\"name\":\"Hit Air \u2013 Airbag-Westen f\u00fcr Reiter | Schutz f\u00fcr Hals & Becken\",\"isPartOf\":{\"@id\":\"https:\\\/\\\/hit-air.de\\\/#website\"},\"primaryImageOfPage\":{\"@id\":\"https:\\\/\\\/hit-air.de\\\/das-spricht-fuer-hit-air\\\/#primaryimage\"},\"image\":{\"@id\":\"https:\\\/\\\/hit-air.de\\\/das-spricht-fuer-hit-air\\\/#primaryimage\"},\"thumbnailUrl\":\"https:\\\/\\\/hit-air.de\\\/wp-content\\\/uploads\\\/2025\\\/11\\\/Hit-Air__1.jpg\",\"datePublished\":\"2025-11-07T11:40:48+00:00\",\"dateModified\":\"2025-11-26T14:14:39+00:00\",\"description\":\"Hit Air-Airbagwesten sch\u00fctzen Hals und Becken mit einem mechanischen System \u2013 ohne Batterie. Erprobt seit 1999. Zubeh\u00f6r & Check-Service online bestellen.\",\"breadcrumb\":{\"@id\":\"https:\\\/\\\/hit-air.de\\\/das-spricht-fuer-hit-air\\\/#breadcrumb\"},\"inLanguage\":\"tr\",\"potentialAction\":[{\"@type\":\"ReadAction\",\"target\":[\"https:\\\/\\\/hit-air.de\\\/das-spricht-fuer-hit-air\\\/\"]}]},{\"@type\":\"ImageObject\",\"inLanguage\":\"tr\",\"@id\":\"https:\\\/\\\/hit-air.de\\\/das-spricht-fuer-hit-air\\\/#primaryimage\",\"url\":\"https:\\\/\\\/hit-air.de\\\/wp-content\\\/uploads\\\/2025\\\/11\\\/Hit-Air__1.jpg\",\"contentUrl\":\"https:\\\/\\\/hit-air.de\\\/wp-content\\\/uploads\\\/2025\\\/11\\\/Hit-Air__1.jpg\"},{\"@type\":\"BreadcrumbList\",\"@id\":\"https:\\\/\\\/hit-air.de\\\/das-spricht-fuer-hit-air\\\/#breadcrumb\",\"itemListElement\":[{\"@type\":\"ListItem\",\"position\":1,\"name\":\"Home\",\"item\":\"https:\\\/\\\/hit-air.de\\\/\"},{\"@type\":\"ListItem\",\"position\":2,\"name\":\"Das spricht f\u00fcr Hit Air\"}]},{\"@type\":\"WebSite\",\"@id\":\"https:\\\/\\\/hit-air.de\\\/#website\",\"url\":\"https:\\\/\\\/hit-air.de\\\/\",\"name\":\"HitAir\",\"description\":\"Air-Bag System\",\"publisher\":{\"@id\":\"https:\\\/\\\/hit-air.de\\\/#organization\"},\"potentialAction\":[{\"@type\":\"SearchAction\",\"target\":{\"@type\":\"EntryPoint\",\"urlTemplate\":\"https:\\\/\\\/hit-air.de\\\/?s={search_term_string}\"},\"query-input\":{\"@type\":\"PropertyValueSpecification\",\"valueRequired\":true,\"valueName\":\"search_term_string\"}}],\"inLanguage\":\"tr\"},{\"@type\":\"Organization\",\"@id\":\"https:\\\/\\\/hit-air.de\\\/#organization\",\"name\":\"Hit Air\",\"url\":\"https:\\\/\\\/hit-air.de\\\/\",\"logo\":{\"@type\":\"ImageObject\",\"inLanguage\":\"tr\",\"@id\":\"https:\\\/\\\/hit-air.de\\\/#\\\/schema\\\/logo\\\/image\\\/\",\"url\":\"https:\\\/\\\/hit-air.de\\\/wp-content\\\/uploads\\\/2016\\\/05\\\/hitair-logo-quer_dark.png\",\"contentUrl\":\"https:\\\/\\\/hit-air.de\\\/wp-content\\\/uploads\\\/2016\\\/05\\\/hitair-logo-quer_dark.png\",\"width\":616,\"height\":149,\"caption\":\"Hit Air\"},\"image\":{\"@id\":\"https:\\\/\\\/hit-air.de\\\/#\\\/schema\\\/logo\\\/image\\\/\"},\"sameAs\":[\"https:\\\/\\\/www.facebook.com\\\/Hit-Air-Protection-GmbH-270395383008432\\\/\"]}]}<\/script>\n<!-- \/ Yoast SEO plugin. -->","yoast_head_json":{"title":"Hit Air - S\u00fcr\u00fcc\u00fcler i\u00e7in hava yast\u0131kl\u0131 yelekler | boyun ve pelvis i\u00e7in koruma","description":"Hit Air hava yast\u0131kl\u0131 yelekler boyun ve pelvisi mekanik bir sistemle korur - ak\u00fc olmadan. 1999'dan beri denenmi\u015f ve test edilmi\u015ftir. Aksesuar sipari\u015fi verin ve servisi \u00e7evrimi\u00e7i kontrol edin.","robots":{"index":"index","follow":"follow","max-snippet":"max-snippet:-1","max-image-preview":"max-image-preview:large","max-video-preview":"max-video-preview:-1"},"canonical":"https:\/\/hit-air.de\/tr\/bu-da-vurus-havasi-lehine-konusuyor\/","og_locale":"tr_TR","og_type":"article","og_title":"Hit Air \u2013 Airbag-Westen f\u00fcr Reiter | Schutz f\u00fcr Hals & Becken","og_description":"Hit Air-Airbagwesten sch\u00fctzen Hals und Becken mit einem mechanischen System \u2013 ohne Batterie. Erprobt seit 1999. Zubeh\u00f6r & Check-Service online bestellen.","og_url":"https:\/\/hit-air.de\/tr\/bu-da-vurus-havasi-lehine-konusuyor\/","og_site_name":"HitAir","article_publisher":"https:\/\/www.facebook.com\/Hit-Air-Protection-GmbH-270395383008432\/","article_modified_time":"2025-11-26T14:14:39+00:00","og_image":[{"width":1833,"height":1944,"url":"https:\/\/hit-air.de\/wp-content\/uploads\/2025\/11\/Hit-Air__1.jpg","type":"image\/jpeg"}],"twitter_card":"summary_large_image","twitter_misc":{"Tahmini okuma s\u00fcresi":"2 dakika"},"schema":{"@context":"https:\/\/schema.org","@graph":[{"@type":"WebPage","@id":"https:\/\/hit-air.de\/das-spricht-fuer-hit-air\/","url":"https:\/\/hit-air.de\/das-spricht-fuer-hit-air\/","name":"Hit Air - S\u00fcr\u00fcc\u00fcler i\u00e7in hava yast\u0131kl\u0131 yelekler | boyun ve pelvis i\u00e7in koruma","isPartOf":{"@id":"https:\/\/hit-air.de\/#website"},"primaryImageOfPage":{"@id":"https:\/\/hit-air.de\/das-spricht-fuer-hit-air\/#primaryimage"},"image":{"@id":"https:\/\/hit-air.de\/das-spricht-fuer-hit-air\/#primaryimage"},"thumbnailUrl":"https:\/\/hit-air.de\/wp-content\/uploads\/2025\/11\/Hit-Air__1.jpg","datePublished":"2025-11-07T11:40:48+00:00","dateModified":"2025-11-26T14:14:39+00:00","description":"Hit Air hava yast\u0131kl\u0131 yelekler boyun ve pelvisi mekanik bir sistemle korur - ak\u00fc olmadan. 1999'dan beri denenmi\u015f ve test edilmi\u015ftir. Aksesuar sipari\u015fi verin ve servisi \u00e7evrimi\u00e7i kontrol edin.","breadcrumb":{"@id":"https:\/\/hit-air.de\/das-spricht-fuer-hit-air\/#breadcrumb"},"inLanguage":"tr","potentialAction":[{"@type":"ReadAction","target":["https:\/\/hit-air.de\/das-spricht-fuer-hit-air\/"]}]},{"@type":"ImageObject","inLanguage":"tr","@id":"https:\/\/hit-air.de\/das-spricht-fuer-hit-air\/#primaryimage","url":"https:\/\/hit-air.de\/wp-content\/uploads\/2025\/11\/Hit-Air__1.jpg","contentUrl":"https:\/\/hit-air.de\/wp-content\/uploads\/2025\/11\/Hit-Air__1.jpg"},{"@type":"BreadcrumbList","@id":"https:\/\/hit-air.de\/das-spricht-fuer-hit-air\/#breadcrumb","itemListElement":[{"@type":"ListItem","position":1,"name":"Home","item":"https:\/\/hit-air.de\/"},{"@type":"ListItem","position":2,"name":"Das spricht f\u00fcr Hit Air"}]},{"@type":"WebSite","@id":"https:\/\/hit-air.de\/#website","url":"https:\/\/hit-air.de\/","name":"HitAir","description":"Hava Yast\u0131\u011f\u0131 Sistemi","publisher":{"@id":"https:\/\/hit-air.de\/#organization"},"potentialAction":[{"@type":"SearchAction","target":{"@type":"EntryPoint","urlTemplate":"https:\/\/hit-air.de\/?s={search_term_string}"},"query-input":{"@type":"PropertyValueSpecification","valueRequired":true,"valueName":"search_term_string"}}],"inLanguage":"tr"},{"@type":"Organization","@id":"https:\/\/hit-air.de\/#organization","name":"Hava Vuru\u015fu","url":"https:\/\/hit-air.de\/","logo":{"@type":"ImageObject","inLanguage":"tr","@id":"https:\/\/hit-air.de\/#\/schema\/logo\/image\/","url":"https:\/\/hit-air.de\/wp-content\/uploads\/2016\/05\/hitair-logo-quer_dark.png","contentUrl":"https:\/\/hit-air.de\/wp-content\/uploads\/2016\/05\/hitair-logo-quer_dark.png","width":616,"height":149,"caption":"Hit Air"},"image":{"@id":"https:\/\/hit-air.de\/#\/schema\/logo\/image\/"},"sameAs":["https:\/\/www.facebook.com\/Hit-Air-Protection-GmbH-270395383008432\/"]}]}},"_links":{"self":[{"href":"https:\/\/hit-air.de\/tr\/wp-json\/wp\/v2\/pages\/132665","targetHints":{"allow":["GET"]}}],"collection":[{"href":"https:\/\/hit-air.de\/tr\/wp-json\/wp\/v2\/pages"}],"about":[{"href":"https:\/\/hit-air.de\/tr\/wp-json\/wp\/v2\/types\/page"}],"author":[{"embeddable":true,"href":"https:\/\/hit-air.de\/tr\/wp-json\/wp\/v2\/users\/3"}],"replies":[{"embeddable":true,"href":"https:\/\/hit-air.de\/tr\/wp-json\/wp\/v2\/comments?post=132665"}],"version-history":[{"count":34,"href":"https:\/\/hit-air.de\/tr\/wp-json\/wp\/v2\/pages\/132665\/revisions"}],"predecessor-version":[{"id":132840,"href":"https:\/\/hit-air.de\/tr\/wp-json\/wp\/v2\/pages\/132665\/revisions\/132840"}],"wp:attachment":[{"href":"https:\/\/hit-air.de\/tr\/wp-json\/wp\/v2\/media?parent=132665"}],"curies":[{"name":"wp","href":"https:\/\/api.w.org\/{rel}","templated":true}]}}