{"id":11821,"date":"2016-05-26T19:43:00","date_gmt":"2016-05-26T19:43:00","guid":{"rendered":"https:\/\/hit-air.de\/?page_id=11821"},"modified":"2025-10-14T12:35:38","modified_gmt":"2025-10-14T11:35:38","slug":"iletisim","status":"publish","type":"page","link":"https:\/\/hit-air.de\/tr\/kontakt\/","title":{"rendered":"Bize ula\u015f\u0131n"},"content":{"rendered":"<div data-elementor-type=\"wp-page\" data-elementor-id=\"11821\" class=\"elementor elementor-11821\">\n\t\t\t\t<div class=\"elementor-element elementor-element-c02bba1 e-flex e-con-boxed e-con e-parent\" data-id=\"c02bba1\" data-element_type=\"container\" data-e-type=\"container\">\n\t\t\t\t\t<div class=\"e-con-inner\">\n\t\t<div class=\"elementor-element elementor-element-3d04dca5 e-con-full e-flex e-con e-child\" data-id=\"3d04dca5\" data-element_type=\"container\" data-e-type=\"container\">\n\t\t<div class=\"elementor-element elementor-element-3752101c e-con-full e-flex e-con e-child\" data-id=\"3752101c\" data-element_type=\"container\" data-e-type=\"container\">\n\t\t<div class=\"elementor-element elementor-element-3ff49dfc e-con-full e-flex e-con e-child\" data-id=\"3ff49dfc\" data-element_type=\"container\" data-e-type=\"container\">\n\t\t<div class=\"elementor-element elementor-element-4f964a28 e-con-full e-flex e-con e-child\" data-id=\"4f964a28\" data-element_type=\"container\" data-e-type=\"container\">\n\t\t<div class=\"elementor-element elementor-element-350a54e6 e-con-full e-flex e-con e-child\" data-id=\"350a54e6\" data-element_type=\"container\" data-e-type=\"container\">\n\t\t\t\t<div class=\"elementor-element elementor-element-1da7162e elementor-widget elementor-widget-heading\" data-id=\"1da7162e\" data-element_type=\"widget\" data-e-type=\"widget\" data-widget_type=\"heading.default\">\n\t\t\t\t\t<h1 class=\"elementor-heading-title elementor-size-default\">Hit Air Protection GmbH<\/h1>\t\t\t\t<\/div>\n\t\t\t\t<\/div>\n\t\t\t\t<\/div>\n\t\t<div class=\"elementor-element elementor-element-2dba2c5f e-con-full e-flex e-con e-child\" data-id=\"2dba2c5f\" data-element_type=\"container\" data-e-type=\"container\">\n\t\t<div class=\"elementor-element elementor-element-6a2730f7 e-con-full e-flex e-con e-child\" data-id=\"6a2730f7\" data-element_type=\"container\" data-e-type=\"container\">\n\t\t\t\t<div class=\"elementor-element elementor-element-7d1b3a8a elementor-position-inline-start elementor-view-default elementor-mobile-position-block-start elementor-widget elementor-widget-icon-box\" data-id=\"7d1b3a8a\" data-element_type=\"widget\" data-e-type=\"widget\" data-widget_type=\"icon-box.default\">\n\t\t\t\t\t\t\t<div class=\"elementor-icon-box-wrapper\">\n\n\t\t\t\t\t\t<div class=\"elementor-icon-box-icon\">\n\t\t\t\t<span  class=\"elementor-icon\">\n\t\t\t\t<svg xmlns=\"http:\/\/www.w3.org\/2000\/svg\" id=\"Layer_1\" data-name=\"Layer 1\" viewbox=\"0 0 30 30\"><defs><style>.cls-1{fill:#101010;}<\/style><\/defs><title>simgesi<\/title><path class=\"cls-1\" d=\"M6,12a9,9,0,0,1,18,0c0,3.63-1.26,4.64-8.08,14.52a1.12,1.12,0,0,1-1.84,0C7.26,16.64,6,15.63,6,12Zm12.75,0A3.75,3.75,0,1,0,15,15.75,3.75,3.75,0,0,0,18.75,12Z\"><\/path><\/svg>\t\t\t\t<\/span>\n\t\t\t<\/div>\n\t\t\t\n\t\t\t\t\t\t<div class=\"elementor-icon-box-content\">\n\n\t\t\t\t\n\t\t\t\t\t\t\t\t\t<p class=\"elementor-icon-box-description\">\n\t\t\t\t\t\tWeitzgrund 11<\/br>\n14806 Bad Belzig<\/br>\nAlmanya\t\t\t\t\t<\/p>\n\t\t\t\t\n\t\t\t<\/div>\n\t\t\t\n\t\t<\/div>\n\t\t\t\t\t\t<\/div>\n\t\t<div class=\"elementor-element elementor-element-633c4173 e-con-full e-flex e-con e-child\" data-id=\"633c4173\" data-element_type=\"container\" data-e-type=\"container\">\n\t\t\t\t<div class=\"elementor-element elementor-element-65eb6d2 elementor-widget elementor-widget-image\" data-id=\"65eb6d2\" data-element_type=\"widget\" data-e-type=\"widget\" data-widget_type=\"image.default\">\n\t\t\t\t\t\t\t\t\t\t\t\t\t\t\t\t<a href=\"https:\/\/www.facebook.com\/people\/Hit-Air-Protection-GmbH\/100069792045368\/\">\n\t\t\t\t\t\t\t<img decoding=\"async\" width=\"35\" height=\"35\" src=\"https:\/\/hit-air.de\/wp-content\/uploads\/2025\/09\/fb.svg\" class=\"attachment-large size-large wp-image-130111\" alt=\"\" \/>\t\t\t\t\t\t\t\t<\/a>\n\t\t\t\t\t\t\t\t\t\t\t\t\t\t\t<\/div>\n\t\t\t\t<div class=\"elementor-element elementor-element-2e51f7bf elementor-widget elementor-widget-image\" data-id=\"2e51f7bf\" data-element_type=\"widget\" data-e-type=\"widget\" data-widget_type=\"image.default\">\n\t\t\t\t\t\t\t\t\t\t\t\t\t\t\t\t<a href=\"https:\/\/www.instagram.com\/hitairgermany\/\">\n\t\t\t\t\t\t\t<img decoding=\"async\" width=\"35\" height=\"35\" src=\"https:\/\/hit-air.de\/wp-content\/uploads\/2025\/09\/insta.svg\" class=\"attachment-large size-large wp-image-130110\" alt=\"\" \/>\t\t\t\t\t\t\t\t<\/a>\n\t\t\t\t\t\t\t\t\t\t\t\t\t\t\t<\/div>\n\t\t\t\t<\/div>\n\t\t\t\t<\/div>\n\t\t<div class=\"elementor-element elementor-element-56864261 e-con-full e-flex e-con e-child\" data-id=\"56864261\" data-element_type=\"container\" data-e-type=\"container\">\n\t\t\t\t<div class=\"elementor-element elementor-element-e37a387 elementor-position-inline-start elementor-view-default elementor-mobile-position-block-start elementor-widget elementor-widget-icon-box\" data-id=\"e37a387\" data-element_type=\"widget\" data-e-type=\"widget\" data-widget_type=\"icon-box.default\">\n\t\t\t\t\t\t\t<div class=\"elementor-icon-box-wrapper\">\n\n\t\t\t\t\t\t<div class=\"elementor-icon-box-icon\">\n\t\t\t\t<a href=\"tel:+493384144450\" class=\"elementor-icon\" tabindex=\"-1\" aria-label=\"+49 33841 44450\">\n\t\t\t\t<svg xmlns=\"http:\/\/www.w3.org\/2000\/svg\" id=\"Layer_1\" data-name=\"Layer 1\" viewbox=\"0 0 30 30\"><defs><style>.cls-1{fill:#101010;}<\/style><\/defs><title>simgesi<\/title><path class=\"cls-1\" d=\"M6.37,6.41l3.78-.89a.88.88,0,0,1,1,.52l1.75,4.15a.89.89,0,0,1-.26,1l-2.2,1.84a13.63,13.63,0,0,0,6.44,6.58l1.81-2.25a.85.85,0,0,1,1-.25l4.07,1.78a.9.9,0,0,1,.51,1l-.88,3.86a.88.88,0,0,1-.85.69A17,17,0,0,1,5.69,7.28.9.9,0,0,1,6.37,6.41Z\"><\/path><\/svg>\t\t\t\t<\/a>\n\t\t\t<\/div>\n\t\t\t\n\t\t\t\t\t\t<div class=\"elementor-icon-box-content\">\n\n\t\t\t\t\t\t\t\t\t<span class=\"elementor-icon-box-title\">\n\t\t\t\t\t\t<a href=\"tel:+493384144450\" >\n\t\t\t\t\t\t\t+49 33841 44450\t\t\t\t\t\t<\/a>\n\t\t\t\t\t<\/span>\n\t\t\t\t\n\t\t\t\t\n\t\t\t<\/div>\n\t\t\t\n\t\t<\/div>\n\t\t\t\t\t\t<\/div>\n\t\t\t\t<div class=\"elementor-element elementor-element-a1b2465 elementor-position-inline-start elementor-view-default elementor-mobile-position-block-start elementor-widget elementor-widget-icon-box\" data-id=\"a1b2465\" data-element_type=\"widget\" data-e-type=\"widget\" data-widget_type=\"icon-box.default\">\n\t\t\t\t\t\t\t<div class=\"elementor-icon-box-wrapper\">\n\n\t\t\t\t\t\t<div class=\"elementor-icon-box-icon\">\n\t\t\t\t<a href=\"\" class=\"elementor-icon\" tabindex=\"-1\" aria-label=\"info@hit-air.de\">\n\t\t\t\t<svg xmlns=\"http:\/\/www.w3.org\/2000\/svg\" id=\"Layer_1\" data-name=\"Layer 1\" viewbox=\"0 0 30 30\"><defs><style>.cls-1{fill:#101010;}<\/style><\/defs><title>simgesi<\/title><path class=\"cls-1\" d=\"M12.33,15.84C7.51,12.26,7.14,12,6,11.06a.87.87,0,0,1-.34-.7v-.7A1.76,1.76,0,0,1,7.44,7.88H22.56a1.76,1.76,0,0,1,1.75,1.78v.7a.85.85,0,0,1-.34.7c-1.11.89-1.48,1.2-6.3,4.78-.61.45-1.83,1.55-2.67,1.54S12.94,16.29,12.33,15.84Zm12-3.09v7.59a1.77,1.77,0,0,1-1.75,1.79H7.44a1.77,1.77,0,0,1-1.75-1.79V12.76A.22.22,0,0,1,6,12.58c.82.65,1.9,1.47,5.61,4.22.76.57,2.06,1.77,3.35,1.77s2.62-1.22,3.36-1.77c3.7-2.75,4.78-3.57,5.6-4.22A.22.22,0,0,1,24.31,12.75Z\"><\/path><\/svg>\t\t\t\t<\/a>\n\t\t\t<\/div>\n\t\t\t\n\t\t\t\t\t\t<div class=\"elementor-icon-box-content\">\n\n\t\t\t\t\t\t\t\t\t<span class=\"elementor-icon-box-title\">\n\t\t\t\t\t\t<a href=\"\" >\n\t\t\t\t\t\t\tinfo@hit-air.de\t\t\t\t\t\t<\/a>\n\t\t\t\t\t<\/span>\n\t\t\t\t\n\t\t\t\t\n\t\t\t<\/div>\n\t\t\t\n\t\t<\/div>\n\t\t\t\t\t\t<\/div>\n\t\t\t\t<\/div>\n\t\t\t\t<\/div>\n\t\t\t\t<div class=\"elementor-element elementor-element-2335d084 elementor-widget elementor-widget-image\" data-id=\"2335d084\" data-element_type=\"widget\" data-e-type=\"widget\" data-widget_type=\"image.default\">\n\t\t\t\t\t\t\t\t\t\t\t\t\t\t\t<img fetchpriority=\"high\" decoding=\"async\" width=\"800\" height=\"516\" src=\"https:\/\/hit-air.de\/wp-content\/uploads\/2025\/09\/Kappe_171-1024x660.jpg\" class=\"attachment-large size-large wp-image-130299\" alt=\"\" srcset=\"https:\/\/hit-air.de\/wp-content\/uploads\/2025\/09\/Kappe_171-1024x660.jpg 1024w, https:\/\/hit-air.de\/wp-content\/uploads\/2025\/09\/Kappe_171-400x258.jpg 400w, https:\/\/hit-air.de\/wp-content\/uploads\/2025\/09\/Kappe_171-300x193.jpg 300w, https:\/\/hit-air.de\/wp-content\/uploads\/2025\/09\/Kappe_171-768x495.jpg 768w, https:\/\/hit-air.de\/wp-content\/uploads\/2025\/09\/Kappe_171-1536x990.jpg 1536w, https:\/\/hit-air.de\/wp-content\/uploads\/2025\/09\/Kappe_171-18x12.jpg 18w, https:\/\/hit-air.de\/wp-content\/uploads\/2025\/09\/Kappe_171.jpg 2048w\" sizes=\"(max-width: 800px) 100vw, 800px\" \/>\t\t\t\t\t\t\t\t\t\t\t\t\t\t\t<\/div>\n\t\t\t\t<\/div>\n\t\t\t\t<\/div>\n\t\t<div class=\"elementor-element elementor-element-7cff0743 e-con-full e-flex e-con e-child\" data-id=\"7cff0743\" data-element_type=\"container\" data-e-type=\"container\">\n\t\t<div class=\"elementor-element elementor-element-14fee2cc e-con-full e-flex e-con e-child\" data-id=\"14fee2cc\" data-element_type=\"container\" data-e-type=\"container\">\n\t\t<div class=\"elementor-element elementor-element-651b1632 e-con-full e-flex e-con e-child\" data-id=\"651b1632\" data-element_type=\"container\" data-e-type=\"container\">\n\t\t<div class=\"elementor-element elementor-element-1e81c860 e-con-full e-flex e-con e-child\" data-id=\"1e81c860\" data-element_type=\"container\" data-e-type=\"container\">\n\t\t\t\t<div class=\"elementor-element elementor-element-5a79295b elementor-widget elementor-widget-heading\" data-id=\"5a79295b\" data-element_type=\"widget\" data-e-type=\"widget\" data-widget_type=\"heading.default\">\n\t\t\t\t\t<span class=\"elementor-heading-title elementor-size-default\">Bize mesaj g\u00f6nderin<\/span>\t\t\t\t<\/div>\n\t\t\t\t<\/div>\n\t\t\t\t<\/div>\n\t\t\t\t<div class=\"elementor-element elementor-element-7c839cce elementor-widget elementor-widget-text-editor\" data-id=\"7c839cce\" data-element_type=\"widget\" data-e-type=\"widget\" data-widget_type=\"text-editor.default\">\n\t\t\t\t\t\t\t\t\t<p>adresine bir e-posta g\u00f6ndererek gelecekte istedi\u011finiz zaman onay\u0131n\u0131z\u0131 iptal edebilirsiniz.<span style=\"color: #ff0000;\"> info@hit-air.de<\/span> iptal edildi.<\/p>\t\t\t\t\t\t\t\t<\/div>\n\t\t\t\t<div class=\"elementor-element elementor-element-50d38416 elementor-widget elementor-widget-shortcode\" data-id=\"50d38416\" data-element_type=\"widget\" data-e-type=\"widget\" data-widget_type=\"shortcode.default\">\n\t\t\t\t\t\t\t<div class=\"elementor-shortcode\">\n<div class=\"wpcf7 no-js\" id=\"wpcf7-f12975-o1\" lang=\"de-DE\" dir=\"ltr\" data-wpcf7-id=\"12975\">\n<div class=\"screen-reader-response\"><p role=\"status\" aria-live=\"polite\" aria-atomic=\"true\"><\/p> <ul><\/ul><\/div>\n<form action=\"\/tr\/wp-json\/wp\/v2\/pages\/11821#wpcf7-f12975-o1\" method=\"post\" class=\"wpcf7-form init\" aria-label=\"\u0130leti\u015fim formu\" novalidate=\"novalidate\" data-status=\"init\" data-trp-original-action=\"\/tr\/wp-json\/wp\/v2\/pages\/11821#wpcf7-f12975-o1\">\n<fieldset class=\"hidden-fields-container\"><input type=\"hidden\" name=\"_wpcf7\" value=\"12975\" \/><input type=\"hidden\" name=\"_wpcf7_version\" value=\"6.1.5\" \/><input type=\"hidden\" name=\"_wpcf7_locale\" value=\"de_DE\" \/><input type=\"hidden\" name=\"_wpcf7_unit_tag\" value=\"wpcf7-f12975-o1\" \/><input type=\"hidden\" name=\"_wpcf7_container_post\" value=\"0\" \/><input type=\"hidden\" name=\"_wpcf7_posted_data_hash\" value=\"\" \/>\n<\/fieldset>\n<p>\u0130sim (gerekli)\n<\/p>\n<p><span class=\"wpcf7-form-control-wrap\" data-name=\"your-name\"><input size=\"40\" maxlength=\"400\" class=\"wpcf7-form-control wpcf7-text wpcf7-validates-as-required\" aria-required=\"true\" aria-invalid=\"false\" value=\"\" type=\"text\" name=\"your-name\" \/><\/span>\n<\/p>\n<p>E-posta (gerekli)\n<\/p>\n<p><span class=\"wpcf7-form-control-wrap\" data-name=\"your-email\"><input size=\"40\" maxlength=\"400\" class=\"wpcf7-form-control wpcf7-email wpcf7-validates-as-required wpcf7-text wpcf7-validates-as-email\" aria-required=\"true\" aria-invalid=\"false\" value=\"\" type=\"email\" name=\"your-email\" \/><\/span>\n<\/p>\n<p>Konu\n<\/p>\n<p><span class=\"wpcf7-form-control-wrap\" data-name=\"your-subject\"><input size=\"40\" maxlength=\"400\" class=\"wpcf7-form-control wpcf7-text\" aria-invalid=\"false\" value=\"\" type=\"text\" name=\"your-subject\" \/><\/span>\n<\/p>\n<p>Mesaj\n<\/p>\n<p><span class=\"wpcf7-form-control-wrap\" data-name=\"your-message\"><textarea cols=\"40\" rows=\"10\" maxlength=\"2000\" class=\"wpcf7-form-control wpcf7-textarea\" aria-invalid=\"false\" name=\"your-message\"><\/textarea><\/span>\n<\/p>\n<p>Veri korumas\u0131n\u0131 okudunuz mu?<br \/>\n<span class=\"wpcf7-form-control-wrap\" data-name=\"datenschutzerkl\"><span class=\"wpcf7-form-control wpcf7-checkbox wpcf7-validates-as-required\"><span class=\"wpcf7-list-item first last\"><input type=\"checkbox\" name=\"datenschutzerkl[]\" value=\"JA\" \/><span class=\"wpcf7-list-item-label\">EVET<\/span><\/span><\/span><\/span>\n<\/p>\n<p><input class=\"wpcf7-form-control wpcf7-submit has-spinner\" type=\"submit\" value=\"G\u00f6nder\" \/>\n<\/p>\n<p>&nbsp;\n<\/p>\n<p> * Bende <a href=\"\/tr\/veri%cc%87-koruma-bi%cc%87lgi%cc%87leri%cc%87\/\">Gizlilik Politikas\u0131<\/a> Bunu not ettim. Bilgilerimin benimle ileti\u015fime ge\u00e7ilmesi ve sorular i\u00e7in kal\u0131c\u0131 olarak saklanaca\u011f\u0131n\u0131 kabul ediyorum. Gelecek i\u00e7in istedi\u011finiz zaman a\u015fa\u011f\u0131daki adrese bir e-posta g\u00f6ndererek onay\u0131n\u0131z\u0131 iptal edebilirsiniz <a href=\"mailto:info@hit-air.de\">info@hit-air.de<\/a> iptal edildi.\n<\/p><div class=\"wpcf7-response-output\" aria-hidden=\"true\"><\/div>\n<input type=\"hidden\" name=\"trp-form-language\" value=\"tr\"\/><\/form>\n<\/div>\n<\/div>\n\t\t\t\t\t\t<\/div>\n\t\t\t\t<\/div>\n\t\t\t\t<\/div>\n\t\t\t\t<\/div>\n\t\t\t\t\t<\/div>\n\t\t\t\t<\/div>\n\t\t\t\t<\/div>","protected":false},"excerpt":{"rendered":"<p>Hit Air Protection GmbH icon Weitzgrund 11 14806 Bad Belzig Almanya icon +49 33841 44450 icon info@hit-air.de Bize mesaj g\u00f6nderin \u0130zninizi gelecekte istedi\u011finiz zaman info@hit-air.de adresine e-posta g\u00f6ndererek geri \u00e7ekebilirsiniz.<\/p>","protected":false},"author":1,"featured_media":0,"parent":0,"menu_order":0,"comment_status":"closed","ping_status":"closed","template":"elementor_header_footer","meta":{"footnotes":""},"class_list":["post-11821","page","type-page","status-publish","hentry"],"yoast_head":"<!-- This site is optimized with the Yoast SEO plugin v27.3 - https:\/\/yoast.com\/product\/yoast-seo-wordpress\/ -->\n<title>Kontakt | HitAir<\/title>\n<meta name=\"description\" content=\"Sie haben Fragen zu unseren Produkten oder Ihrer Bestellung? Hier erreichen Sie uns: Tel.: 033841\/44450 Mail: info@hit-air.de\" \/>\n<meta name=\"robots\" content=\"index, follow, max-snippet:-1, max-image-preview:large, max-video-preview:-1\" \/>\n<link rel=\"canonical\" href=\"https:\/\/hit-air.de\/tr\/iletisim\/\" \/>\n<meta property=\"og:locale\" content=\"tr_TR\" \/>\n<meta property=\"og:type\" content=\"article\" \/>\n<meta property=\"og:title\" content=\"Kontakt | HitAir\" \/>\n<meta property=\"og:description\" content=\"Sie haben Fragen zu unseren Produkten oder Ihrer Bestellung? Hier erreichen Sie uns: Tel.: 033841\/44450 Mail: info@hit-air.de\" \/>\n<meta property=\"og:url\" content=\"https:\/\/hit-air.de\/tr\/iletisim\/\" \/>\n<meta property=\"og:site_name\" content=\"HitAir\" \/>\n<meta property=\"article:publisher\" content=\"https:\/\/www.facebook.com\/Hit-Air-Protection-GmbH-270395383008432\/\" \/>\n<meta property=\"article:modified_time\" content=\"2025-10-14T11:35:38+00:00\" \/>\n<meta name=\"twitter:card\" content=\"summary_large_image\" \/>\n<meta name=\"twitter:label1\" content=\"Tahmini okuma s\u00fcresi\" \/>\n\t<meta name=\"twitter:data1\" content=\"1 dakika\" \/>\n<script type=\"application\/ld+json\" class=\"yoast-schema-graph\">{\"@context\":\"https:\\\/\\\/schema.org\",\"@graph\":[{\"@type\":\"WebPage\",\"@id\":\"https:\\\/\\\/hit-air.de\\\/kontakt\\\/\",\"url\":\"https:\\\/\\\/hit-air.de\\\/kontakt\\\/\",\"name\":\"Kontakt | HitAir\",\"isPartOf\":{\"@id\":\"https:\\\/\\\/hit-air.de\\\/#website\"},\"primaryImageOfPage\":{\"@id\":\"https:\\\/\\\/hit-air.de\\\/kontakt\\\/#primaryimage\"},\"image\":{\"@id\":\"https:\\\/\\\/hit-air.de\\\/kontakt\\\/#primaryimage\"},\"thumbnailUrl\":\"https:\\\/\\\/hit-air.de\\\/wp-content\\\/uploads\\\/2025\\\/09\\\/fb.svg\",\"datePublished\":\"2016-05-26T19:43:00+00:00\",\"dateModified\":\"2025-10-14T11:35:38+00:00\",\"description\":\"Sie haben Fragen zu unseren Produkten oder Ihrer Bestellung? Hier erreichen Sie uns: Tel.: 033841\\\/44450 Mail: info@hit-air.de\",\"breadcrumb\":{\"@id\":\"https:\\\/\\\/hit-air.de\\\/kontakt\\\/#breadcrumb\"},\"inLanguage\":\"tr\",\"potentialAction\":[{\"@type\":\"ReadAction\",\"target\":[\"https:\\\/\\\/hit-air.de\\\/kontakt\\\/\"]}]},{\"@type\":\"ImageObject\",\"inLanguage\":\"tr\",\"@id\":\"https:\\\/\\\/hit-air.de\\\/kontakt\\\/#primaryimage\",\"url\":\"https:\\\/\\\/hit-air.de\\\/wp-content\\\/uploads\\\/2025\\\/09\\\/fb.svg\",\"contentUrl\":\"https:\\\/\\\/hit-air.de\\\/wp-content\\\/uploads\\\/2025\\\/09\\\/fb.svg\"},{\"@type\":\"BreadcrumbList\",\"@id\":\"https:\\\/\\\/hit-air.de\\\/kontakt\\\/#breadcrumb\",\"itemListElement\":[{\"@type\":\"ListItem\",\"position\":1,\"name\":\"Home\",\"item\":\"https:\\\/\\\/hit-air.de\\\/\"},{\"@type\":\"ListItem\",\"position\":2,\"name\":\"Kontakt\"}]},{\"@type\":\"WebSite\",\"@id\":\"https:\\\/\\\/hit-air.de\\\/#website\",\"url\":\"https:\\\/\\\/hit-air.de\\\/\",\"name\":\"HitAir\",\"description\":\"Air-Bag System\",\"publisher\":{\"@id\":\"https:\\\/\\\/hit-air.de\\\/#organization\"},\"potentialAction\":[{\"@type\":\"SearchAction\",\"target\":{\"@type\":\"EntryPoint\",\"urlTemplate\":\"https:\\\/\\\/hit-air.de\\\/?s={search_term_string}\"},\"query-input\":{\"@type\":\"PropertyValueSpecification\",\"valueRequired\":true,\"valueName\":\"search_term_string\"}}],\"inLanguage\":\"tr\"},{\"@type\":\"Organization\",\"@id\":\"https:\\\/\\\/hit-air.de\\\/#organization\",\"name\":\"Hit Air\",\"url\":\"https:\\\/\\\/hit-air.de\\\/\",\"logo\":{\"@type\":\"ImageObject\",\"inLanguage\":\"tr\",\"@id\":\"https:\\\/\\\/hit-air.de\\\/#\\\/schema\\\/logo\\\/image\\\/\",\"url\":\"https:\\\/\\\/hit-air.de\\\/wp-content\\\/uploads\\\/2016\\\/05\\\/hitair-logo-quer_dark.png\",\"contentUrl\":\"https:\\\/\\\/hit-air.de\\\/wp-content\\\/uploads\\\/2016\\\/05\\\/hitair-logo-quer_dark.png\",\"width\":616,\"height\":149,\"caption\":\"Hit Air\"},\"image\":{\"@id\":\"https:\\\/\\\/hit-air.de\\\/#\\\/schema\\\/logo\\\/image\\\/\"},\"sameAs\":[\"https:\\\/\\\/www.facebook.com\\\/Hit-Air-Protection-GmbH-270395383008432\\\/\"]}]}<\/script>\n<!-- \/ Yoast SEO plugin. -->","yoast_head_json":{"title":"\u0130leti\u015fim | HitAir","description":"\u00dcr\u00fcnlerimiz veya sipari\u015finiz hakk\u0131nda sorular\u0131n\u0131z m\u0131 var? Bize buradan ula\u015fabilirsiniz: Tel.: 033841\/44450 Mail: info@hit-air.de","robots":{"index":"index","follow":"follow","max-snippet":"max-snippet:-1","max-image-preview":"max-image-preview:large","max-video-preview":"max-video-preview:-1"},"canonical":"https:\/\/hit-air.de\/tr\/iletisim\/","og_locale":"tr_TR","og_type":"article","og_title":"Kontakt | HitAir","og_description":"Sie haben Fragen zu unseren Produkten oder Ihrer Bestellung? Hier erreichen Sie uns: Tel.: 033841\/44450 Mail: info@hit-air.de","og_url":"https:\/\/hit-air.de\/tr\/iletisim\/","og_site_name":"HitAir","article_publisher":"https:\/\/www.facebook.com\/Hit-Air-Protection-GmbH-270395383008432\/","article_modified_time":"2025-10-14T11:35:38+00:00","twitter_card":"summary_large_image","twitter_misc":{"Tahmini okuma s\u00fcresi":"1 dakika"},"schema":{"@context":"https:\/\/schema.org","@graph":[{"@type":"WebPage","@id":"https:\/\/hit-air.de\/kontakt\/","url":"https:\/\/hit-air.de\/kontakt\/","name":"\u0130leti\u015fim | HitAir","isPartOf":{"@id":"https:\/\/hit-air.de\/#website"},"primaryImageOfPage":{"@id":"https:\/\/hit-air.de\/kontakt\/#primaryimage"},"image":{"@id":"https:\/\/hit-air.de\/kontakt\/#primaryimage"},"thumbnailUrl":"https:\/\/hit-air.de\/wp-content\/uploads\/2025\/09\/fb.svg","datePublished":"2016-05-26T19:43:00+00:00","dateModified":"2025-10-14T11:35:38+00:00","description":"\u00dcr\u00fcnlerimiz veya sipari\u015finiz hakk\u0131nda sorular\u0131n\u0131z m\u0131 var? Bize buradan ula\u015fabilirsiniz: Tel.: 033841\/44450 Mail: info@hit-air.de","breadcrumb":{"@id":"https:\/\/hit-air.de\/kontakt\/#breadcrumb"},"inLanguage":"tr","potentialAction":[{"@type":"ReadAction","target":["https:\/\/hit-air.de\/kontakt\/"]}]},{"@type":"ImageObject","inLanguage":"tr","@id":"https:\/\/hit-air.de\/kontakt\/#primaryimage","url":"https:\/\/hit-air.de\/wp-content\/uploads\/2025\/09\/fb.svg","contentUrl":"https:\/\/hit-air.de\/wp-content\/uploads\/2025\/09\/fb.svg"},{"@type":"BreadcrumbList","@id":"https:\/\/hit-air.de\/kontakt\/#breadcrumb","itemListElement":[{"@type":"ListItem","position":1,"name":"Home","item":"https:\/\/hit-air.de\/"},{"@type":"ListItem","position":2,"name":"Kontakt"}]},{"@type":"WebSite","@id":"https:\/\/hit-air.de\/#website","url":"https:\/\/hit-air.de\/","name":"HitAir","description":"Hava Yast\u0131\u011f\u0131 Sistemi","publisher":{"@id":"https:\/\/hit-air.de\/#organization"},"potentialAction":[{"@type":"SearchAction","target":{"@type":"EntryPoint","urlTemplate":"https:\/\/hit-air.de\/?s={search_term_string}"},"query-input":{"@type":"PropertyValueSpecification","valueRequired":true,"valueName":"search_term_string"}}],"inLanguage":"tr"},{"@type":"Organization","@id":"https:\/\/hit-air.de\/#organization","name":"Hava Vuru\u015fu","url":"https:\/\/hit-air.de\/","logo":{"@type":"ImageObject","inLanguage":"tr","@id":"https:\/\/hit-air.de\/#\/schema\/logo\/image\/","url":"https:\/\/hit-air.de\/wp-content\/uploads\/2016\/05\/hitair-logo-quer_dark.png","contentUrl":"https:\/\/hit-air.de\/wp-content\/uploads\/2016\/05\/hitair-logo-quer_dark.png","width":616,"height":149,"caption":"Hit Air"},"image":{"@id":"https:\/\/hit-air.de\/#\/schema\/logo\/image\/"},"sameAs":["https:\/\/www.facebook.com\/Hit-Air-Protection-GmbH-270395383008432\/"]}]}},"_links":{"self":[{"href":"https:\/\/hit-air.de\/tr\/wp-json\/wp\/v2\/pages\/11821","targetHints":{"allow":["GET"]}}],"collection":[{"href":"https:\/\/hit-air.de\/tr\/wp-json\/wp\/v2\/pages"}],"about":[{"href":"https:\/\/hit-air.de\/tr\/wp-json\/wp\/v2\/types\/page"}],"author":[{"embeddable":true,"href":"https:\/\/hit-air.de\/tr\/wp-json\/wp\/v2\/users\/1"}],"replies":[{"embeddable":true,"href":"https:\/\/hit-air.de\/tr\/wp-json\/wp\/v2\/comments?post=11821"}],"version-history":[{"count":11,"href":"https:\/\/hit-air.de\/tr\/wp-json\/wp\/v2\/pages\/11821\/revisions"}],"predecessor-version":[{"id":132438,"href":"https:\/\/hit-air.de\/tr\/wp-json\/wp\/v2\/pages\/11821\/revisions\/132438"}],"wp:attachment":[{"href":"https:\/\/hit-air.de\/tr\/wp-json\/wp\/v2\/media?parent=11821"}],"curies":[{"name":"wp","href":"https:\/\/api.w.org\/{rel}","templated":true}]}}