{"id":12023,"date":"2016-05-26T22:07:49","date_gmt":"2016-05-26T22:07:49","guid":{"rendered":"https:\/\/hit-air.de\/agb\/"},"modified":"2025-09-11T09:50:29","modified_gmt":"2025-09-11T08:50:29","slug":"agb","status":"publish","type":"page","link":"https:\/\/hit-air.de\/nl\/agb\/","title":{"rendered":"GTC"},"content":{"rendered":"<h1>Algemene voorwaarden<\/h1>\n<p>Contractuele voorwaarden in het kader van koopcontracten afgesloten via het platform https:\/\/hit-air.de<\/p>\n<p>tussen<\/p>\n<p>Hit Luchtbescherming GmbH<br \/>\nWeitzgrund 11<br \/>\n14806 Bad Belzig<br \/>\nTelefoon: +493384144450<\/p>\n<p>Ingeschreven in het handelsregister van het kantongerecht van Potsdam: HRB 22353 P<br \/>\nvertegenwoordigd door de algemeen directeur Steffen Butensch\u00f6n<br \/>\nBTW-identificatienummer DE265932951<\/p>\n<p>- hierna te noemen \"Aanbieder\" -.<\/p>\n<p>en<\/p>\n<p>de in \u00a7 2 van deze AV aangewezen gebruikers van dit platform - hierna te noemen \"Klant\/klanten\".<\/p>\n<h3>\u00a7 1 Toepassingsgebied<\/h3>\n<p>Voor de zakelijke relatie tussen de leverancier en de klant, zowel particuliere eindgebruikers als commerci\u00eble klanten, gelden uitsluitend de volgende algemene voorwaarden in de versie die geldig is op het ogenblik van de bestelling. Afwijkende voorwaarden van de klant worden niet erkend, tenzij de leverancier uitdrukkelijk en schriftelijk instemt met de geldigheid ervan.<\/p>\n<h3>\u00a7 2 Sluiting van het contract<\/h3>\n<p>(1) De klant kan producten selecteren uit het assortiment van de aanbieder en deze verzamelen in een virtueel winkelmandje met behulp van de knop \"Toevoegen aan winkelmandje\". Door op de knop \"Nu kopen\" te klikken, dient de klant een bindend verzoek in om de goederen in het winkelmandje te kopen. Voordat de bestelling wordt verzonden, kan de klant de gegevens op elk gewenst moment wijzigen en bekijken door op het symbool van het winkelmandje of op het label \"winkelmandje\" in de rechterbovenhoek van de website te klikken. Vervolgens kunnen wijzigingen worden aangebracht in het virtuele winkelmandje en kan de klant doorgaan naar de virtuele kassa door op \"Doorgaan naar kassa\" te klikken. Als de klant op het moment van aankoop nog geen klantenaccount heeft, moet deze worden aangemaakt door aan de rechterkant van het invoerscherm het e-mailadres van de klant in te voeren en te bevestigen dat er een nieuwe klantenaccount moet worden geopend. Klik vervolgens op de knop \"Nieuw klantaccount aanmaken\". De klant ontvangt nu een e-mail om de klantenaccount te activeren.<\/p>\n<p>(2) De leverancier stuurt de klant vervolgens per e-mail een automatische ontvangstbevestiging met als onderwerp \"Bevestiging van uw bestelling bij HitAir\", waarin de bestelling van de klant nogmaals wordt vermeld en die de klant kan afdrukken met behulp van de functie \"Afdrukken\". De bestelling van de klant vertegenwoordigt het aanbod om een contract af te sluiten met de respectieve inhoud van het winkelmandje. De ontvangstbevestiging (orderbevestiging) vertegenwoordigt de acceptatie van het aanbod door de aanbieder. Het vat de inhoud van de bestelling samen. In deze e-mail of in een aparte e-mail, maar uiterlijk bij levering van de goederen, wordt de tekst van het contract (bestaande uit de bestelling, AV en orderbevestiging) door ons op een duurzame gegevensdrager (e-mail of papieren afdruk) naar de klant gestuurd. De tekst van het contract wordt opgeslagen in overeenstemming met de regelgeving inzake gegevensbescherming.<\/p>\n<p>(3) Het contract wordt gesloten in de talen: Duits of Engels.<\/p>\n<h3>\u00a7 3 Levering, beschikbaarheid van goederen, betalingsvoorwaarden<\/h3>\n<p>(1) Door ons opgegeven levertijden worden berekend vanaf de datum van onze orderbevestiging (\u00a7 2 (2) van deze AV), onder voorbehoud van voorafgaande betaling van de koopprijs.<\/p>\n<p>(2) Indien het door de klant in de bestelling gespecificeerde product slechts tijdelijk niet beschikbaar is, zal de leverancier de klant hiervan ook onmiddellijk op de hoogte brengen. In het geval van een vertraging in de levering van meer dan twee weken, heeft de klant het recht om zich terug te trekken uit het contract. In dit geval heeft de leverancier ook het recht om zich terug te trekken uit het contract. In dit geval zal hij de reeds door de klant gedane betalingen onmiddellijk terugbetalen.<\/p>\n<p>(3) De klant kan betalen via overschrijving, onder rembours, PayPal of op rekening. Betaling op rekening is alleen mogelijk voor klanten vanaf een bestelwaarde van\u00a0<span class=\"woocommerce-Price-amount amount\">10,00\u00a0<span class=\"woocommerce-Price-currencySymbol\">\u20ac<\/span><\/span>\u00a0mogelijk. Betaling op rekening is mogelijk voor klanten tot een bestelwaarde van\u00a0<span class=\"woocommerce-Price-amount amount\">100,00\u00a0<span class=\"woocommerce-Price-currencySymbol\">\u20ac<\/span><\/span>\u00a0mogelijk.<\/p>\n<p>(4) Betaling van de aankoopprijs is onmiddellijk verschuldigd na ontvangst van de factuur. De klant ontvangt deze automatisch per e-mail. Als de vervaldatum voor betaling wordt bepaald door de kalender, is de klant al in gebreke door het missen van de deadline.<\/p>\n<h3>\u00a7 4 Eigendomsvoorbehoud<\/h3>\n<p>De geleverde goederen blijven eigendom van de leverancier totdat de koopprijs volledig is betaald.<\/p>\n<h3>\u00a7 5 Prijzen en verzendkosten<\/h3>\n<p>(1) Alle prijzen die op de website van de aanbieder worden vermeld, zijn inclusief de toepasselijke wettelijke btw.<\/p>\n<p>(2) De bijbehorende verzendkosten worden aan de klant aangegeven op het bestelformulier en zijn voor rekening van de klant, tenzij de klant gebruik maakt van een annuleringsrecht.<\/p>\n<h3>\u00a7 6 Garantie op materi\u00eble gebreken<\/h3>\n<p>(1) De leverancier is aansprakelijk voor materi\u00eble gebreken volgens de geldende wettelijke bepalingen, in het bijzonder \u00a7\u00a7 434 e.v. BGB. BGB. De garantieperiode voor goederen die door de leverancier aan ondernemers worden geleverd, bedraagt 12 maanden.<\/p>\n<h3>\u00a7 7 Aansprakelijkheid<\/h3>\n<p>(1) Schadeclaims van de klant zijn uitgesloten. Uitgesloten hiervan zijn schadeclaims van de klant die voortvloeien uit letsel aan leven, lichaam of gezondheid of uit de schending van essenti\u00eble contractuele verplichtingen (kardinale plichten) evenals aansprakelijkheid voor andere schade op basis van een opzettelijk of grof nalatig plichtsverzuim door de aanbieder, zijn wettelijke vertegenwoordigers of plaatsvervangende agenten. Essenti\u00eble contractuele verplichtingen zijn verplichtingen waarvan de nakoming noodzakelijk is om het doel van het contract te bereiken.<\/p>\n<p>(2) In het geval van een schending van essenti\u00eble contractuele verplichtingen is de aanbieder alleen aansprakelijk voor de voor het contract typische, voorzienbare schade als deze is veroorzaakt door eenvoudige nalatigheid, tenzij de schadeclaims van de klant zijn gebaseerd op letsel aan leven, lichaam of gezondheid.<\/p>\n<p>(3) De beperkingen van de leden 1 en 2 gelden ook voor de wettelijke vertegenwoordigers en plaatsvervangers van de dienstverrichter indien de vorderingen rechtstreeks tegen hen worden ingesteld.<\/p>\n<p>(4) De bepalingen van de productaansprakelijkheidswet blijven onaangetast.<\/p>\n<h3>\u00a7 8 Informatie over gegevensverwerking<\/h3>\n<p>(1) De aanbieder verzamelt klantgegevens in het kader van de contractafwikkeling. Daarbij neemt hij in het bijzonder de bepalingen van de federale wet op de gegevensbescherming en de telemediawet in acht. Zonder toestemming van de klant verzamelt, verwerkt of gebruikt de aanbieder de inventaris- en gebruiksgegevens van de klant alleen voor zover dit noodzakelijk is voor de afwikkeling van de contractuele relatie en voor het gebruik en de afrekening van telemedia.<\/p>\n<p>(2) De aanbieder gebruikt de gegevens van de klant niet voor reclame, markt- of opinieonderzoek zonder toestemming van de klant.<\/p>\n<h3>\u00a7 9 Slotbepalingen<\/h3>\n<p>(1) Op contracten tussen de aanbieder en de klant is het recht van de Bondsrepubliek Duitsland van toepassing, met uitsluiting van het Verdrag der Verenigde Naties inzake internationale koopovereenkomsten betreffende roerende zaken en het internationaal privaatrecht.<\/p>\n<p>(2) Als de klant een handelaar, een publiekrechtelijke rechtspersoon of een publiekrechtelijk speciaal fonds is, is de plaats van jurisdictie voor alle geschillen die voortvloeien uit contractuele relaties tussen de klant en de dienstverlener de maatschappelijke zetel van de dienstverlener.<\/p>\n<p>(3) Het contract blijft in zijn overige delen bindend, zelfs als afzonderlijke punten juridisch ongeldig zijn. De ongeldige punten worden vervangen door de wettelijke bepalingen, indien van toepassing. Als dit echter een onredelijke belasting zou vormen voor een van de contractpartijen, wordt het contract in zijn geheel ongeldig.<\/p>\n<div class=\"woocommerce woocommerce-gzd woocommerce-gzd-complaints-shortcode\">\n<h3>Alternatieve geschillenbeslechting in overeenstemming met art. 14 lid 1 ODR-VO en \u00a7 36 VSBG:<\/h3>\n<p>De Europese Commissie biedt een platform voor onlinegeschillenbeslechting (OS) dat toegankelijk is op\u00a0<a href=\"https:\/\/ec.europa.eu\/consumers\/odr\" target=\"_blank\" rel=\"noopener\">https:\/\/ec.europa.eu\/consumers\/odr<\/a>. We zijn niet verplicht of bereid om deel te nemen aan geschillenbeslechtingsprocedures voor een arbitragecommissie voor consumenten.<\/p>\n<\/div>","protected":false},"excerpt":{"rendered":"<p>Allgemeine Gesch\u00e4ftsbedingungen Vertragsbedingungen im Rahmen von Kaufvertr\u00e4gen die \u00fcber die Plattform\u00a0https:\/\/hit-air.de zwischen Hit Air Protection GmbH Weitzgrund 11 14806 Bad Belzig Tel.: +493384144450 eingetragen im Handelsregister des Amtsgerichts Potsdam: HRB 22353 P vertreten durch den Gesch\u00e4ftsf\u00fchrer Steffen Butensch\u00f6n USt.Identifikationsnummer DE265932951 \u2013 im Folgenden\u00a0\u201eAnbieter\u201c\u00a0\u2013 und den in \u00a7 2 dieser AGB bezeichneten Nutzern dieser Plattform\u00a0\u2013 im [&hellip;]<\/p>\n","protected":false},"author":1,"featured_media":0,"parent":0,"menu_order":0,"comment_status":"closed","ping_status":"closed","template":"","meta":{"footnotes":""},"class_list":["post-12023","page","type-page","status-publish","hentry"],"yoast_head":"<!-- This site is optimized with the Yoast SEO plugin v27.3 - https:\/\/yoast.com\/product\/yoast-seo-wordpress\/ -->\n<title>AGB | HitAir<\/title>\n<meta name=\"robots\" content=\"index, follow, max-snippet:-1, max-image-preview:large, max-video-preview:-1\" \/>\n<link rel=\"canonical\" href=\"https:\/\/hit-air.de\/nl\/agb\/\" \/>\n<meta property=\"og:locale\" content=\"nl_NL\" \/>\n<meta property=\"og:type\" content=\"article\" \/>\n<meta property=\"og:title\" content=\"AGB | HitAir\" \/>\n<meta property=\"og:description\" content=\"Allgemeine Gesch\u00e4ftsbedingungen Vertragsbedingungen im Rahmen von Kaufvertr\u00e4gen die \u00fcber die Plattform\u00a0https:\/\/hit-air.de zwischen Hit Air Protection GmbH Weitzgrund 11 14806 Bad Belzig Tel.: +493384144450 eingetragen im Handelsregister des Amtsgerichts Potsdam: HRB 22353 P vertreten durch den Gesch\u00e4ftsf\u00fchrer Steffen Butensch\u00f6n USt.Identifikationsnummer DE265932951 \u2013 im Folgenden\u00a0\u201eAnbieter\u201c\u00a0\u2013 und den in \u00a7 2 dieser AGB bezeichneten Nutzern dieser Plattform\u00a0\u2013 im [&hellip;]\" \/>\n<meta property=\"og:url\" content=\"https:\/\/hit-air.de\/nl\/agb\/\" \/>\n<meta property=\"og:site_name\" content=\"HitAir\" \/>\n<meta property=\"article:publisher\" content=\"https:\/\/www.facebook.com\/Hit-Air-Protection-GmbH-270395383008432\/\" \/>\n<meta property=\"article:modified_time\" content=\"2025-09-11T08:50:29+00:00\" \/>\n<meta name=\"twitter:card\" content=\"summary_large_image\" \/>\n<meta name=\"twitter:label1\" content=\"Geschatte leestijd\" \/>\n\t<meta name=\"twitter:data1\" content=\"6 minuten\" \/>\n<script type=\"application\/ld+json\" class=\"yoast-schema-graph\">{\"@context\":\"https:\\\/\\\/schema.org\",\"@graph\":[{\"@type\":\"WebPage\",\"@id\":\"https:\\\/\\\/hit-air.de\\\/agb\\\/\",\"url\":\"https:\\\/\\\/hit-air.de\\\/agb\\\/\",\"name\":\"AGB | HitAir\",\"isPartOf\":{\"@id\":\"https:\\\/\\\/hit-air.de\\\/#website\"},\"datePublished\":\"2016-05-26T22:07:49+00:00\",\"dateModified\":\"2025-09-11T08:50:29+00:00\",\"breadcrumb\":{\"@id\":\"https:\\\/\\\/hit-air.de\\\/agb\\\/#breadcrumb\"},\"inLanguage\":\"nl-NL\",\"potentialAction\":[{\"@type\":\"ReadAction\",\"target\":[\"https:\\\/\\\/hit-air.de\\\/agb\\\/\"]}]},{\"@type\":\"BreadcrumbList\",\"@id\":\"https:\\\/\\\/hit-air.de\\\/agb\\\/#breadcrumb\",\"itemListElement\":[{\"@type\":\"ListItem\",\"position\":1,\"name\":\"Home\",\"item\":\"https:\\\/\\\/hit-air.de\\\/\"},{\"@type\":\"ListItem\",\"position\":2,\"name\":\"AGB\"}]},{\"@type\":\"WebSite\",\"@id\":\"https:\\\/\\\/hit-air.de\\\/#website\",\"url\":\"https:\\\/\\\/hit-air.de\\\/\",\"name\":\"HitAir\",\"description\":\"Air-Bag System\",\"publisher\":{\"@id\":\"https:\\\/\\\/hit-air.de\\\/#organization\"},\"potentialAction\":[{\"@type\":\"SearchAction\",\"target\":{\"@type\":\"EntryPoint\",\"urlTemplate\":\"https:\\\/\\\/hit-air.de\\\/?s={search_term_string}\"},\"query-input\":{\"@type\":\"PropertyValueSpecification\",\"valueRequired\":true,\"valueName\":\"search_term_string\"}}],\"inLanguage\":\"nl-NL\"},{\"@type\":\"Organization\",\"@id\":\"https:\\\/\\\/hit-air.de\\\/#organization\",\"name\":\"Hit Air\",\"url\":\"https:\\\/\\\/hit-air.de\\\/\",\"logo\":{\"@type\":\"ImageObject\",\"inLanguage\":\"nl-NL\",\"@id\":\"https:\\\/\\\/hit-air.de\\\/#\\\/schema\\\/logo\\\/image\\\/\",\"url\":\"https:\\\/\\\/hit-air.de\\\/wp-content\\\/uploads\\\/2016\\\/05\\\/hitair-logo-quer_dark.png\",\"contentUrl\":\"https:\\\/\\\/hit-air.de\\\/wp-content\\\/uploads\\\/2016\\\/05\\\/hitair-logo-quer_dark.png\",\"width\":616,\"height\":149,\"caption\":\"Hit Air\"},\"image\":{\"@id\":\"https:\\\/\\\/hit-air.de\\\/#\\\/schema\\\/logo\\\/image\\\/\"},\"sameAs\":[\"https:\\\/\\\/www.facebook.com\\\/Hit-Air-Protection-GmbH-270395383008432\\\/\"]}]}<\/script>\n<!-- \/ Yoast SEO plugin. -->","yoast_head_json":{"title":"AGB | HitAir","robots":{"index":"index","follow":"follow","max-snippet":"max-snippet:-1","max-image-preview":"max-image-preview:large","max-video-preview":"max-video-preview:-1"},"canonical":"https:\/\/hit-air.de\/nl\/agb\/","og_locale":"nl_NL","og_type":"article","og_title":"AGB | HitAir","og_description":"Allgemeine Gesch\u00e4ftsbedingungen Vertragsbedingungen im Rahmen von Kaufvertr\u00e4gen die \u00fcber die Plattform\u00a0https:\/\/hit-air.de zwischen Hit Air Protection GmbH Weitzgrund 11 14806 Bad Belzig Tel.: +493384144450 eingetragen im Handelsregister des Amtsgerichts Potsdam: HRB 22353 P vertreten durch den Gesch\u00e4ftsf\u00fchrer Steffen Butensch\u00f6n USt.Identifikationsnummer DE265932951 \u2013 im Folgenden\u00a0\u201eAnbieter\u201c\u00a0\u2013 und den in \u00a7 2 dieser AGB bezeichneten Nutzern dieser Plattform\u00a0\u2013 im [&hellip;]","og_url":"https:\/\/hit-air.de\/nl\/agb\/","og_site_name":"HitAir","article_publisher":"https:\/\/www.facebook.com\/Hit-Air-Protection-GmbH-270395383008432\/","article_modified_time":"2025-09-11T08:50:29+00:00","twitter_card":"summary_large_image","twitter_misc":{"Geschatte leestijd":"6 minuten"},"schema":{"@context":"https:\/\/schema.org","@graph":[{"@type":"WebPage","@id":"https:\/\/hit-air.de\/agb\/","url":"https:\/\/hit-air.de\/agb\/","name":"AGB | HitAir","isPartOf":{"@id":"https:\/\/hit-air.de\/#website"},"datePublished":"2016-05-26T22:07:49+00:00","dateModified":"2025-09-11T08:50:29+00:00","breadcrumb":{"@id":"https:\/\/hit-air.de\/agb\/#breadcrumb"},"inLanguage":"nl-NL","potentialAction":[{"@type":"ReadAction","target":["https:\/\/hit-air.de\/agb\/"]}]},{"@type":"BreadcrumbList","@id":"https:\/\/hit-air.de\/agb\/#breadcrumb","itemListElement":[{"@type":"ListItem","position":1,"name":"Home","item":"https:\/\/hit-air.de\/"},{"@type":"ListItem","position":2,"name":"AGB"}]},{"@type":"WebSite","@id":"https:\/\/hit-air.de\/#website","url":"https:\/\/hit-air.de\/","name":"HitAir","description":"Airbagsysteem","publisher":{"@id":"https:\/\/hit-air.de\/#organization"},"potentialAction":[{"@type":"SearchAction","target":{"@type":"EntryPoint","urlTemplate":"https:\/\/hit-air.de\/?s={search_term_string}"},"query-input":{"@type":"PropertyValueSpecification","valueRequired":true,"valueName":"search_term_string"}}],"inLanguage":"nl-NL"},{"@type":"Organization","@id":"https:\/\/hit-air.de\/#organization","name":"Lucht raken","url":"https:\/\/hit-air.de\/","logo":{"@type":"ImageObject","inLanguage":"nl-NL","@id":"https:\/\/hit-air.de\/#\/schema\/logo\/image\/","url":"https:\/\/hit-air.de\/wp-content\/uploads\/2016\/05\/hitair-logo-quer_dark.png","contentUrl":"https:\/\/hit-air.de\/wp-content\/uploads\/2016\/05\/hitair-logo-quer_dark.png","width":616,"height":149,"caption":"Hit Air"},"image":{"@id":"https:\/\/hit-air.de\/#\/schema\/logo\/image\/"},"sameAs":["https:\/\/www.facebook.com\/Hit-Air-Protection-GmbH-270395383008432\/"]}]}},"_links":{"self":[{"href":"https:\/\/hit-air.de\/nl\/wp-json\/wp\/v2\/pages\/12023","targetHints":{"allow":["GET"]}}],"collection":[{"href":"https:\/\/hit-air.de\/nl\/wp-json\/wp\/v2\/pages"}],"about":[{"href":"https:\/\/hit-air.de\/nl\/wp-json\/wp\/v2\/types\/page"}],"author":[{"embeddable":true,"href":"https:\/\/hit-air.de\/nl\/wp-json\/wp\/v2\/users\/1"}],"replies":[{"embeddable":true,"href":"https:\/\/hit-air.de\/nl\/wp-json\/wp\/v2\/comments?post=12023"}],"version-history":[{"count":1,"href":"https:\/\/hit-air.de\/nl\/wp-json\/wp\/v2\/pages\/12023\/revisions"}],"predecessor-version":[{"id":130379,"href":"https:\/\/hit-air.de\/nl\/wp-json\/wp\/v2\/pages\/12023\/revisions\/130379"}],"wp:attachment":[{"href":"https:\/\/hit-air.de\/nl\/wp-json\/wp\/v2\/media?parent=12023"}],"curies":[{"name":"wp","href":"https:\/\/api.w.org\/{rel}","templated":true}]}}