{"id":127339,"date":"2024-05-15T09:09:06","date_gmt":"2024-05-15T08:09:06","guid":{"rendered":"https:\/\/hit-air.de\/?post_type=product&#038;p=127339"},"modified":"2026-03-24T18:52:44","modified_gmt":"2026-03-24T17:52:44","slug":"cosiair","status":"publish","type":"product","link":"https:\/\/hit-air.de\/it\/shop\/reiter\/cosiair\/","title":{"rendered":"Cosiair"},"content":{"rendered":"<p>Il nuovo gilet airbag convince per il suo aspetto poco appariscente e per l'elevatissimo comfort di utilizzo.<\/p>\n<p>Questo airbag leggero pesa circa 900 grammi ed \u00e8 realizzato in materiale a rete sottile, traspirante ed elasticizzato, che rende questo gilet estremamente confortevole. Avvolto nel suo materiale esterno leggero, si adatta perfettamente a chi lo indossa ed \u00e8 comunque molto ben ventilato.<br \/>\nCome tutti i nostri gilet, anche il Cosiair \u00e8 dotato di un ampio cuscino per le vertebre cervicali.<\/p>\n<p style=\"font-weight: 400;\">Naturalmente, come tutti i prodotti Hitair, \u00e8 dotato dello speciale cuscino per il collo per le emergenze e di cuscini airbag nella zona del torace e della schiena. Il cuscino pelvico pieghevole aggiuntivo \u00e8 stato omesso.<\/p>\n<p>Il design sottile intorno al meccanismo di sgancio e alla cartuccia fa s\u00ec che entrambi appaiano poco visibili e meno presenti.<br \/>\nIl gilet \u00e8 disponibile nelle taglie S, M e L. Le taglie S e M richiedono una cartuccia da 50 cc. La taglia L richiede una cartuccia da 60 cc.<br \/>\nIl gilet viene fornito con una cartuccia, un connettore a sella e un manuale di istruzioni che include il ToolKit.<\/p>\n<p>-Peso ridotto (0,9 - 1,1 kg a seconda delle dimensioni)<br \/>\nMateriale flessibile e ben ventilato<br \/>\n-Materiale: tomaia elasticizzata (nylon 91%, poliuretano 9%)<br \/>\nRete elastica (nylon 85%, poliuretano 15%)<br \/>\nRipstop (Nylon 100%)<br \/>\nMaglia d'aria (poliestere 100%)<\/p>\n<p style=\"font-weight: 400;\">Un prodotto per tutti coloro che desiderano proteggere la parte superiore del corpo ma che in precedenza trovavano gli airbag troppo ingombranti, scomodi o pesanti.<\/p>","protected":false},"excerpt":{"rendered":"<p>Die neue Airbagweste besticht durch ihr unauff\u00e4lliges Auftreten und extrem hohen Tragekomfort. Das Leichtgewicht unter den Airbags wiegt ca 900 Gramm und besteht aus d\u00fcnnem, luftdurchl\u00e4ssigem und elastischem Meshmaterial, welches diese Weste extrem komfortabel macht. Verpackt in ihr leichtes Obermaterial passt sie sich dem Tr\u00e4ger perfekt an und ist dabei trotzdem sehr gut bel\u00fcftet. Wie [&hellip;]<\/p>\n","protected":false},"featured_media":132270,"comment_status":"open","ping_status":"closed","template":"","meta":[],"product_brand":[],"product_cat":[82,105],"product_tag":[],"class_list":{"0":"post-127339","1":"product","2":"type-product","3":"status-publish","4":"has-post-thumbnail","6":"product_cat-reiter","7":"product_cat-airbagwesten","9":"first","10":"instock","11":"taxable","12":"shipping-taxable","13":"purchasable","14":"product-type-variable"},"yoast_head":"<!-- This site is optimized with the Yoast SEO plugin v27.3 - https:\/\/yoast.com\/product\/yoast-seo-wordpress\/ -->\n<title>Cosiair VH Airbag-Weste kaufen | Eleganter Schutz von Hit-Air<\/title>\n<meta name=\"description\" content=\"Die Cosiair VH Airbag-Weste von Hit-Air kombiniert Stil &amp; Sicherheit. Leicht, elegant und CE-gepr\u00fcft \u2013 ideal f\u00fcr Reiter:innen, die Komfort und Schutz verbinden m\u00f6chten.\" \/>\n<meta name=\"robots\" content=\"index, follow, max-snippet:-1, max-image-preview:large, max-video-preview:-1\" \/>\n<link rel=\"canonical\" href=\"https:\/\/hit-air.de\/it\/negozio\/cavaliere\/cosiair\/\" \/>\n<meta property=\"og:locale\" content=\"it_IT\" \/>\n<meta property=\"og:type\" content=\"article\" \/>\n<meta property=\"og:title\" content=\"Cosiair VH Airbag-Weste kaufen | Eleganter Schutz von Hit-Air\" \/>\n<meta property=\"og:description\" content=\"Die Cosiair VH Airbag-Weste von Hit-Air kombiniert Stil &amp; Sicherheit. Leicht, elegant und CE-gepr\u00fcft \u2013 ideal f\u00fcr Reiter:innen, die Komfort und Schutz verbinden m\u00f6chten.\" \/>\n<meta property=\"og:url\" content=\"https:\/\/hit-air.de\/it\/negozio\/cavaliere\/cosiair\/\" \/>\n<meta property=\"og:site_name\" content=\"HitAir\" \/>\n<meta property=\"article:publisher\" content=\"https:\/\/www.facebook.com\/Hit-Air-Protection-GmbH-270395383008432\/\" \/>\n<meta property=\"article:modified_time\" content=\"2026-03-24T17:52:44+00:00\" \/>\n<meta property=\"og:image\" content=\"https:\/\/hit-air.de\/wp-content\/uploads\/2024\/05\/vh-m-fb-400x467-1.jpg\" \/>\n\t<meta property=\"og:image:width\" content=\"400\" \/>\n\t<meta property=\"og:image:height\" content=\"467\" \/>\n\t<meta property=\"og:image:type\" content=\"image\/jpeg\" \/>\n<meta name=\"twitter:card\" content=\"summary_large_image\" \/>\n<meta name=\"twitter:label1\" content=\"Tempo di lettura stimato\" \/>\n\t<meta name=\"twitter:data1\" content=\"2 minuti\" \/>\n<script type=\"application\/ld+json\" class=\"yoast-schema-graph\">{\"@context\":\"https:\\\/\\\/schema.org\",\"@graph\":[{\"@type\":\"WebPage\",\"@id\":\"https:\\\/\\\/hit-air.de\\\/shop\\\/reiter\\\/cosiair\\\/\",\"url\":\"https:\\\/\\\/hit-air.de\\\/shop\\\/reiter\\\/cosiair\\\/\",\"name\":\"Cosiair VH Airbag-Weste kaufen | Eleganter Schutz von Hit-Air\",\"isPartOf\":{\"@id\":\"https:\\\/\\\/hit-air.de\\\/#website\"},\"primaryImageOfPage\":{\"@id\":\"https:\\\/\\\/hit-air.de\\\/shop\\\/reiter\\\/cosiair\\\/#primaryimage\"},\"image\":{\"@id\":\"https:\\\/\\\/hit-air.de\\\/shop\\\/reiter\\\/cosiair\\\/#primaryimage\"},\"thumbnailUrl\":\"https:\\\/\\\/hit-air.de\\\/wp-content\\\/uploads\\\/2024\\\/05\\\/vh-m-fb-400x467-1.jpg\",\"datePublished\":\"2024-05-15T08:09:06+00:00\",\"dateModified\":\"2026-03-24T17:52:44+00:00\",\"description\":\"Die Cosiair VH Airbag-Weste von Hit-Air kombiniert Stil & Sicherheit. Leicht, elegant und CE-gepr\u00fcft \u2013 ideal f\u00fcr Reiter:innen, die Komfort und Schutz verbinden m\u00f6chten.\",\"breadcrumb\":{\"@id\":\"https:\\\/\\\/hit-air.de\\\/shop\\\/reiter\\\/cosiair\\\/#breadcrumb\"},\"inLanguage\":\"it-IT\",\"potentialAction\":[{\"@type\":\"ReadAction\",\"target\":[\"https:\\\/\\\/hit-air.de\\\/shop\\\/reiter\\\/cosiair\\\/\"]}]},{\"@type\":\"ImageObject\",\"inLanguage\":\"it-IT\",\"@id\":\"https:\\\/\\\/hit-air.de\\\/shop\\\/reiter\\\/cosiair\\\/#primaryimage\",\"url\":\"https:\\\/\\\/hit-air.de\\\/wp-content\\\/uploads\\\/2024\\\/05\\\/vh-m-fb-400x467-1.jpg\",\"contentUrl\":\"https:\\\/\\\/hit-air.de\\\/wp-content\\\/uploads\\\/2024\\\/05\\\/vh-m-fb-400x467-1.jpg\",\"width\":400,\"height\":467,\"caption\":\"Hit-Air Cosiair VH Airbag-Weste \u2013 elegante Sicherheitsweste f\u00fcr Reiter:innen\"},{\"@type\":\"BreadcrumbList\",\"@id\":\"https:\\\/\\\/hit-air.de\\\/shop\\\/reiter\\\/cosiair\\\/#breadcrumb\",\"itemListElement\":[{\"@type\":\"ListItem\",\"position\":1,\"name\":\"Home\",\"item\":\"https:\\\/\\\/hit-air.de\\\/\"},{\"@type\":\"ListItem\",\"position\":2,\"name\":\"Shop\",\"item\":\"https:\\\/\\\/hit-air.de\\\/shop\\\/\"},{\"@type\":\"ListItem\",\"position\":3,\"name\":\"Cosiair\"}]},{\"@type\":\"WebSite\",\"@id\":\"https:\\\/\\\/hit-air.de\\\/#website\",\"url\":\"https:\\\/\\\/hit-air.de\\\/\",\"name\":\"HitAir\",\"description\":\"Air-Bag System\",\"publisher\":{\"@id\":\"https:\\\/\\\/hit-air.de\\\/#organization\"},\"potentialAction\":[{\"@type\":\"SearchAction\",\"target\":{\"@type\":\"EntryPoint\",\"urlTemplate\":\"https:\\\/\\\/hit-air.de\\\/?s={search_term_string}\"},\"query-input\":{\"@type\":\"PropertyValueSpecification\",\"valueRequired\":true,\"valueName\":\"search_term_string\"}}],\"inLanguage\":\"it-IT\"},{\"@type\":\"Organization\",\"@id\":\"https:\\\/\\\/hit-air.de\\\/#organization\",\"name\":\"Hit Air\",\"url\":\"https:\\\/\\\/hit-air.de\\\/\",\"logo\":{\"@type\":\"ImageObject\",\"inLanguage\":\"it-IT\",\"@id\":\"https:\\\/\\\/hit-air.de\\\/#\\\/schema\\\/logo\\\/image\\\/\",\"url\":\"https:\\\/\\\/hit-air.de\\\/wp-content\\\/uploads\\\/2016\\\/05\\\/hitair-logo-quer_dark.png\",\"contentUrl\":\"https:\\\/\\\/hit-air.de\\\/wp-content\\\/uploads\\\/2016\\\/05\\\/hitair-logo-quer_dark.png\",\"width\":616,\"height\":149,\"caption\":\"Hit Air\"},\"image\":{\"@id\":\"https:\\\/\\\/hit-air.de\\\/#\\\/schema\\\/logo\\\/image\\\/\"},\"sameAs\":[\"https:\\\/\\\/www.facebook.com\\\/Hit-Air-Protection-GmbH-270395383008432\\\/\"]}]}<\/script>\n<!-- \/ Yoast SEO plugin. -->","yoast_head_json":{"title":"Acquista il gilet airbag Cosiair VH | Elegante protezione da Hit-Air","description":"Il gilet airbag Cosiair VH di Hit-Air unisce stile e sicurezza. Leggero, elegante e omologato CE, \u00e8 ideale per i motociclisti che desiderano combinare comfort e protezione.","robots":{"index":"index","follow":"follow","max-snippet":"max-snippet:-1","max-image-preview":"max-image-preview:large","max-video-preview":"max-video-preview:-1"},"canonical":"https:\/\/hit-air.de\/it\/negozio\/cavaliere\/cosiair\/","og_locale":"it_IT","og_type":"article","og_title":"Cosiair VH Airbag-Weste kaufen | Eleganter Schutz von Hit-Air","og_description":"Die Cosiair VH Airbag-Weste von Hit-Air kombiniert Stil & Sicherheit. Leicht, elegant und CE-gepr\u00fcft \u2013 ideal f\u00fcr Reiter:innen, die Komfort und Schutz verbinden m\u00f6chten.","og_url":"https:\/\/hit-air.de\/it\/negozio\/cavaliere\/cosiair\/","og_site_name":"HitAir","article_publisher":"https:\/\/www.facebook.com\/Hit-Air-Protection-GmbH-270395383008432\/","article_modified_time":"2026-03-24T17:52:44+00:00","og_image":[{"width":400,"height":467,"url":"https:\/\/hit-air.de\/wp-content\/uploads\/2024\/05\/vh-m-fb-400x467-1.jpg","type":"image\/jpeg"}],"twitter_card":"summary_large_image","twitter_misc":{"Tempo di lettura stimato":"2 minuti"},"schema":{"@context":"https:\/\/schema.org","@graph":[{"@type":"WebPage","@id":"https:\/\/hit-air.de\/shop\/reiter\/cosiair\/","url":"https:\/\/hit-air.de\/shop\/reiter\/cosiair\/","name":"Acquista il gilet airbag Cosiair VH | Elegante protezione da Hit-Air","isPartOf":{"@id":"https:\/\/hit-air.de\/#website"},"primaryImageOfPage":{"@id":"https:\/\/hit-air.de\/shop\/reiter\/cosiair\/#primaryimage"},"image":{"@id":"https:\/\/hit-air.de\/shop\/reiter\/cosiair\/#primaryimage"},"thumbnailUrl":"https:\/\/hit-air.de\/wp-content\/uploads\/2024\/05\/vh-m-fb-400x467-1.jpg","datePublished":"2024-05-15T08:09:06+00:00","dateModified":"2026-03-24T17:52:44+00:00","description":"Il gilet airbag Cosiair VH di Hit-Air unisce stile e sicurezza. Leggero, elegante e omologato CE, \u00e8 ideale per i motociclisti che desiderano combinare comfort e protezione.","breadcrumb":{"@id":"https:\/\/hit-air.de\/shop\/reiter\/cosiair\/#breadcrumb"},"inLanguage":"it-IT","potentialAction":[{"@type":"ReadAction","target":["https:\/\/hit-air.de\/shop\/reiter\/cosiair\/"]}]},{"@type":"ImageObject","inLanguage":"it-IT","@id":"https:\/\/hit-air.de\/shop\/reiter\/cosiair\/#primaryimage","url":"https:\/\/hit-air.de\/wp-content\/uploads\/2024\/05\/vh-m-fb-400x467-1.jpg","contentUrl":"https:\/\/hit-air.de\/wp-content\/uploads\/2024\/05\/vh-m-fb-400x467-1.jpg","width":400,"height":467,"caption":"Hit-Air Cosiair VH Airbag-Weste \u2013 elegante Sicherheitsweste f\u00fcr Reiter:innen"},{"@type":"BreadcrumbList","@id":"https:\/\/hit-air.de\/shop\/reiter\/cosiair\/#breadcrumb","itemListElement":[{"@type":"ListItem","position":1,"name":"Home","item":"https:\/\/hit-air.de\/"},{"@type":"ListItem","position":2,"name":"Shop","item":"https:\/\/hit-air.de\/shop\/"},{"@type":"ListItem","position":3,"name":"Cosiair"}]},{"@type":"WebSite","@id":"https:\/\/hit-air.de\/#website","url":"https:\/\/hit-air.de\/","name":"HitAir","description":"Sistema Air-Bag","publisher":{"@id":"https:\/\/hit-air.de\/#organization"},"potentialAction":[{"@type":"SearchAction","target":{"@type":"EntryPoint","urlTemplate":"https:\/\/hit-air.de\/?s={search_term_string}"},"query-input":{"@type":"PropertyValueSpecification","valueRequired":true,"valueName":"search_term_string"}}],"inLanguage":"it-IT"},{"@type":"Organization","@id":"https:\/\/hit-air.de\/#organization","name":"Hit Air","url":"https:\/\/hit-air.de\/","logo":{"@type":"ImageObject","inLanguage":"it-IT","@id":"https:\/\/hit-air.de\/#\/schema\/logo\/image\/","url":"https:\/\/hit-air.de\/wp-content\/uploads\/2016\/05\/hitair-logo-quer_dark.png","contentUrl":"https:\/\/hit-air.de\/wp-content\/uploads\/2016\/05\/hitair-logo-quer_dark.png","width":616,"height":149,"caption":"Hit Air"},"image":{"@id":"https:\/\/hit-air.de\/#\/schema\/logo\/image\/"},"sameAs":["https:\/\/www.facebook.com\/Hit-Air-Protection-GmbH-270395383008432\/"]}]}},"_links":{"self":[{"href":"https:\/\/hit-air.de\/it\/wp-json\/wp\/v2\/product\/127339","targetHints":{"allow":["GET"]}}],"collection":[{"href":"https:\/\/hit-air.de\/it\/wp-json\/wp\/v2\/product"}],"about":[{"href":"https:\/\/hit-air.de\/it\/wp-json\/wp\/v2\/types\/product"}],"replies":[{"embeddable":true,"href":"https:\/\/hit-air.de\/it\/wp-json\/wp\/v2\/comments?post=127339"}],"wp:featuredmedia":[{"embeddable":true,"href":"https:\/\/hit-air.de\/it\/wp-json\/wp\/v2\/media\/132270"}],"wp:attachment":[{"href":"https:\/\/hit-air.de\/it\/wp-json\/wp\/v2\/media?parent=127339"}],"wp:term":[{"taxonomy":"product_brand","embeddable":true,"href":"https:\/\/hit-air.de\/it\/wp-json\/wp\/v2\/product_brand?post=127339"},{"taxonomy":"product_cat","embeddable":true,"href":"https:\/\/hit-air.de\/it\/wp-json\/wp\/v2\/product_cat?post=127339"},{"taxonomy":"product_tag","embeddable":true,"href":"https:\/\/hit-air.de\/it\/wp-json\/wp\/v2\/product_tag?post=127339"}],"curies":[{"name":"wp","href":"https:\/\/api.w.org\/{rel}","templated":true}]}}