{"id":124914,"date":"2023-05-09T08:32:31","date_gmt":"2023-05-09T07:32:31","guid":{"rendered":"https:\/\/hit-air.de\/?post_type=product&#038;p=124914"},"modified":"2026-04-10T09:04:35","modified_gmt":"2026-04-10T08:04:35","slug":"copia-per-bambini-dello-sci-di-fondo","status":"publish","type":"product","link":"https:\/\/hit-air.de\/it\/shop\/zubehor\/crosscountry-kids-kopie\/","title":{"rendered":"Estensione della chiusura"},"content":{"rendered":"<p>L'estensione pratica della chiusura del gilet airbag. .<br \/>\nAd esempio, anche gli indumenti invernali pi\u00f9 spessi entrano sotto il gilet protettivo.<\/p>","protected":false},"excerpt":{"rendered":"<p>Estensione della chiusura del gilet Hit-Air \u201eGuardian\u201c.<\/p>","protected":false},"featured_media":132272,"comment_status":"open","ping_status":"closed","template":"","meta":[],"product_brand":[],"product_cat":[85],"product_tag":[148,149,150,151,152],"class_list":{"0":"post-124914","1":"product","2":"type-product","3":"status-publish","4":"has-post-thumbnail","6":"product_cat-zubehor","7":"product_tag-reiterairbag","8":"product_tag-reitweste-mit-airbag","9":"product_tag-hitair","10":"product_tag-hit-air","11":"product_tag-hit-air-airbag","12":"product_shipping_class-versand-kleinteile","14":"first","15":"instock","16":"taxable","17":"shipping-taxable","18":"purchasable","19":"product-type-simple"},"yoast_head":"<!-- This site is optimized with the Yoast SEO plugin v27.3 - https:\/\/yoast.com\/product\/yoast-seo-wordpress\/ -->\n<title>Verl\u00e4ngerung Verschluss kaufen | Zubeh\u00f6r f\u00fcr Hit-Air<\/title>\n<meta name=\"description\" content=\"Praktische Verschluss-Verl\u00e4ngerung f\u00fcr Hit-Air Airbag-Westen. Ideal f\u00fcr das Modell Guardian \u2013 sorgt f\u00fcr perfekte Passform und zus\u00e4tzlichen Komfort beim Tragen.\" \/>\n<meta name=\"robots\" content=\"index, follow, max-snippet:-1, max-image-preview:large, max-video-preview:-1\" \/>\n<link rel=\"canonical\" href=\"https:\/\/hit-air.de\/it\/negozio\/accessori\/copia-per-bambini-dello-sci-di-fondo\/\" \/>\n<meta property=\"og:locale\" content=\"it_IT\" \/>\n<meta property=\"og:type\" content=\"article\" \/>\n<meta property=\"og:title\" content=\"Verl\u00e4ngerung Verschluss kaufen | Zubeh\u00f6r f\u00fcr Hit-Air\" \/>\n<meta property=\"og:description\" content=\"Praktische Verschluss-Verl\u00e4ngerung f\u00fcr Hit-Air Airbag-Westen. Ideal f\u00fcr das Modell Guardian \u2013 sorgt f\u00fcr perfekte Passform und zus\u00e4tzlichen Komfort beim Tragen.\" \/>\n<meta property=\"og:url\" content=\"https:\/\/hit-air.de\/it\/negozio\/accessori\/copia-per-bambini-dello-sci-di-fondo\/\" \/>\n<meta property=\"og:site_name\" content=\"HitAir\" \/>\n<meta property=\"article:publisher\" content=\"https:\/\/www.facebook.com\/Hit-Air-Protection-GmbH-270395383008432\/\" \/>\n<meta property=\"article:modified_time\" content=\"2026-04-10T08:04:35+00:00\" \/>\n<meta property=\"og:image\" content=\"https:\/\/hit-air.de\/wp-content\/uploads\/2023\/05\/IMG_4042-scaled-2-400x533-1.jpeg\" \/>\n\t<meta property=\"og:image:width\" content=\"400\" \/>\n\t<meta property=\"og:image:height\" content=\"533\" \/>\n\t<meta property=\"og:image:type\" content=\"image\/jpeg\" \/>\n<meta name=\"twitter:card\" content=\"summary_large_image\" \/>\n<meta name=\"twitter:label1\" content=\"Tempo di lettura stimato\" \/>\n\t<meta name=\"twitter:data1\" content=\"1 minuto\" \/>\n<script type=\"application\/ld+json\" class=\"yoast-schema-graph\">{\"@context\":\"https:\\\/\\\/schema.org\",\"@graph\":[{\"@type\":\"WebPage\",\"@id\":\"https:\\\/\\\/hit-air.de\\\/shop\\\/zubehor\\\/crosscountry-kids-kopie\\\/\",\"url\":\"https:\\\/\\\/hit-air.de\\\/shop\\\/zubehor\\\/crosscountry-kids-kopie\\\/\",\"name\":\"Verl\u00e4ngerung Verschluss kaufen | Zubeh\u00f6r f\u00fcr Hit-Air\",\"isPartOf\":{\"@id\":\"https:\\\/\\\/hit-air.de\\\/#website\"},\"primaryImageOfPage\":{\"@id\":\"https:\\\/\\\/hit-air.de\\\/shop\\\/zubehor\\\/crosscountry-kids-kopie\\\/#primaryimage\"},\"image\":{\"@id\":\"https:\\\/\\\/hit-air.de\\\/shop\\\/zubehor\\\/crosscountry-kids-kopie\\\/#primaryimage\"},\"thumbnailUrl\":\"https:\\\/\\\/hit-air.de\\\/wp-content\\\/uploads\\\/2023\\\/05\\\/IMG_4042-scaled-2-400x533-1.jpeg\",\"datePublished\":\"2023-05-09T07:32:31+00:00\",\"dateModified\":\"2026-04-10T08:04:35+00:00\",\"description\":\"Praktische Verschluss-Verl\u00e4ngerung f\u00fcr Hit-Air Airbag-Westen. Ideal f\u00fcr das Modell Guardian \u2013 sorgt f\u00fcr perfekte Passform und zus\u00e4tzlichen Komfort beim Tragen.\",\"breadcrumb\":{\"@id\":\"https:\\\/\\\/hit-air.de\\\/shop\\\/zubehor\\\/crosscountry-kids-kopie\\\/#breadcrumb\"},\"inLanguage\":\"it-IT\",\"potentialAction\":[{\"@type\":\"ReadAction\",\"target\":[\"https:\\\/\\\/hit-air.de\\\/shop\\\/zubehor\\\/crosscountry-kids-kopie\\\/\"]}]},{\"@type\":\"ImageObject\",\"inLanguage\":\"it-IT\",\"@id\":\"https:\\\/\\\/hit-air.de\\\/shop\\\/zubehor\\\/crosscountry-kids-kopie\\\/#primaryimage\",\"url\":\"https:\\\/\\\/hit-air.de\\\/wp-content\\\/uploads\\\/2023\\\/05\\\/IMG_4042-scaled-2-400x533-1.jpeg\",\"contentUrl\":\"https:\\\/\\\/hit-air.de\\\/wp-content\\\/uploads\\\/2023\\\/05\\\/IMG_4042-scaled-2-400x533-1.jpeg\",\"width\":400,\"height\":533,\"caption\":\"Verl\u00e4ngerung Verschluss \u2013 Ersatzteil & Zubeh\u00f6r f\u00fcr Hit-Air Airbag-Westen\"},{\"@type\":\"BreadcrumbList\",\"@id\":\"https:\\\/\\\/hit-air.de\\\/shop\\\/zubehor\\\/crosscountry-kids-kopie\\\/#breadcrumb\",\"itemListElement\":[{\"@type\":\"ListItem\",\"position\":1,\"name\":\"Home\",\"item\":\"https:\\\/\\\/hit-air.de\\\/\"},{\"@type\":\"ListItem\",\"position\":2,\"name\":\"Shop\",\"item\":\"https:\\\/\\\/hit-air.de\\\/shop\\\/\"},{\"@type\":\"ListItem\",\"position\":3,\"name\":\"Verl\u00e4ngerung Verschluss\"}]},{\"@type\":\"WebSite\",\"@id\":\"https:\\\/\\\/hit-air.de\\\/#website\",\"url\":\"https:\\\/\\\/hit-air.de\\\/\",\"name\":\"HitAir\",\"description\":\"Air-Bag System\",\"publisher\":{\"@id\":\"https:\\\/\\\/hit-air.de\\\/#organization\"},\"potentialAction\":[{\"@type\":\"SearchAction\",\"target\":{\"@type\":\"EntryPoint\",\"urlTemplate\":\"https:\\\/\\\/hit-air.de\\\/?s={search_term_string}\"},\"query-input\":{\"@type\":\"PropertyValueSpecification\",\"valueRequired\":true,\"valueName\":\"search_term_string\"}}],\"inLanguage\":\"it-IT\"},{\"@type\":\"Organization\",\"@id\":\"https:\\\/\\\/hit-air.de\\\/#organization\",\"name\":\"Hit Air\",\"url\":\"https:\\\/\\\/hit-air.de\\\/\",\"logo\":{\"@type\":\"ImageObject\",\"inLanguage\":\"it-IT\",\"@id\":\"https:\\\/\\\/hit-air.de\\\/#\\\/schema\\\/logo\\\/image\\\/\",\"url\":\"https:\\\/\\\/hit-air.de\\\/wp-content\\\/uploads\\\/2016\\\/05\\\/hitair-logo-quer_dark.png\",\"contentUrl\":\"https:\\\/\\\/hit-air.de\\\/wp-content\\\/uploads\\\/2016\\\/05\\\/hitair-logo-quer_dark.png\",\"width\":616,\"height\":149,\"caption\":\"Hit Air\"},\"image\":{\"@id\":\"https:\\\/\\\/hit-air.de\\\/#\\\/schema\\\/logo\\\/image\\\/\"},\"sameAs\":[\"https:\\\/\\\/www.facebook.com\\\/Hit-Air-Protection-GmbH-270395383008432\\\/\"]}]}<\/script>\n<!-- \/ Yoast SEO plugin. -->","yoast_head_json":{"title":"Acquista il blocco di estensione | Accessori per Hit-Air","description":"Pratica estensione di fissaggio per i gilet airbag Hit-Air. Ideale per il modello Guardian, garantisce una perfetta vestibilit\u00e0 e un maggiore comfort quando viene indossato.","robots":{"index":"index","follow":"follow","max-snippet":"max-snippet:-1","max-image-preview":"max-image-preview:large","max-video-preview":"max-video-preview:-1"},"canonical":"https:\/\/hit-air.de\/it\/negozio\/accessori\/copia-per-bambini-dello-sci-di-fondo\/","og_locale":"it_IT","og_type":"article","og_title":"Verl\u00e4ngerung Verschluss kaufen | Zubeh\u00f6r f\u00fcr Hit-Air","og_description":"Praktische Verschluss-Verl\u00e4ngerung f\u00fcr Hit-Air Airbag-Westen. Ideal f\u00fcr das Modell Guardian \u2013 sorgt f\u00fcr perfekte Passform und zus\u00e4tzlichen Komfort beim Tragen.","og_url":"https:\/\/hit-air.de\/it\/negozio\/accessori\/copia-per-bambini-dello-sci-di-fondo\/","og_site_name":"HitAir","article_publisher":"https:\/\/www.facebook.com\/Hit-Air-Protection-GmbH-270395383008432\/","article_modified_time":"2026-04-10T08:04:35+00:00","og_image":[{"width":400,"height":533,"url":"https:\/\/hit-air.de\/wp-content\/uploads\/2023\/05\/IMG_4042-scaled-2-400x533-1.jpeg","type":"image\/jpeg"}],"twitter_card":"summary_large_image","twitter_misc":{"Tempo di lettura stimato":"1 minuto"},"schema":{"@context":"https:\/\/schema.org","@graph":[{"@type":"WebPage","@id":"https:\/\/hit-air.de\/shop\/zubehor\/crosscountry-kids-kopie\/","url":"https:\/\/hit-air.de\/shop\/zubehor\/crosscountry-kids-kopie\/","name":"Acquista il blocco di estensione | Accessori per Hit-Air","isPartOf":{"@id":"https:\/\/hit-air.de\/#website"},"primaryImageOfPage":{"@id":"https:\/\/hit-air.de\/shop\/zubehor\/crosscountry-kids-kopie\/#primaryimage"},"image":{"@id":"https:\/\/hit-air.de\/shop\/zubehor\/crosscountry-kids-kopie\/#primaryimage"},"thumbnailUrl":"https:\/\/hit-air.de\/wp-content\/uploads\/2023\/05\/IMG_4042-scaled-2-400x533-1.jpeg","datePublished":"2023-05-09T07:32:31+00:00","dateModified":"2026-04-10T08:04:35+00:00","description":"Pratica estensione di fissaggio per i gilet airbag Hit-Air. Ideale per il modello Guardian, garantisce una perfetta vestibilit\u00e0 e un maggiore comfort quando viene indossato.","breadcrumb":{"@id":"https:\/\/hit-air.de\/shop\/zubehor\/crosscountry-kids-kopie\/#breadcrumb"},"inLanguage":"it-IT","potentialAction":[{"@type":"ReadAction","target":["https:\/\/hit-air.de\/shop\/zubehor\/crosscountry-kids-kopie\/"]}]},{"@type":"ImageObject","inLanguage":"it-IT","@id":"https:\/\/hit-air.de\/shop\/zubehor\/crosscountry-kids-kopie\/#primaryimage","url":"https:\/\/hit-air.de\/wp-content\/uploads\/2023\/05\/IMG_4042-scaled-2-400x533-1.jpeg","contentUrl":"https:\/\/hit-air.de\/wp-content\/uploads\/2023\/05\/IMG_4042-scaled-2-400x533-1.jpeg","width":400,"height":533,"caption":"Verl\u00e4ngerung Verschluss \u2013 Ersatzteil & Zubeh\u00f6r f\u00fcr Hit-Air Airbag-Westen"},{"@type":"BreadcrumbList","@id":"https:\/\/hit-air.de\/shop\/zubehor\/crosscountry-kids-kopie\/#breadcrumb","itemListElement":[{"@type":"ListItem","position":1,"name":"Home","item":"https:\/\/hit-air.de\/"},{"@type":"ListItem","position":2,"name":"Shop","item":"https:\/\/hit-air.de\/shop\/"},{"@type":"ListItem","position":3,"name":"Verl\u00e4ngerung Verschluss"}]},{"@type":"WebSite","@id":"https:\/\/hit-air.de\/#website","url":"https:\/\/hit-air.de\/","name":"HitAir","description":"Sistema Air-Bag","publisher":{"@id":"https:\/\/hit-air.de\/#organization"},"potentialAction":[{"@type":"SearchAction","target":{"@type":"EntryPoint","urlTemplate":"https:\/\/hit-air.de\/?s={search_term_string}"},"query-input":{"@type":"PropertyValueSpecification","valueRequired":true,"valueName":"search_term_string"}}],"inLanguage":"it-IT"},{"@type":"Organization","@id":"https:\/\/hit-air.de\/#organization","name":"Hit Air","url":"https:\/\/hit-air.de\/","logo":{"@type":"ImageObject","inLanguage":"it-IT","@id":"https:\/\/hit-air.de\/#\/schema\/logo\/image\/","url":"https:\/\/hit-air.de\/wp-content\/uploads\/2016\/05\/hitair-logo-quer_dark.png","contentUrl":"https:\/\/hit-air.de\/wp-content\/uploads\/2016\/05\/hitair-logo-quer_dark.png","width":616,"height":149,"caption":"Hit Air"},"image":{"@id":"https:\/\/hit-air.de\/#\/schema\/logo\/image\/"},"sameAs":["https:\/\/www.facebook.com\/Hit-Air-Protection-GmbH-270395383008432\/"]}]}},"_links":{"self":[{"href":"https:\/\/hit-air.de\/it\/wp-json\/wp\/v2\/product\/124914","targetHints":{"allow":["GET"]}}],"collection":[{"href":"https:\/\/hit-air.de\/it\/wp-json\/wp\/v2\/product"}],"about":[{"href":"https:\/\/hit-air.de\/it\/wp-json\/wp\/v2\/types\/product"}],"replies":[{"embeddable":true,"href":"https:\/\/hit-air.de\/it\/wp-json\/wp\/v2\/comments?post=124914"}],"wp:featuredmedia":[{"embeddable":true,"href":"https:\/\/hit-air.de\/it\/wp-json\/wp\/v2\/media\/132272"}],"wp:attachment":[{"href":"https:\/\/hit-air.de\/it\/wp-json\/wp\/v2\/media?parent=124914"}],"wp:term":[{"taxonomy":"product_brand","embeddable":true,"href":"https:\/\/hit-air.de\/it\/wp-json\/wp\/v2\/product_brand?post=124914"},{"taxonomy":"product_cat","embeddable":true,"href":"https:\/\/hit-air.de\/it\/wp-json\/wp\/v2\/product_cat?post=124914"},{"taxonomy":"product_tag","embeddable":true,"href":"https:\/\/hit-air.de\/it\/wp-json\/wp\/v2\/product_tag?post=124914"}],"curies":[{"name":"wp","href":"https:\/\/api.w.org\/{rel}","templated":true}]}}