{"id":12082,"date":"2016-05-27T09:05:39","date_gmt":"2016-05-27T09:05:39","guid":{"rendered":"https:\/\/hit-air.de\/?post_type=product&#038;p=12082"},"modified":"2025-11-07T11:44:49","modified_gmt":"2025-11-07T10:44:49","slug":"giacca-invernale-husky","status":"publish","type":"product","link":"https:\/\/hit-air.de\/it\/shop\/reiter\/husky-winterjacke\/","title":{"rendered":"Giacca invernale Husky"},"content":{"rendered":"<p>Husky - il pezzo forte dell'inverno!<br \/>\nQuesta giacca accogliente e confortevole vi terr\u00e0 al caldo anche nelle giornate particolarmente fredde.<br \/>\nIl tessuto morbido, completato dalla membrana impermeabile, \u00e8 la combinazione ideale di comfort e funzionalit\u00e0. Il bordo in pelliccia del cappuccio pu\u00f2 essere facilmente rimosso con una zip. Le cerniere hanno un'ulteriore tenuta impermeabile.<\/p>\n<p>Materiale: 100 poliestere %<\/p>","protected":false},"excerpt":{"rendered":"<p>Husky - il pezzo forte dell'inverno!<br \/>\nQuesta giacca accogliente e confortevole vi terr\u00e0 al caldo anche nelle giornate particolarmente fredde.<br \/>\nIl tessuto morbido, completato dalla membrana impermeabile, \u00e8 la combinazione ideale di comfort e funzionalit\u00e0. Il bordo in pelliccia del cappuccio pu\u00f2 essere facilmente rimosso con una zip. Le cerniere hanno un'ulteriore tenuta impermeabile.<\/p>\n<p>Materiale: 100 poliestere %<\/p>","protected":false},"featured_media":132633,"comment_status":"open","ping_status":"closed","template":"","meta":[],"product_brand":[],"product_cat":[82,104],"product_tag":[],"class_list":{"0":"post-12082","1":"product","2":"type-product","3":"status-publish","4":"has-post-thumbnail","6":"product_cat-reiter","7":"product_cat-jacken","8":"product_shipping_class-versand-paket","10":"first","11":"instock","12":"taxable","13":"shipping-taxable","14":"purchasable","15":"product-type-variable"},"yoast_head":"<!-- This site is optimized with the Yoast SEO plugin v27.3 - https:\/\/yoast.com\/product\/yoast-seo-wordpress\/ -->\n<title>Husky Winterjacke | HitAir<\/title>\n<meta name=\"robots\" content=\"index, follow, max-snippet:-1, max-image-preview:large, max-video-preview:-1\" \/>\n<link rel=\"canonical\" href=\"https:\/\/hit-air.de\/it\/negozio\/cavaliere\/giacca-invernale-husky\/\" \/>\n<meta property=\"og:locale\" content=\"it_IT\" \/>\n<meta property=\"og:type\" content=\"article\" \/>\n<meta property=\"og:title\" content=\"Husky Winterjacke | HitAir\" \/>\n<meta property=\"og:description\" content=\"Husky- das Winter-Highlight! Diese kuschelige und bequeme Jacke w\u00e4rmt Sie auch an besonders kalten Tagen. Der weiche Stoff, erg\u00e4nzt mit der wasserdichten Membran ist die ideale Kombination aus Tragekomfort und Funktionalit\u00e4t. Der Pelzsaum an der Kapuze ist durch einen Rei\u00dfverschlu\u00df leicht abnehmbar. Die Rei\u00dfverschl\u00fcsse sind extra wasserdicht verschlossen.  Material: 100 % Polyester\" \/>\n<meta property=\"og:url\" content=\"https:\/\/hit-air.de\/it\/negozio\/cavaliere\/giacca-invernale-husky\/\" \/>\n<meta property=\"og:site_name\" content=\"HitAir\" \/>\n<meta property=\"article:publisher\" content=\"https:\/\/www.facebook.com\/Hit-Air-Protection-GmbH-270395383008432\/\" \/>\n<meta property=\"article:modified_time\" content=\"2025-11-07T10:44:49+00:00\" \/>\n<meta property=\"og:image\" content=\"https:\/\/hit-air.de\/wp-content\/uploads\/2016\/05\/hitair_-_Husky-Winterjacke-1.jpg\" \/>\n\t<meta property=\"og:image:width\" content=\"832\" \/>\n\t<meta property=\"og:image:height\" content=\"1014\" \/>\n\t<meta property=\"og:image:type\" content=\"image\/jpeg\" \/>\n<meta name=\"twitter:card\" content=\"summary_large_image\" \/>\n<meta name=\"twitter:label1\" content=\"Tempo di lettura stimato\" \/>\n\t<meta name=\"twitter:data1\" content=\"1 minuto\" \/>\n<script type=\"application\/ld+json\" class=\"yoast-schema-graph\">{\"@context\":\"https:\\\/\\\/schema.org\",\"@graph\":[{\"@type\":\"WebPage\",\"@id\":\"https:\\\/\\\/hit-air.de\\\/shop\\\/reiter\\\/husky-winterjacke\\\/\",\"url\":\"https:\\\/\\\/hit-air.de\\\/shop\\\/reiter\\\/husky-winterjacke\\\/\",\"name\":\"Husky Winterjacke | HitAir\",\"isPartOf\":{\"@id\":\"https:\\\/\\\/hit-air.de\\\/#website\"},\"primaryImageOfPage\":{\"@id\":\"https:\\\/\\\/hit-air.de\\\/shop\\\/reiter\\\/husky-winterjacke\\\/#primaryimage\"},\"image\":{\"@id\":\"https:\\\/\\\/hit-air.de\\\/shop\\\/reiter\\\/husky-winterjacke\\\/#primaryimage\"},\"thumbnailUrl\":\"https:\\\/\\\/hit-air.de\\\/wp-content\\\/uploads\\\/2016\\\/05\\\/hitair_-_Husky-Winterjacke-1.jpg\",\"datePublished\":\"2016-05-27T09:05:39+00:00\",\"dateModified\":\"2025-11-07T10:44:49+00:00\",\"breadcrumb\":{\"@id\":\"https:\\\/\\\/hit-air.de\\\/shop\\\/reiter\\\/husky-winterjacke\\\/#breadcrumb\"},\"inLanguage\":\"it-IT\",\"potentialAction\":[{\"@type\":\"ReadAction\",\"target\":[\"https:\\\/\\\/hit-air.de\\\/shop\\\/reiter\\\/husky-winterjacke\\\/\"]}]},{\"@type\":\"ImageObject\",\"inLanguage\":\"it-IT\",\"@id\":\"https:\\\/\\\/hit-air.de\\\/shop\\\/reiter\\\/husky-winterjacke\\\/#primaryimage\",\"url\":\"https:\\\/\\\/hit-air.de\\\/wp-content\\\/uploads\\\/2016\\\/05\\\/hitair_-_Husky-Winterjacke-1.jpg\",\"contentUrl\":\"https:\\\/\\\/hit-air.de\\\/wp-content\\\/uploads\\\/2016\\\/05\\\/hitair_-_Husky-Winterjacke-1.jpg\",\"width\":832,\"height\":1014},{\"@type\":\"BreadcrumbList\",\"@id\":\"https:\\\/\\\/hit-air.de\\\/shop\\\/reiter\\\/husky-winterjacke\\\/#breadcrumb\",\"itemListElement\":[{\"@type\":\"ListItem\",\"position\":1,\"name\":\"Home\",\"item\":\"https:\\\/\\\/hit-air.de\\\/\"},{\"@type\":\"ListItem\",\"position\":2,\"name\":\"Shop\",\"item\":\"https:\\\/\\\/hit-air.de\\\/shop\\\/\"},{\"@type\":\"ListItem\",\"position\":3,\"name\":\"Husky Winterjacke\"}]},{\"@type\":\"WebSite\",\"@id\":\"https:\\\/\\\/hit-air.de\\\/#website\",\"url\":\"https:\\\/\\\/hit-air.de\\\/\",\"name\":\"HitAir\",\"description\":\"Air-Bag System\",\"publisher\":{\"@id\":\"https:\\\/\\\/hit-air.de\\\/#organization\"},\"potentialAction\":[{\"@type\":\"SearchAction\",\"target\":{\"@type\":\"EntryPoint\",\"urlTemplate\":\"https:\\\/\\\/hit-air.de\\\/?s={search_term_string}\"},\"query-input\":{\"@type\":\"PropertyValueSpecification\",\"valueRequired\":true,\"valueName\":\"search_term_string\"}}],\"inLanguage\":\"it-IT\"},{\"@type\":\"Organization\",\"@id\":\"https:\\\/\\\/hit-air.de\\\/#organization\",\"name\":\"Hit Air\",\"url\":\"https:\\\/\\\/hit-air.de\\\/\",\"logo\":{\"@type\":\"ImageObject\",\"inLanguage\":\"it-IT\",\"@id\":\"https:\\\/\\\/hit-air.de\\\/#\\\/schema\\\/logo\\\/image\\\/\",\"url\":\"https:\\\/\\\/hit-air.de\\\/wp-content\\\/uploads\\\/2016\\\/05\\\/hitair-logo-quer_dark.png\",\"contentUrl\":\"https:\\\/\\\/hit-air.de\\\/wp-content\\\/uploads\\\/2016\\\/05\\\/hitair-logo-quer_dark.png\",\"width\":616,\"height\":149,\"caption\":\"Hit Air\"},\"image\":{\"@id\":\"https:\\\/\\\/hit-air.de\\\/#\\\/schema\\\/logo\\\/image\\\/\"},\"sameAs\":[\"https:\\\/\\\/www.facebook.com\\\/Hit-Air-Protection-GmbH-270395383008432\\\/\"]}]}<\/script>\n<!-- \/ Yoast SEO plugin. -->","yoast_head_json":{"title":"Giacca invernale Husky | HitAir","robots":{"index":"index","follow":"follow","max-snippet":"max-snippet:-1","max-image-preview":"max-image-preview:large","max-video-preview":"max-video-preview:-1"},"canonical":"https:\/\/hit-air.de\/it\/negozio\/cavaliere\/giacca-invernale-husky\/","og_locale":"it_IT","og_type":"article","og_title":"Husky Winterjacke | HitAir","og_description":"Husky- das Winter-Highlight! Diese kuschelige und bequeme Jacke w\u00e4rmt Sie auch an besonders kalten Tagen. Der weiche Stoff, erg\u00e4nzt mit der wasserdichten Membran ist die ideale Kombination aus Tragekomfort und Funktionalit\u00e4t. Der Pelzsaum an der Kapuze ist durch einen Rei\u00dfverschlu\u00df leicht abnehmbar. Die Rei\u00dfverschl\u00fcsse sind extra wasserdicht verschlossen.  Material: 100 % Polyester","og_url":"https:\/\/hit-air.de\/it\/negozio\/cavaliere\/giacca-invernale-husky\/","og_site_name":"HitAir","article_publisher":"https:\/\/www.facebook.com\/Hit-Air-Protection-GmbH-270395383008432\/","article_modified_time":"2025-11-07T10:44:49+00:00","og_image":[{"width":832,"height":1014,"url":"https:\/\/hit-air.de\/wp-content\/uploads\/2016\/05\/hitair_-_Husky-Winterjacke-1.jpg","type":"image\/jpeg"}],"twitter_card":"summary_large_image","twitter_misc":{"Tempo di lettura stimato":"1 minuto"},"schema":{"@context":"https:\/\/schema.org","@graph":[{"@type":"WebPage","@id":"https:\/\/hit-air.de\/shop\/reiter\/husky-winterjacke\/","url":"https:\/\/hit-air.de\/shop\/reiter\/husky-winterjacke\/","name":"Giacca invernale Husky | HitAir","isPartOf":{"@id":"https:\/\/hit-air.de\/#website"},"primaryImageOfPage":{"@id":"https:\/\/hit-air.de\/shop\/reiter\/husky-winterjacke\/#primaryimage"},"image":{"@id":"https:\/\/hit-air.de\/shop\/reiter\/husky-winterjacke\/#primaryimage"},"thumbnailUrl":"https:\/\/hit-air.de\/wp-content\/uploads\/2016\/05\/hitair_-_Husky-Winterjacke-1.jpg","datePublished":"2016-05-27T09:05:39+00:00","dateModified":"2025-11-07T10:44:49+00:00","breadcrumb":{"@id":"https:\/\/hit-air.de\/shop\/reiter\/husky-winterjacke\/#breadcrumb"},"inLanguage":"it-IT","potentialAction":[{"@type":"ReadAction","target":["https:\/\/hit-air.de\/shop\/reiter\/husky-winterjacke\/"]}]},{"@type":"ImageObject","inLanguage":"it-IT","@id":"https:\/\/hit-air.de\/shop\/reiter\/husky-winterjacke\/#primaryimage","url":"https:\/\/hit-air.de\/wp-content\/uploads\/2016\/05\/hitair_-_Husky-Winterjacke-1.jpg","contentUrl":"https:\/\/hit-air.de\/wp-content\/uploads\/2016\/05\/hitair_-_Husky-Winterjacke-1.jpg","width":832,"height":1014},{"@type":"BreadcrumbList","@id":"https:\/\/hit-air.de\/shop\/reiter\/husky-winterjacke\/#breadcrumb","itemListElement":[{"@type":"ListItem","position":1,"name":"Home","item":"https:\/\/hit-air.de\/"},{"@type":"ListItem","position":2,"name":"Shop","item":"https:\/\/hit-air.de\/shop\/"},{"@type":"ListItem","position":3,"name":"Husky Winterjacke"}]},{"@type":"WebSite","@id":"https:\/\/hit-air.de\/#website","url":"https:\/\/hit-air.de\/","name":"HitAir","description":"Sistema Air-Bag","publisher":{"@id":"https:\/\/hit-air.de\/#organization"},"potentialAction":[{"@type":"SearchAction","target":{"@type":"EntryPoint","urlTemplate":"https:\/\/hit-air.de\/?s={search_term_string}"},"query-input":{"@type":"PropertyValueSpecification","valueRequired":true,"valueName":"search_term_string"}}],"inLanguage":"it-IT"},{"@type":"Organization","@id":"https:\/\/hit-air.de\/#organization","name":"Hit Air","url":"https:\/\/hit-air.de\/","logo":{"@type":"ImageObject","inLanguage":"it-IT","@id":"https:\/\/hit-air.de\/#\/schema\/logo\/image\/","url":"https:\/\/hit-air.de\/wp-content\/uploads\/2016\/05\/hitair-logo-quer_dark.png","contentUrl":"https:\/\/hit-air.de\/wp-content\/uploads\/2016\/05\/hitair-logo-quer_dark.png","width":616,"height":149,"caption":"Hit Air"},"image":{"@id":"https:\/\/hit-air.de\/#\/schema\/logo\/image\/"},"sameAs":["https:\/\/www.facebook.com\/Hit-Air-Protection-GmbH-270395383008432\/"]}]}},"_links":{"self":[{"href":"https:\/\/hit-air.de\/it\/wp-json\/wp\/v2\/product\/12082","targetHints":{"allow":["GET"]}}],"collection":[{"href":"https:\/\/hit-air.de\/it\/wp-json\/wp\/v2\/product"}],"about":[{"href":"https:\/\/hit-air.de\/it\/wp-json\/wp\/v2\/types\/product"}],"replies":[{"embeddable":true,"href":"https:\/\/hit-air.de\/it\/wp-json\/wp\/v2\/comments?post=12082"}],"wp:featuredmedia":[{"embeddable":true,"href":"https:\/\/hit-air.de\/it\/wp-json\/wp\/v2\/media\/132633"}],"wp:attachment":[{"href":"https:\/\/hit-air.de\/it\/wp-json\/wp\/v2\/media?parent=12082"}],"wp:term":[{"taxonomy":"product_brand","embeddable":true,"href":"https:\/\/hit-air.de\/it\/wp-json\/wp\/v2\/product_brand?post=12082"},{"taxonomy":"product_cat","embeddable":true,"href":"https:\/\/hit-air.de\/it\/wp-json\/wp\/v2\/product_cat?post=12082"},{"taxonomy":"product_tag","embeddable":true,"href":"https:\/\/hit-air.de\/it\/wp-json\/wp\/v2\/product_tag?post=12082"}],"curies":[{"name":"wp","href":"https:\/\/api.w.org\/{rel}","templated":true}]}}