{"id":11794,"date":"2016-05-26T18:37:07","date_gmt":"2016-05-26T18:37:07","guid":{"rendered":"https:\/\/hit-air.de\/?post_type=product&#038;p=11794"},"modified":"2026-04-16T07:27:23","modified_gmt":"2026-04-16T06:27:23","slug":"cavo-a-spirale","status":"publish","type":"product","link":"https:\/\/hit-air.de\/it\/shop\/zubehor\/spiralkabel\/","title":{"rendered":"Cavo a spirale"},"content":{"rendered":"<p>Il cavo a spirale per il gilet o la giacca airbag. Come ricambio o secondo cavo quando si utilizzano selle o biciclette diverse.<\/p>","protected":false},"excerpt":{"rendered":"<p>Il cavo a spirale per il gilet o la giacca airbag come ricambio o come secondo cavo quando si utilizzano selle o biciclette diverse.<\/p>","protected":false},"featured_media":132630,"comment_status":"open","ping_status":"closed","template":"","meta":[],"product_brand":[],"product_cat":[85],"product_tag":[159,160,161,162],"class_list":{"0":"post-11794","1":"product","2":"type-product","3":"status-publish","4":"has-post-thumbnail","6":"product_cat-zubehor","7":"product_tag-spiralkabel","8":"product_tag-sattelverbinder","9":"product_tag-reitschutzweste","10":"product_tag-zubehoer-reiter","11":"product_shipping_class-versand-kleinteile","13":"first","14":"instock","15":"taxable","16":"shipping-taxable","17":"purchasable","18":"product-type-simple"},"yoast_head":"<!-- This site is optimized with the Yoast SEO plugin v27.3 - https:\/\/yoast.com\/product\/yoast-seo-wordpress\/ -->\n<title>Spiralkabel f\u00fcr Airbag-Westen | Ersatzteil &amp; Zubeh\u00f6r von Hit-Air<\/title>\n<meta name=\"description\" content=\"Original Spiralkabel f\u00fcr Hit-Air Airbag-Westen &amp; -Jacken. Ideal als Ersatz oder Zweitkabel bei Verwendung mehrerer S\u00e4ttel oder Motorr\u00e4der. Schnell montiert &amp; sicher.\" \/>\n<meta name=\"robots\" content=\"index, follow, max-snippet:-1, max-image-preview:large, max-video-preview:-1\" \/>\n<link rel=\"canonical\" href=\"https:\/\/hit-air.de\/it\/negozio\/accessori\/cavo-a-spirale\/\" \/>\n<meta property=\"og:locale\" content=\"it_IT\" \/>\n<meta property=\"og:type\" content=\"article\" \/>\n<meta property=\"og:title\" content=\"Spiralkabel f\u00fcr Airbag-Westen | Ersatzteil &amp; Zubeh\u00f6r von Hit-Air\" \/>\n<meta property=\"og:description\" content=\"Original Spiralkabel f\u00fcr Hit-Air Airbag-Westen &amp; -Jacken. Ideal als Ersatz oder Zweitkabel bei Verwendung mehrerer S\u00e4ttel oder Motorr\u00e4der. Schnell montiert &amp; sicher.\" \/>\n<meta property=\"og:url\" content=\"https:\/\/hit-air.de\/it\/negozio\/accessori\/cavo-a-spirale\/\" \/>\n<meta property=\"og:site_name\" content=\"HitAir\" \/>\n<meta property=\"article:publisher\" content=\"https:\/\/www.facebook.com\/Hit-Air-Protection-GmbH-270395383008432\/\" \/>\n<meta property=\"article:modified_time\" content=\"2026-04-16T06:27:23+00:00\" \/>\n<meta property=\"og:image\" content=\"https:\/\/hit-air.de\/wp-content\/uploads\/2016\/05\/hitair_-_Spiralkabel-1.jpg\" \/>\n\t<meta property=\"og:image:width\" content=\"832\" \/>\n\t<meta property=\"og:image:height\" content=\"1014\" \/>\n\t<meta property=\"og:image:type\" content=\"image\/jpeg\" \/>\n<meta name=\"twitter:card\" content=\"summary_large_image\" \/>\n<meta name=\"twitter:label1\" content=\"Tempo di lettura stimato\" \/>\n\t<meta name=\"twitter:data1\" content=\"1 minuto\" \/>\n<script type=\"application\/ld+json\" class=\"yoast-schema-graph\">{\"@context\":\"https:\\\/\\\/schema.org\",\"@graph\":[{\"@type\":\"WebPage\",\"@id\":\"https:\\\/\\\/hit-air.de\\\/shop\\\/zubehor\\\/spiralkabel\\\/\",\"url\":\"https:\\\/\\\/hit-air.de\\\/shop\\\/zubehor\\\/spiralkabel\\\/\",\"name\":\"Spiralkabel f\u00fcr Airbag-Westen | Ersatzteil & Zubeh\u00f6r von Hit-Air\",\"isPartOf\":{\"@id\":\"https:\\\/\\\/hit-air.de\\\/#website\"},\"primaryImageOfPage\":{\"@id\":\"https:\\\/\\\/hit-air.de\\\/shop\\\/zubehor\\\/spiralkabel\\\/#primaryimage\"},\"image\":{\"@id\":\"https:\\\/\\\/hit-air.de\\\/shop\\\/zubehor\\\/spiralkabel\\\/#primaryimage\"},\"thumbnailUrl\":\"https:\\\/\\\/hit-air.de\\\/wp-content\\\/uploads\\\/2016\\\/05\\\/hitair_-_Spiralkabel-1.jpg\",\"datePublished\":\"2016-05-26T18:37:07+00:00\",\"dateModified\":\"2026-04-16T06:27:23+00:00\",\"description\":\"Original Spiralkabel f\u00fcr Hit-Air Airbag-Westen & -Jacken. Ideal als Ersatz oder Zweitkabel bei Verwendung mehrerer S\u00e4ttel oder Motorr\u00e4der. Schnell montiert & sicher.\",\"breadcrumb\":{\"@id\":\"https:\\\/\\\/hit-air.de\\\/shop\\\/zubehor\\\/spiralkabel\\\/#breadcrumb\"},\"inLanguage\":\"it-IT\",\"potentialAction\":[{\"@type\":\"ReadAction\",\"target\":[\"https:\\\/\\\/hit-air.de\\\/shop\\\/zubehor\\\/spiralkabel\\\/\"]}]},{\"@type\":\"ImageObject\",\"inLanguage\":\"it-IT\",\"@id\":\"https:\\\/\\\/hit-air.de\\\/shop\\\/zubehor\\\/spiralkabel\\\/#primaryimage\",\"url\":\"https:\\\/\\\/hit-air.de\\\/wp-content\\\/uploads\\\/2016\\\/05\\\/hitair_-_Spiralkabel-1.jpg\",\"contentUrl\":\"https:\\\/\\\/hit-air.de\\\/wp-content\\\/uploads\\\/2016\\\/05\\\/hitair_-_Spiralkabel-1.jpg\",\"width\":832,\"height\":1014},{\"@type\":\"BreadcrumbList\",\"@id\":\"https:\\\/\\\/hit-air.de\\\/shop\\\/zubehor\\\/spiralkabel\\\/#breadcrumb\",\"itemListElement\":[{\"@type\":\"ListItem\",\"position\":1,\"name\":\"Home\",\"item\":\"https:\\\/\\\/hit-air.de\\\/\"},{\"@type\":\"ListItem\",\"position\":2,\"name\":\"Shop\",\"item\":\"https:\\\/\\\/hit-air.de\\\/shop\\\/\"},{\"@type\":\"ListItem\",\"position\":3,\"name\":\"Spiralkabel\"}]},{\"@type\":\"WebSite\",\"@id\":\"https:\\\/\\\/hit-air.de\\\/#website\",\"url\":\"https:\\\/\\\/hit-air.de\\\/\",\"name\":\"HitAir\",\"description\":\"Air-Bag System\",\"publisher\":{\"@id\":\"https:\\\/\\\/hit-air.de\\\/#organization\"},\"potentialAction\":[{\"@type\":\"SearchAction\",\"target\":{\"@type\":\"EntryPoint\",\"urlTemplate\":\"https:\\\/\\\/hit-air.de\\\/?s={search_term_string}\"},\"query-input\":{\"@type\":\"PropertyValueSpecification\",\"valueRequired\":true,\"valueName\":\"search_term_string\"}}],\"inLanguage\":\"it-IT\"},{\"@type\":\"Organization\",\"@id\":\"https:\\\/\\\/hit-air.de\\\/#organization\",\"name\":\"Hit Air\",\"url\":\"https:\\\/\\\/hit-air.de\\\/\",\"logo\":{\"@type\":\"ImageObject\",\"inLanguage\":\"it-IT\",\"@id\":\"https:\\\/\\\/hit-air.de\\\/#\\\/schema\\\/logo\\\/image\\\/\",\"url\":\"https:\\\/\\\/hit-air.de\\\/wp-content\\\/uploads\\\/2016\\\/05\\\/hitair-logo-quer_dark.png\",\"contentUrl\":\"https:\\\/\\\/hit-air.de\\\/wp-content\\\/uploads\\\/2016\\\/05\\\/hitair-logo-quer_dark.png\",\"width\":616,\"height\":149,\"caption\":\"Hit Air\"},\"image\":{\"@id\":\"https:\\\/\\\/hit-air.de\\\/#\\\/schema\\\/logo\\\/image\\\/\"},\"sameAs\":[\"https:\\\/\\\/www.facebook.com\\\/Hit-Air-Protection-GmbH-270395383008432\\\/\"]}]}<\/script>\n<!-- \/ Yoast SEO plugin. -->","yoast_head_json":{"title":"Cavo a spirale per gilet airbag | Ricambi e accessori di Hit-Air","description":"Cavo a spirale originale per gilet e giacche airbag Hit-Air. Ideale come ricambio o secondo cavo quando si utilizzano pi\u00f9 selle o moto. Veloce da montare e sicuro.","robots":{"index":"index","follow":"follow","max-snippet":"max-snippet:-1","max-image-preview":"max-image-preview:large","max-video-preview":"max-video-preview:-1"},"canonical":"https:\/\/hit-air.de\/it\/negozio\/accessori\/cavo-a-spirale\/","og_locale":"it_IT","og_type":"article","og_title":"Spiralkabel f\u00fcr Airbag-Westen | Ersatzteil & Zubeh\u00f6r von Hit-Air","og_description":"Original Spiralkabel f\u00fcr Hit-Air Airbag-Westen & -Jacken. Ideal als Ersatz oder Zweitkabel bei Verwendung mehrerer S\u00e4ttel oder Motorr\u00e4der. Schnell montiert & sicher.","og_url":"https:\/\/hit-air.de\/it\/negozio\/accessori\/cavo-a-spirale\/","og_site_name":"HitAir","article_publisher":"https:\/\/www.facebook.com\/Hit-Air-Protection-GmbH-270395383008432\/","article_modified_time":"2026-04-16T06:27:23+00:00","og_image":[{"width":832,"height":1014,"url":"https:\/\/hit-air.de\/wp-content\/uploads\/2016\/05\/hitair_-_Spiralkabel-1.jpg","type":"image\/jpeg"}],"twitter_card":"summary_large_image","twitter_misc":{"Tempo di lettura stimato":"1 minuto"},"schema":{"@context":"https:\/\/schema.org","@graph":[{"@type":"WebPage","@id":"https:\/\/hit-air.de\/shop\/zubehor\/spiralkabel\/","url":"https:\/\/hit-air.de\/shop\/zubehor\/spiralkabel\/","name":"Cavo a spirale per gilet airbag | Ricambi e accessori di Hit-Air","isPartOf":{"@id":"https:\/\/hit-air.de\/#website"},"primaryImageOfPage":{"@id":"https:\/\/hit-air.de\/shop\/zubehor\/spiralkabel\/#primaryimage"},"image":{"@id":"https:\/\/hit-air.de\/shop\/zubehor\/spiralkabel\/#primaryimage"},"thumbnailUrl":"https:\/\/hit-air.de\/wp-content\/uploads\/2016\/05\/hitair_-_Spiralkabel-1.jpg","datePublished":"2016-05-26T18:37:07+00:00","dateModified":"2026-04-16T06:27:23+00:00","description":"Cavo a spirale originale per gilet e giacche airbag Hit-Air. Ideale come ricambio o secondo cavo quando si utilizzano pi\u00f9 selle o moto. Veloce da montare e sicuro.","breadcrumb":{"@id":"https:\/\/hit-air.de\/shop\/zubehor\/spiralkabel\/#breadcrumb"},"inLanguage":"it-IT","potentialAction":[{"@type":"ReadAction","target":["https:\/\/hit-air.de\/shop\/zubehor\/spiralkabel\/"]}]},{"@type":"ImageObject","inLanguage":"it-IT","@id":"https:\/\/hit-air.de\/shop\/zubehor\/spiralkabel\/#primaryimage","url":"https:\/\/hit-air.de\/wp-content\/uploads\/2016\/05\/hitair_-_Spiralkabel-1.jpg","contentUrl":"https:\/\/hit-air.de\/wp-content\/uploads\/2016\/05\/hitair_-_Spiralkabel-1.jpg","width":832,"height":1014},{"@type":"BreadcrumbList","@id":"https:\/\/hit-air.de\/shop\/zubehor\/spiralkabel\/#breadcrumb","itemListElement":[{"@type":"ListItem","position":1,"name":"Home","item":"https:\/\/hit-air.de\/"},{"@type":"ListItem","position":2,"name":"Shop","item":"https:\/\/hit-air.de\/shop\/"},{"@type":"ListItem","position":3,"name":"Spiralkabel"}]},{"@type":"WebSite","@id":"https:\/\/hit-air.de\/#website","url":"https:\/\/hit-air.de\/","name":"HitAir","description":"Sistema Air-Bag","publisher":{"@id":"https:\/\/hit-air.de\/#organization"},"potentialAction":[{"@type":"SearchAction","target":{"@type":"EntryPoint","urlTemplate":"https:\/\/hit-air.de\/?s={search_term_string}"},"query-input":{"@type":"PropertyValueSpecification","valueRequired":true,"valueName":"search_term_string"}}],"inLanguage":"it-IT"},{"@type":"Organization","@id":"https:\/\/hit-air.de\/#organization","name":"Hit Air","url":"https:\/\/hit-air.de\/","logo":{"@type":"ImageObject","inLanguage":"it-IT","@id":"https:\/\/hit-air.de\/#\/schema\/logo\/image\/","url":"https:\/\/hit-air.de\/wp-content\/uploads\/2016\/05\/hitair-logo-quer_dark.png","contentUrl":"https:\/\/hit-air.de\/wp-content\/uploads\/2016\/05\/hitair-logo-quer_dark.png","width":616,"height":149,"caption":"Hit Air"},"image":{"@id":"https:\/\/hit-air.de\/#\/schema\/logo\/image\/"},"sameAs":["https:\/\/www.facebook.com\/Hit-Air-Protection-GmbH-270395383008432\/"]}]}},"_links":{"self":[{"href":"https:\/\/hit-air.de\/it\/wp-json\/wp\/v2\/product\/11794","targetHints":{"allow":["GET"]}}],"collection":[{"href":"https:\/\/hit-air.de\/it\/wp-json\/wp\/v2\/product"}],"about":[{"href":"https:\/\/hit-air.de\/it\/wp-json\/wp\/v2\/types\/product"}],"replies":[{"embeddable":true,"href":"https:\/\/hit-air.de\/it\/wp-json\/wp\/v2\/comments?post=11794"}],"wp:featuredmedia":[{"embeddable":true,"href":"https:\/\/hit-air.de\/it\/wp-json\/wp\/v2\/media\/132630"}],"wp:attachment":[{"href":"https:\/\/hit-air.de\/it\/wp-json\/wp\/v2\/media?parent=11794"}],"wp:term":[{"taxonomy":"product_brand","embeddable":true,"href":"https:\/\/hit-air.de\/it\/wp-json\/wp\/v2\/product_brand?post=11794"},{"taxonomy":"product_cat","embeddable":true,"href":"https:\/\/hit-air.de\/it\/wp-json\/wp\/v2\/product_cat?post=11794"},{"taxonomy":"product_tag","embeddable":true,"href":"https:\/\/hit-air.de\/it\/wp-json\/wp\/v2\/product_tag?post=11794"}],"curies":[{"name":"wp","href":"https:\/\/api.w.org\/{rel}","templated":true}]}}