{"id":11764,"date":"2016-05-26T17:29:18","date_gmt":"2016-05-26T17:29:18","guid":{"rendered":"https:\/\/hit-air.de\/?post_type=product&#038;p=11764"},"modified":"2026-04-28T15:31:56","modified_gmt":"2026-04-28T14:31:56","slug":"gilet-airbag-crosscountry","status":"publish","type":"product","link":"https:\/\/hit-air.de\/it\/shop\/reiter\/crosscountry-airbagweste\/","title":{"rendered":"CrossCountry - Gilet airbag"},"content":{"rendered":"<p>Il gilet di sicurezza leggero con airbag integrato!<\/p>\n<p>Collaudato da anni, \u00e8 l'emblema dell'airbag!<\/p>\n<p>Questo modello convince anche per la sua leggerezza e il relativo comfort di vestibilit\u00e0. La zona del collo \u00e8 leggera e morbidamente foderata e il materiale esterno in nylon 500 D rende il gilet particolarmente robusto.<\/p>\n<p style=\"font-weight: 400;\">Gli airbag sono ripiegati e dispiegano il loro potenziale quando vengono attivati sulla parte superiore del corpo, sul collo e, con il cuscino ripiegabile, anche nella zona pelvica posteriore (scegliere la lunghezza giusta).<\/p>\n<p>Questo modello \u00e8 disponibile in nero e in quattro misure. Per le misure XS e S sono necessarie cartucce da 50 cc. Le altre taglie si utilizzano con una cartuccia da 60 cc.<br \/>\nQuesto gilet airbag Hit Air presenta, tra le altre, le seguenti caratteristiche:<\/p>\n<p>-Peso particolarmente ridotto (circa 0,9 kg)<br \/>\n-Robusto nylon 500 D<br \/>\n-Materiale riflettente<br \/>\n-Materiale: esterno in nylon 100%, fodera in poliestere 100%.<\/p>\n<p><strong>Una cartuccia (50cc\/60cc a seconda della taglia) e un connettore per sella all-in-one sono inclusi nel prezzo di consegna!<\/strong><\/p>\n<p style=\"font-weight: 400;\">Un prodotto per tutti coloro che amano un prodotto leggero, arioso ma robusto con un'estensione da piscina.<\/p>\n<p>&nbsp;<\/p>","protected":false},"excerpt":{"rendered":"<p>Il gilet di sicurezza leggero con airbag integrato! Questo modello \u00e8 ancora pi\u00f9 leggero e offre una maggiore libert\u00e0 di movimento.<\/p>","protected":false},"featured_media":132706,"comment_status":"open","ping_status":"closed","template":"","meta":[],"product_brand":[],"product_cat":[82,83,105],"product_tag":[140,141],"class_list":{"0":"post-11764","1":"product","2":"type-product","3":"status-publish","4":"has-post-thumbnail","6":"product_cat-reiter","7":"product_cat-biker","8":"product_cat-airbagwesten","9":"product_tag-reitweste","10":"product_tag-protektor-reiter","11":"product_shipping_class-versand-paket","13":"first","14":"instock","15":"taxable","16":"shipping-taxable","17":"purchasable","18":"product-type-variable"},"yoast_head":"<!-- This site is optimized with the Yoast SEO plugin v27.3 - https:\/\/yoast.com\/product\/yoast-seo-wordpress\/ -->\n<title>MLV 3 Airbag-Weste kaufen | Level 3 Schutz f\u00fcr Reiter &amp; Biker<\/title>\n<meta name=\"description\" content=\"Die Hit-Air MLV 3 Airbag-Weste \u2013 zertifizierter Level 3 Schutz mit h\u00f6chstem Sicherheitsstandard. Ideal f\u00fcr Reiter:innen &amp; Motorradfahrer:innen. Jetzt online bestellen!\" \/>\n<meta name=\"robots\" content=\"index, follow, max-snippet:-1, max-image-preview:large, max-video-preview:-1\" \/>\n<link rel=\"canonical\" href=\"https:\/\/hit-air.de\/it\/negozio\/cavaliere\/gilet-airbag-crosscountry\/\" \/>\n<meta property=\"og:locale\" content=\"it_IT\" \/>\n<meta property=\"og:type\" content=\"article\" \/>\n<meta property=\"og:title\" content=\"MLV 3 Airbag-Weste kaufen | Level 3 Schutz f\u00fcr Reiter &amp; Biker\" \/>\n<meta property=\"og:description\" content=\"Die Hit-Air MLV 3 Airbag-Weste \u2013 zertifizierter Level 3 Schutz mit h\u00f6chstem Sicherheitsstandard. Ideal f\u00fcr Reiter:innen &amp; Motorradfahrer:innen. Jetzt online bestellen!\" \/>\n<meta property=\"og:url\" content=\"https:\/\/hit-air.de\/it\/negozio\/cavaliere\/gilet-airbag-crosscountry\/\" \/>\n<meta property=\"og:site_name\" content=\"HitAir\" \/>\n<meta property=\"article:publisher\" content=\"https:\/\/www.facebook.com\/Hit-Air-Protection-GmbH-270395383008432\/\" \/>\n<meta property=\"article:modified_time\" content=\"2026-04-28T14:31:56+00:00\" \/>\n<meta property=\"og:image\" content=\"https:\/\/hit-air.de\/wp-content\/uploads\/2016\/05\/hitair-cc_Ebenenkomposition-3-scaled-1-400x487-3.jpg\" \/>\n\t<meta property=\"og:image:width\" content=\"486\" \/>\n\t<meta property=\"og:image:height\" content=\"561\" \/>\n\t<meta property=\"og:image:type\" content=\"image\/jpeg\" \/>\n<meta name=\"twitter:card\" content=\"summary_large_image\" \/>\n<meta name=\"twitter:label1\" content=\"Tempo di lettura stimato\" \/>\n\t<meta name=\"twitter:data1\" content=\"2 minuti\" \/>\n<script type=\"application\/ld+json\" class=\"yoast-schema-graph\">{\"@context\":\"https:\\\/\\\/schema.org\",\"@graph\":[{\"@type\":\"WebPage\",\"@id\":\"https:\\\/\\\/hit-air.de\\\/shop\\\/reiter\\\/crosscountry-airbagweste\\\/\",\"url\":\"https:\\\/\\\/hit-air.de\\\/shop\\\/reiter\\\/crosscountry-airbagweste\\\/\",\"name\":\"MLV 3 Airbag-Weste kaufen | Level 3 Schutz f\u00fcr Reiter & Biker\",\"isPartOf\":{\"@id\":\"https:\\\/\\\/hit-air.de\\\/#website\"},\"primaryImageOfPage\":{\"@id\":\"https:\\\/\\\/hit-air.de\\\/shop\\\/reiter\\\/crosscountry-airbagweste\\\/#primaryimage\"},\"image\":{\"@id\":\"https:\\\/\\\/hit-air.de\\\/shop\\\/reiter\\\/crosscountry-airbagweste\\\/#primaryimage\"},\"thumbnailUrl\":\"https:\\\/\\\/hit-air.de\\\/wp-content\\\/uploads\\\/2016\\\/05\\\/hitair-cc_Ebenenkomposition-3-scaled-1-400x487-3.jpg\",\"datePublished\":\"2016-05-26T17:29:18+00:00\",\"dateModified\":\"2026-04-28T14:31:56+00:00\",\"description\":\"Die Hit-Air MLV 3 Airbag-Weste \u2013 zertifizierter Level 3 Schutz mit h\u00f6chstem Sicherheitsstandard. Ideal f\u00fcr Reiter:innen & Motorradfahrer:innen. Jetzt online bestellen!\",\"breadcrumb\":{\"@id\":\"https:\\\/\\\/hit-air.de\\\/shop\\\/reiter\\\/crosscountry-airbagweste\\\/#breadcrumb\"},\"inLanguage\":\"it-IT\",\"potentialAction\":[{\"@type\":\"ReadAction\",\"target\":[\"https:\\\/\\\/hit-air.de\\\/shop\\\/reiter\\\/crosscountry-airbagweste\\\/\"]}]},{\"@type\":\"ImageObject\",\"inLanguage\":\"it-IT\",\"@id\":\"https:\\\/\\\/hit-air.de\\\/shop\\\/reiter\\\/crosscountry-airbagweste\\\/#primaryimage\",\"url\":\"https:\\\/\\\/hit-air.de\\\/wp-content\\\/uploads\\\/2016\\\/05\\\/hitair-cc_Ebenenkomposition-3-scaled-1-400x487-3.jpg\",\"contentUrl\":\"https:\\\/\\\/hit-air.de\\\/wp-content\\\/uploads\\\/2016\\\/05\\\/hitair-cc_Ebenenkomposition-3-scaled-1-400x487-3.jpg\",\"width\":486,\"height\":561},{\"@type\":\"BreadcrumbList\",\"@id\":\"https:\\\/\\\/hit-air.de\\\/shop\\\/reiter\\\/crosscountry-airbagweste\\\/#breadcrumb\",\"itemListElement\":[{\"@type\":\"ListItem\",\"position\":1,\"name\":\"Home\",\"item\":\"https:\\\/\\\/hit-air.de\\\/\"},{\"@type\":\"ListItem\",\"position\":2,\"name\":\"Shop\",\"item\":\"https:\\\/\\\/hit-air.de\\\/shop\\\/\"},{\"@type\":\"ListItem\",\"position\":3,\"name\":\"CrossCountry &#8211; Airbagweste\"}]},{\"@type\":\"WebSite\",\"@id\":\"https:\\\/\\\/hit-air.de\\\/#website\",\"url\":\"https:\\\/\\\/hit-air.de\\\/\",\"name\":\"HitAir\",\"description\":\"Air-Bag System\",\"publisher\":{\"@id\":\"https:\\\/\\\/hit-air.de\\\/#organization\"},\"potentialAction\":[{\"@type\":\"SearchAction\",\"target\":{\"@type\":\"EntryPoint\",\"urlTemplate\":\"https:\\\/\\\/hit-air.de\\\/?s={search_term_string}\"},\"query-input\":{\"@type\":\"PropertyValueSpecification\",\"valueRequired\":true,\"valueName\":\"search_term_string\"}}],\"inLanguage\":\"it-IT\"},{\"@type\":\"Organization\",\"@id\":\"https:\\\/\\\/hit-air.de\\\/#organization\",\"name\":\"Hit Air\",\"url\":\"https:\\\/\\\/hit-air.de\\\/\",\"logo\":{\"@type\":\"ImageObject\",\"inLanguage\":\"it-IT\",\"@id\":\"https:\\\/\\\/hit-air.de\\\/#\\\/schema\\\/logo\\\/image\\\/\",\"url\":\"https:\\\/\\\/hit-air.de\\\/wp-content\\\/uploads\\\/2016\\\/05\\\/hitair-logo-quer_dark.png\",\"contentUrl\":\"https:\\\/\\\/hit-air.de\\\/wp-content\\\/uploads\\\/2016\\\/05\\\/hitair-logo-quer_dark.png\",\"width\":616,\"height\":149,\"caption\":\"Hit Air\"},\"image\":{\"@id\":\"https:\\\/\\\/hit-air.de\\\/#\\\/schema\\\/logo\\\/image\\\/\"},\"sameAs\":[\"https:\\\/\\\/www.facebook.com\\\/Hit-Air-Protection-GmbH-270395383008432\\\/\"]}]}<\/script>\n<!-- \/ Yoast SEO plugin. -->","yoast_head_json":{"title":"Acquista il gilet airbag MLV 3 | Protezione di livello 3 per motociclisti e ciclisti","description":"Il gilet airbag Hit-Air MLV 3 - protezione certificata di livello 3 con i pi\u00f9 alti standard di sicurezza. Ideale per piloti e motociclisti. Ordinate subito online!","robots":{"index":"index","follow":"follow","max-snippet":"max-snippet:-1","max-image-preview":"max-image-preview:large","max-video-preview":"max-video-preview:-1"},"canonical":"https:\/\/hit-air.de\/it\/negozio\/cavaliere\/gilet-airbag-crosscountry\/","og_locale":"it_IT","og_type":"article","og_title":"MLV 3 Airbag-Weste kaufen | Level 3 Schutz f\u00fcr Reiter & Biker","og_description":"Die Hit-Air MLV 3 Airbag-Weste \u2013 zertifizierter Level 3 Schutz mit h\u00f6chstem Sicherheitsstandard. Ideal f\u00fcr Reiter:innen & Motorradfahrer:innen. Jetzt online bestellen!","og_url":"https:\/\/hit-air.de\/it\/negozio\/cavaliere\/gilet-airbag-crosscountry\/","og_site_name":"HitAir","article_publisher":"https:\/\/www.facebook.com\/Hit-Air-Protection-GmbH-270395383008432\/","article_modified_time":"2026-04-28T14:31:56+00:00","og_image":[{"width":486,"height":561,"url":"https:\/\/hit-air.de\/wp-content\/uploads\/2016\/05\/hitair-cc_Ebenenkomposition-3-scaled-1-400x487-3.jpg","type":"image\/jpeg"}],"twitter_card":"summary_large_image","twitter_misc":{"Tempo di lettura stimato":"2 minuti"},"schema":{"@context":"https:\/\/schema.org","@graph":[{"@type":"WebPage","@id":"https:\/\/hit-air.de\/shop\/reiter\/crosscountry-airbagweste\/","url":"https:\/\/hit-air.de\/shop\/reiter\/crosscountry-airbagweste\/","name":"Acquista il gilet airbag MLV 3 | Protezione di livello 3 per motociclisti e ciclisti","isPartOf":{"@id":"https:\/\/hit-air.de\/#website"},"primaryImageOfPage":{"@id":"https:\/\/hit-air.de\/shop\/reiter\/crosscountry-airbagweste\/#primaryimage"},"image":{"@id":"https:\/\/hit-air.de\/shop\/reiter\/crosscountry-airbagweste\/#primaryimage"},"thumbnailUrl":"https:\/\/hit-air.de\/wp-content\/uploads\/2016\/05\/hitair-cc_Ebenenkomposition-3-scaled-1-400x487-3.jpg","datePublished":"2016-05-26T17:29:18+00:00","dateModified":"2026-04-28T14:31:56+00:00","description":"Il gilet airbag Hit-Air MLV 3 - protezione certificata di livello 3 con i pi\u00f9 alti standard di sicurezza. Ideale per piloti e motociclisti. Ordinate subito online!","breadcrumb":{"@id":"https:\/\/hit-air.de\/shop\/reiter\/crosscountry-airbagweste\/#breadcrumb"},"inLanguage":"it-IT","potentialAction":[{"@type":"ReadAction","target":["https:\/\/hit-air.de\/shop\/reiter\/crosscountry-airbagweste\/"]}]},{"@type":"ImageObject","inLanguage":"it-IT","@id":"https:\/\/hit-air.de\/shop\/reiter\/crosscountry-airbagweste\/#primaryimage","url":"https:\/\/hit-air.de\/wp-content\/uploads\/2016\/05\/hitair-cc_Ebenenkomposition-3-scaled-1-400x487-3.jpg","contentUrl":"https:\/\/hit-air.de\/wp-content\/uploads\/2016\/05\/hitair-cc_Ebenenkomposition-3-scaled-1-400x487-3.jpg","width":486,"height":561},{"@type":"BreadcrumbList","@id":"https:\/\/hit-air.de\/shop\/reiter\/crosscountry-airbagweste\/#breadcrumb","itemListElement":[{"@type":"ListItem","position":1,"name":"Home","item":"https:\/\/hit-air.de\/"},{"@type":"ListItem","position":2,"name":"Shop","item":"https:\/\/hit-air.de\/shop\/"},{"@type":"ListItem","position":3,"name":"CrossCountry &#8211; Airbagweste"}]},{"@type":"WebSite","@id":"https:\/\/hit-air.de\/#website","url":"https:\/\/hit-air.de\/","name":"HitAir","description":"Sistema Air-Bag","publisher":{"@id":"https:\/\/hit-air.de\/#organization"},"potentialAction":[{"@type":"SearchAction","target":{"@type":"EntryPoint","urlTemplate":"https:\/\/hit-air.de\/?s={search_term_string}"},"query-input":{"@type":"PropertyValueSpecification","valueRequired":true,"valueName":"search_term_string"}}],"inLanguage":"it-IT"},{"@type":"Organization","@id":"https:\/\/hit-air.de\/#organization","name":"Hit Air","url":"https:\/\/hit-air.de\/","logo":{"@type":"ImageObject","inLanguage":"it-IT","@id":"https:\/\/hit-air.de\/#\/schema\/logo\/image\/","url":"https:\/\/hit-air.de\/wp-content\/uploads\/2016\/05\/hitair-logo-quer_dark.png","contentUrl":"https:\/\/hit-air.de\/wp-content\/uploads\/2016\/05\/hitair-logo-quer_dark.png","width":616,"height":149,"caption":"Hit Air"},"image":{"@id":"https:\/\/hit-air.de\/#\/schema\/logo\/image\/"},"sameAs":["https:\/\/www.facebook.com\/Hit-Air-Protection-GmbH-270395383008432\/"]}]}},"_links":{"self":[{"href":"https:\/\/hit-air.de\/it\/wp-json\/wp\/v2\/product\/11764","targetHints":{"allow":["GET"]}}],"collection":[{"href":"https:\/\/hit-air.de\/it\/wp-json\/wp\/v2\/product"}],"about":[{"href":"https:\/\/hit-air.de\/it\/wp-json\/wp\/v2\/types\/product"}],"replies":[{"embeddable":true,"href":"https:\/\/hit-air.de\/it\/wp-json\/wp\/v2\/comments?post=11764"}],"wp:featuredmedia":[{"embeddable":true,"href":"https:\/\/hit-air.de\/it\/wp-json\/wp\/v2\/media\/132706"}],"wp:attachment":[{"href":"https:\/\/hit-air.de\/it\/wp-json\/wp\/v2\/media?parent=11764"}],"wp:term":[{"taxonomy":"product_brand","embeddable":true,"href":"https:\/\/hit-air.de\/it\/wp-json\/wp\/v2\/product_brand?post=11764"},{"taxonomy":"product_cat","embeddable":true,"href":"https:\/\/hit-air.de\/it\/wp-json\/wp\/v2\/product_cat?post=11764"},{"taxonomy":"product_tag","embeddable":true,"href":"https:\/\/hit-air.de\/it\/wp-json\/wp\/v2\/product_tag?post=11764"}],"curies":[{"name":"wp","href":"https:\/\/api.w.org\/{rel}","templated":true}]}}