{"id":11782,"date":"2021-10-04T14:00:16","date_gmt":"2021-10-04T13:00:16","guid":{"rendered":"https:\/\/hit-air.de\/?post_type=product&#038;p=11782"},"modified":"2026-04-15T23:04:35","modified_gmt":"2026-04-15T22:04:35","slug":"gilet-airbag-guardian-hit-air","status":"publish","type":"product","link":"https:\/\/hit-air.de\/fr\/shop\/reiter\/guardian-airbagweste-hit-air\/","title":{"rendered":"Guardian"},"content":{"rendered":"<p>Le dernier gilet de la maison Hit Air ! La protection Hit Air pour tous les cas et utilisable individuellement en toute saison !<br \/>\n<strong>Guardian<\/strong>Une innovation qui a fait ses preuves : maintenant avec une double protection ! Certifi\u00e9 selon la norme d'avenir EN1621-4:2013<\/p>\n<p>Le mod\u00e8le \"Guardian\" allie protection et confort \u00e0 votre utilisation individuelle de l'\u00e9quitation.<br \/>\nNous avons int\u00e9gr\u00e9 un protecteur passif suppl\u00e9mentaire et certifi\u00e9 dans le poids plume de nos gilets airbag HitAir. Vous gardez une totale libert\u00e9 de mouvement tout en b\u00e9n\u00e9ficiant d'une protection d'avant-garde !<\/p>\n<p><strong>D\u00e9tails \"Guardian<\/strong><\/p>\n<p>Le poids plume parmi les gilets de s\u00e9curit\u00e9 avec airbag int\u00e9gr\u00e9 ! Le gilet airbag \"Guardian\" int\u00e8gre en plus un protecteur passif qui offre encore plus de protection. Ce mod\u00e8le HitAir convainc en outre par sa l\u00e9g\u00e8ret\u00e9 et le confort de port qui en d\u00e9coule. Gr\u00e2ce au mat\u00e9riau ext\u00e9rieur high-tech du gilet airbag, en nylon 600 D, le gilet est particuli\u00e8rement robuste.<br \/>\nCe mod\u00e8le est disponible en noir et en 4 tailles : la taille XS convient aux enfants et aux petits cavaliers* \u00e0 partir de 30 kg. La taille Small (S) couvre les tailles XS \u00e0 M. La taille Medium (M) couvre les tailles M \u00e0 XL et la taille Large (L) couvre les tailles XL \u00e0 3XL (tous les gilets sont recommand\u00e9s \u00e0 partir d'un poids corporel de 30 kg).<\/p>\n<p>Ce gilet airbag Hit Air pr\u00e9sente notamment les caract\u00e9ristiques suivantes :<\/p>\n<p>-certifi\u00e9 selon la norme EN1621-4:2013<br \/>\n-poids particuli\u00e8rement faible (environ 0,9 kg)<br \/>\n-nylon 600 D robuste<br \/>\n-Mati\u00e8re : Ext\u00e9rieur 100% nylon, Doublure 100% polyester<br \/>\n-Une protection encore meilleure gr\u00e2ce \u00e0 un protecteur passif, avec la libert\u00e9 de mouvement \u00e9prouv\u00e9e de nos produits<\/p>\n<p><strong>Une cartouche, un c\u00e2ble spiral\u00e9 et un ToolKit sont inclus dans le prix de livraison !<\/strong><\/p>\n<p>Les tailles XS et S s'utilisent avec des cartouches de 50cc, les tailles M et L avec des cartouches de 60cc.<\/p>\n<p>&nbsp;<\/p>\n<p>Veuillez noter qu'aucun produit de s\u00e9curit\u00e9 ne peut prot\u00e9ger contre toutes les blessures.<\/p>","protected":false},"excerpt":{"rendered":"<p>Le dernier gilet de la maison Hit Air ! La protection Hit Air pour tous les cas et utilisable individuellement en toute saison !<br \/>\n<strong>Guardian<\/strong>Une innovation qui a fait ses preuves : maintenant avec une double protection ! Certifi\u00e9 selon la norme d'avenir EN1621-4:2013<\/p>","protected":false},"featured_media":132703,"comment_status":"open","ping_status":"closed","template":"","meta":[],"product_brand":[],"product_cat":[82,83,105],"product_tag":[142,143,144],"class_list":{"0":"post-11782","1":"product","2":"type-product","3":"status-publish","4":"has-post-thumbnail","6":"product_cat-reiter","7":"product_cat-biker","8":"product_cat-airbagwesten","9":"product_tag-vielseitigkeit","10":"product_tag-crosscountry","11":"product_tag-airbagweste","12":"product_shipping_class-versand-paket","14":"first","15":"instock","16":"taxable","17":"shipping-taxable","18":"purchasable","19":"product-type-variable","20":"has-default-attributes"},"yoast_head":"<!-- This site is optimized with the Yoast SEO plugin v27.3 - https:\/\/yoast.com\/product\/yoast-seo-wordpress\/ -->\n<title>MLV 2 Airbag-Weste kaufen | Leicht, sicher &amp; komfortabel von Hit-Air<\/title>\n<meta name=\"description\" content=\"Die Hit-Air MLV 2 Airbag-Weste bietet maximale Bewegungsfreiheit bei h\u00f6chster Sicherheit. Ideal f\u00fcr Reiter:innen &amp; Biker:innen. CE-gepr\u00fcft \u2013 jetzt bestellen!\" \/>\n<meta name=\"robots\" content=\"index, follow, max-snippet:-1, max-image-preview:large, max-video-preview:-1\" \/>\n<link rel=\"canonical\" href=\"https:\/\/hit-air.de\/fr\/boutique\/cavalier\/gilet-airbag-guardian-hit-air\/\" \/>\n<meta property=\"og:locale\" content=\"fr_FR\" \/>\n<meta property=\"og:type\" content=\"article\" \/>\n<meta property=\"og:title\" content=\"MLV 2 Airbag-Weste kaufen | Leicht, sicher &amp; komfortabel von Hit-Air\" \/>\n<meta property=\"og:description\" content=\"Die Hit-Air MLV 2 Airbag-Weste bietet maximale Bewegungsfreiheit bei h\u00f6chster Sicherheit. Ideal f\u00fcr Reiter:innen &amp; Biker:innen. CE-gepr\u00fcft \u2013 jetzt bestellen!\" \/>\n<meta property=\"og:url\" content=\"https:\/\/hit-air.de\/fr\/boutique\/cavalier\/gilet-airbag-guardian-hit-air\/\" \/>\n<meta property=\"og:site_name\" content=\"HitAir\" \/>\n<meta property=\"article:publisher\" content=\"https:\/\/www.facebook.com\/Hit-Air-Protection-GmbH-270395383008432\/\" \/>\n<meta property=\"article:modified_time\" content=\"2026-04-15T22:04:35+00:00\" \/>\n<meta property=\"og:image\" content=\"https:\/\/hit-air.de\/wp-content\/uploads\/2021\/10\/mlv2h-xs-ab-f-400x467-3.jpg\" \/>\n\t<meta property=\"og:image:width\" content=\"470\" \/>\n\t<meta property=\"og:image:height\" content=\"535\" \/>\n\t<meta property=\"og:image:type\" content=\"image\/jpeg\" \/>\n<meta name=\"twitter:card\" content=\"summary_large_image\" \/>\n<meta name=\"twitter:label1\" content=\"Dur\u00e9e de lecture estim\u00e9e\" \/>\n\t<meta name=\"twitter:data1\" content=\"2 minutes\" \/>\n<script type=\"application\/ld+json\" class=\"yoast-schema-graph\">{\"@context\":\"https:\\\/\\\/schema.org\",\"@graph\":[{\"@type\":\"WebPage\",\"@id\":\"https:\\\/\\\/hit-air.de\\\/shop\\\/reiter\\\/guardian-airbagweste-hit-air\\\/\",\"url\":\"https:\\\/\\\/hit-air.de\\\/shop\\\/reiter\\\/guardian-airbagweste-hit-air\\\/\",\"name\":\"MLV 2 Airbag-Weste kaufen | Leicht, sicher & komfortabel von Hit-Air\",\"isPartOf\":{\"@id\":\"https:\\\/\\\/hit-air.de\\\/#website\"},\"primaryImageOfPage\":{\"@id\":\"https:\\\/\\\/hit-air.de\\\/shop\\\/reiter\\\/guardian-airbagweste-hit-air\\\/#primaryimage\"},\"image\":{\"@id\":\"https:\\\/\\\/hit-air.de\\\/shop\\\/reiter\\\/guardian-airbagweste-hit-air\\\/#primaryimage\"},\"thumbnailUrl\":\"https:\\\/\\\/hit-air.de\\\/wp-content\\\/uploads\\\/2021\\\/10\\\/mlv2h-xs-ab-f-400x467-3.jpg\",\"datePublished\":\"2021-10-04T13:00:16+00:00\",\"dateModified\":\"2026-04-15T22:04:35+00:00\",\"description\":\"Die Hit-Air MLV 2 Airbag-Weste bietet maximale Bewegungsfreiheit bei h\u00f6chster Sicherheit. Ideal f\u00fcr Reiter:innen & Biker:innen. CE-gepr\u00fcft \u2013 jetzt bestellen!\",\"breadcrumb\":{\"@id\":\"https:\\\/\\\/hit-air.de\\\/shop\\\/reiter\\\/guardian-airbagweste-hit-air\\\/#breadcrumb\"},\"inLanguage\":\"fr-FR\",\"potentialAction\":[{\"@type\":\"ReadAction\",\"target\":[\"https:\\\/\\\/hit-air.de\\\/shop\\\/reiter\\\/guardian-airbagweste-hit-air\\\/\"]}]},{\"@type\":\"ImageObject\",\"inLanguage\":\"fr-FR\",\"@id\":\"https:\\\/\\\/hit-air.de\\\/shop\\\/reiter\\\/guardian-airbagweste-hit-air\\\/#primaryimage\",\"url\":\"https:\\\/\\\/hit-air.de\\\/wp-content\\\/uploads\\\/2021\\\/10\\\/mlv2h-xs-ab-f-400x467-3.jpg\",\"contentUrl\":\"https:\\\/\\\/hit-air.de\\\/wp-content\\\/uploads\\\/2021\\\/10\\\/mlv2h-xs-ab-f-400x467-3.jpg\",\"width\":470,\"height\":535},{\"@type\":\"BreadcrumbList\",\"@id\":\"https:\\\/\\\/hit-air.de\\\/shop\\\/reiter\\\/guardian-airbagweste-hit-air\\\/#breadcrumb\",\"itemListElement\":[{\"@type\":\"ListItem\",\"position\":1,\"name\":\"Home\",\"item\":\"https:\\\/\\\/hit-air.de\\\/\"},{\"@type\":\"ListItem\",\"position\":2,\"name\":\"Shop\",\"item\":\"https:\\\/\\\/hit-air.de\\\/shop\\\/\"},{\"@type\":\"ListItem\",\"position\":3,\"name\":\"Guardian\"}]},{\"@type\":\"WebSite\",\"@id\":\"https:\\\/\\\/hit-air.de\\\/#website\",\"url\":\"https:\\\/\\\/hit-air.de\\\/\",\"name\":\"HitAir\",\"description\":\"Air-Bag System\",\"publisher\":{\"@id\":\"https:\\\/\\\/hit-air.de\\\/#organization\"},\"potentialAction\":[{\"@type\":\"SearchAction\",\"target\":{\"@type\":\"EntryPoint\",\"urlTemplate\":\"https:\\\/\\\/hit-air.de\\\/?s={search_term_string}\"},\"query-input\":{\"@type\":\"PropertyValueSpecification\",\"valueRequired\":true,\"valueName\":\"search_term_string\"}}],\"inLanguage\":\"fr-FR\"},{\"@type\":\"Organization\",\"@id\":\"https:\\\/\\\/hit-air.de\\\/#organization\",\"name\":\"Hit Air\",\"url\":\"https:\\\/\\\/hit-air.de\\\/\",\"logo\":{\"@type\":\"ImageObject\",\"inLanguage\":\"fr-FR\",\"@id\":\"https:\\\/\\\/hit-air.de\\\/#\\\/schema\\\/logo\\\/image\\\/\",\"url\":\"https:\\\/\\\/hit-air.de\\\/wp-content\\\/uploads\\\/2016\\\/05\\\/hitair-logo-quer_dark.png\",\"contentUrl\":\"https:\\\/\\\/hit-air.de\\\/wp-content\\\/uploads\\\/2016\\\/05\\\/hitair-logo-quer_dark.png\",\"width\":616,\"height\":149,\"caption\":\"Hit Air\"},\"image\":{\"@id\":\"https:\\\/\\\/hit-air.de\\\/#\\\/schema\\\/logo\\\/image\\\/\"},\"sameAs\":[\"https:\\\/\\\/www.facebook.com\\\/Hit-Air-Protection-GmbH-270395383008432\\\/\"]}]}<\/script>\n<!-- \/ Yoast SEO plugin. -->","yoast_head_json":{"title":"Acheter un gilet airbag MLV 2 | L\u00e9ger, s\u00fbr et confortable de Hit-Air","description":"Le gilet airbag Hit-Air MLV 2 offre une libert\u00e9 de mouvement maximale et une s\u00e9curit\u00e9 maximale. Id\u00e9al pour les cavaliers et les motards. Test\u00e9 CE - commandez maintenant !","robots":{"index":"index","follow":"follow","max-snippet":"max-snippet:-1","max-image-preview":"max-image-preview:large","max-video-preview":"max-video-preview:-1"},"canonical":"https:\/\/hit-air.de\/fr\/boutique\/cavalier\/gilet-airbag-guardian-hit-air\/","og_locale":"fr_FR","og_type":"article","og_title":"MLV 2 Airbag-Weste kaufen | Leicht, sicher & komfortabel von Hit-Air","og_description":"Die Hit-Air MLV 2 Airbag-Weste bietet maximale Bewegungsfreiheit bei h\u00f6chster Sicherheit. Ideal f\u00fcr Reiter:innen & Biker:innen. CE-gepr\u00fcft \u2013 jetzt bestellen!","og_url":"https:\/\/hit-air.de\/fr\/boutique\/cavalier\/gilet-airbag-guardian-hit-air\/","og_site_name":"HitAir","article_publisher":"https:\/\/www.facebook.com\/Hit-Air-Protection-GmbH-270395383008432\/","article_modified_time":"2026-04-15T22:04:35+00:00","og_image":[{"width":470,"height":535,"url":"https:\/\/hit-air.de\/wp-content\/uploads\/2021\/10\/mlv2h-xs-ab-f-400x467-3.jpg","type":"image\/jpeg"}],"twitter_card":"summary_large_image","twitter_misc":{"Dur\u00e9e de lecture estim\u00e9e":"2 minutes"},"schema":{"@context":"https:\/\/schema.org","@graph":[{"@type":"WebPage","@id":"https:\/\/hit-air.de\/shop\/reiter\/guardian-airbagweste-hit-air\/","url":"https:\/\/hit-air.de\/shop\/reiter\/guardian-airbagweste-hit-air\/","name":"Acheter un gilet airbag MLV 2 | L\u00e9ger, s\u00fbr et confortable de Hit-Air","isPartOf":{"@id":"https:\/\/hit-air.de\/#website"},"primaryImageOfPage":{"@id":"https:\/\/hit-air.de\/shop\/reiter\/guardian-airbagweste-hit-air\/#primaryimage"},"image":{"@id":"https:\/\/hit-air.de\/shop\/reiter\/guardian-airbagweste-hit-air\/#primaryimage"},"thumbnailUrl":"https:\/\/hit-air.de\/wp-content\/uploads\/2021\/10\/mlv2h-xs-ab-f-400x467-3.jpg","datePublished":"2021-10-04T13:00:16+00:00","dateModified":"2026-04-15T22:04:35+00:00","description":"Le gilet airbag Hit-Air MLV 2 offre une libert\u00e9 de mouvement maximale et une s\u00e9curit\u00e9 maximale. Id\u00e9al pour les cavaliers et les motards. Test\u00e9 CE - commandez maintenant !","breadcrumb":{"@id":"https:\/\/hit-air.de\/shop\/reiter\/guardian-airbagweste-hit-air\/#breadcrumb"},"inLanguage":"fr-FR","potentialAction":[{"@type":"ReadAction","target":["https:\/\/hit-air.de\/shop\/reiter\/guardian-airbagweste-hit-air\/"]}]},{"@type":"ImageObject","inLanguage":"fr-FR","@id":"https:\/\/hit-air.de\/shop\/reiter\/guardian-airbagweste-hit-air\/#primaryimage","url":"https:\/\/hit-air.de\/wp-content\/uploads\/2021\/10\/mlv2h-xs-ab-f-400x467-3.jpg","contentUrl":"https:\/\/hit-air.de\/wp-content\/uploads\/2021\/10\/mlv2h-xs-ab-f-400x467-3.jpg","width":470,"height":535},{"@type":"BreadcrumbList","@id":"https:\/\/hit-air.de\/shop\/reiter\/guardian-airbagweste-hit-air\/#breadcrumb","itemListElement":[{"@type":"ListItem","position":1,"name":"Home","item":"https:\/\/hit-air.de\/"},{"@type":"ListItem","position":2,"name":"Shop","item":"https:\/\/hit-air.de\/shop\/"},{"@type":"ListItem","position":3,"name":"Guardian"}]},{"@type":"WebSite","@id":"https:\/\/hit-air.de\/#website","url":"https:\/\/hit-air.de\/","name":"HitAir","description":"Syst\u00e8me d'air-bag","publisher":{"@id":"https:\/\/hit-air.de\/#organization"},"potentialAction":[{"@type":"SearchAction","target":{"@type":"EntryPoint","urlTemplate":"https:\/\/hit-air.de\/?s={search_term_string}"},"query-input":{"@type":"PropertyValueSpecification","valueRequired":true,"valueName":"search_term_string"}}],"inLanguage":"fr-FR"},{"@type":"Organization","@id":"https:\/\/hit-air.de\/#organization","name":"Hit Air","url":"https:\/\/hit-air.de\/","logo":{"@type":"ImageObject","inLanguage":"fr-FR","@id":"https:\/\/hit-air.de\/#\/schema\/logo\/image\/","url":"https:\/\/hit-air.de\/wp-content\/uploads\/2016\/05\/hitair-logo-quer_dark.png","contentUrl":"https:\/\/hit-air.de\/wp-content\/uploads\/2016\/05\/hitair-logo-quer_dark.png","width":616,"height":149,"caption":"Hit Air"},"image":{"@id":"https:\/\/hit-air.de\/#\/schema\/logo\/image\/"},"sameAs":["https:\/\/www.facebook.com\/Hit-Air-Protection-GmbH-270395383008432\/"]}]}},"_links":{"self":[{"href":"https:\/\/hit-air.de\/fr\/wp-json\/wp\/v2\/product\/11782","targetHints":{"allow":["GET"]}}],"collection":[{"href":"https:\/\/hit-air.de\/fr\/wp-json\/wp\/v2\/product"}],"about":[{"href":"https:\/\/hit-air.de\/fr\/wp-json\/wp\/v2\/types\/product"}],"replies":[{"embeddable":true,"href":"https:\/\/hit-air.de\/fr\/wp-json\/wp\/v2\/comments?post=11782"}],"wp:featuredmedia":[{"embeddable":true,"href":"https:\/\/hit-air.de\/fr\/wp-json\/wp\/v2\/media\/132703"}],"wp:attachment":[{"href":"https:\/\/hit-air.de\/fr\/wp-json\/wp\/v2\/media?parent=11782"}],"wp:term":[{"taxonomy":"product_brand","embeddable":true,"href":"https:\/\/hit-air.de\/fr\/wp-json\/wp\/v2\/product_brand?post=11782"},{"taxonomy":"product_cat","embeddable":true,"href":"https:\/\/hit-air.de\/fr\/wp-json\/wp\/v2\/product_cat?post=11782"},{"taxonomy":"product_tag","embeddable":true,"href":"https:\/\/hit-air.de\/fr\/wp-json\/wp\/v2\/product_tag?post=11782"}],"curies":[{"name":"wp","href":"https:\/\/api.w.org\/{rel}","templated":true}]}}