{"id":22925,"date":"2017-04-26T12:54:42","date_gmt":"2017-04-26T12:54:42","guid":{"rendered":"https:\/\/hit-air.de\/?post_type=product&#038;p=22925\/"},"modified":"2025-11-11T11:13:45","modified_gmt":"2025-11-11T10:13:45","slug":"kerbex-especial-100ml","status":"publish","type":"product","link":"https:\/\/hit-air.de\/es\/shop\/zubehor\/kerbex-spezial-100ml\/","title":{"rendered":"KerbEX Especial 100ml"},"content":{"rendered":"<p>KerbEX Special es un aceite puro contra la mosca negra. Debe aplicarse muy finamente sobre las zonas infestadas de la piel. Cuando se aplique en el pabell\u00f3n auricular, aseg\u00farese de que la cantidad aplicada es suficiente para la protecci\u00f3n pero no puede llegar al t\u00edmpano. Una aplicaci\u00f3n cada 3-4 d\u00edas como m\u00e1ximo deber\u00eda ser suficiente.<br \/>\nEl frasco contiene 100 ml.<\/p>\n<p>Advertencias legales de peligro:<\/p>\n<p>Nocivo para los organismos acu\u00e1ticos, con efectos duraderos.<br \/>\nEvitar su liberaci\u00f3n al medio ambiente. Eliminar el contenido\/el recipiente de acuerdo con la normativa local y nacional. (P273-P501)<\/p>\n<p>Contiene aceite de \u00e1rbol del t\u00e9, clavo, lim\u00f3n y eucalipto. Puede provocar una reacci\u00f3n al\u00e9rgica. (H412, EUH208).<\/p>\n<p>Utilice los biocidas de forma segura<br \/>\nLea siempre el etiquetado y la informaci\u00f3n sobre el producto antes de utilizarlo.<\/p>","protected":false},"excerpt":{"rendered":"<p>KerbEX Spezial ist ein reines \u00d6l gegen Kriebelm\u00fccken. Es soll sehr d\u00fcnn auf die befallenen Hautstellen aufgetragen werden. Bei der Anwendung in der Ohrmuschel ist darauf zu achten, dass die eingebrachte Menge zum Schutz ausreicht aber nicht auf das Trommelfell gelangen kann. Anwendung max. alle 3-4 Tage sollte ausreichen. Die Flasche beinhaltet 100ml. Rechtliche Gefahrenhinweise: [&hellip;]<\/p>\n","protected":false},"featured_media":132704,"comment_status":"open","ping_status":"closed","template":"","meta":[],"product_brand":[],"product_cat":[85],"product_tag":[130,135,137,138,139],"class_list":{"0":"post-22925","1":"product","2":"type-product","3":"status-publish","4":"has-post-thumbnail","6":"product_cat-zubehor","7":"product_tag-insektenschutz","8":"product_tag-mueckenspray","9":"product_tag-kriebelmuecke","10":"product_tag-sommerekzem","11":"product_tag-raeude","12":"product_shipping_class-versand-kleinteile","14":"first","15":"instock","16":"taxable","17":"shipping-taxable","18":"purchasable","19":"product-type-simple"},"yoast_head":"<!-- This site is optimized with the Yoast SEO plugin v27.3 - https:\/\/yoast.com\/product\/yoast-seo-wordpress\/ -->\n<title>KerbEX Spezial 100ml kaufen | Effektiver Insektenschutz f\u00fcr Pferde<\/title>\n<meta name=\"description\" content=\"KerbEX Spezial 100ml \u2013 konzentrierter Insektenschutz gegen M\u00fccken, Kriebelm\u00fccken &amp; Bremsen. Ideal f\u00fcr empfindliche Pferdehaut &amp; Sommerekzem. Zuverl\u00e4ssiger Schutz im Stall &amp; auf der Weide.\" \/>\n<meta name=\"robots\" content=\"index, follow, max-snippet:-1, max-image-preview:large, max-video-preview:-1\" \/>\n<link rel=\"canonical\" href=\"https:\/\/hit-air.de\/es\/tienda\/accesorios\/kerbex-especial-100ml\/\" \/>\n<meta property=\"og:locale\" content=\"es_ES\" \/>\n<meta property=\"og:type\" content=\"article\" \/>\n<meta property=\"og:title\" content=\"KerbEX Spezial 100ml kaufen | Effektiver Insektenschutz f\u00fcr Pferde\" \/>\n<meta property=\"og:description\" content=\"KerbEX Spezial 100ml \u2013 konzentrierter Insektenschutz gegen M\u00fccken, Kriebelm\u00fccken &amp; Bremsen. Ideal f\u00fcr empfindliche Pferdehaut &amp; Sommerekzem. Zuverl\u00e4ssiger Schutz im Stall &amp; auf der Weide.\" \/>\n<meta property=\"og:url\" content=\"https:\/\/hit-air.de\/es\/tienda\/accesorios\/kerbex-especial-100ml\/\" \/>\n<meta property=\"og:site_name\" content=\"HitAir\" \/>\n<meta property=\"article:publisher\" content=\"https:\/\/www.facebook.com\/Hit-Air-Protection-GmbH-270395383008432\/\" \/>\n<meta property=\"article:modified_time\" content=\"2025-11-11T10:13:45+00:00\" \/>\n<meta property=\"og:image\" content=\"https:\/\/hit-air.de\/wp-content\/uploads\/2017\/04\/pferde_insektenschutz_spezial3.jpg\" \/>\n\t<meta property=\"og:image:width\" content=\"300\" \/>\n\t<meta property=\"og:image:height\" content=\"300\" \/>\n\t<meta property=\"og:image:type\" content=\"image\/jpeg\" \/>\n<meta name=\"twitter:card\" content=\"summary_large_image\" \/>\n<meta name=\"twitter:label1\" content=\"Tiempo de lectura\" \/>\n\t<meta name=\"twitter:data1\" content=\"1 minuto\" \/>\n<script type=\"application\/ld+json\" class=\"yoast-schema-graph\">{\"@context\":\"https:\\\/\\\/schema.org\",\"@graph\":[{\"@type\":\"WebPage\",\"@id\":\"https:\\\/\\\/hit-air.de\\\/shop\\\/zubehor\\\/kerbex-spezial-100ml\\\/\",\"url\":\"https:\\\/\\\/hit-air.de\\\/shop\\\/zubehor\\\/kerbex-spezial-100ml\\\/\",\"name\":\"KerbEX Spezial 100ml kaufen | Effektiver Insektenschutz f\u00fcr Pferde\",\"isPartOf\":{\"@id\":\"https:\\\/\\\/hit-air.de\\\/#website\"},\"primaryImageOfPage\":{\"@id\":\"https:\\\/\\\/hit-air.de\\\/shop\\\/zubehor\\\/kerbex-spezial-100ml\\\/#primaryimage\"},\"image\":{\"@id\":\"https:\\\/\\\/hit-air.de\\\/shop\\\/zubehor\\\/kerbex-spezial-100ml\\\/#primaryimage\"},\"thumbnailUrl\":\"https:\\\/\\\/hit-air.de\\\/wp-content\\\/uploads\\\/2017\\\/04\\\/pferde_insektenschutz_spezial3.jpg\",\"datePublished\":\"2017-04-26T12:54:42+00:00\",\"dateModified\":\"2025-11-11T10:13:45+00:00\",\"description\":\"KerbEX Spezial 100ml \u2013 konzentrierter Insektenschutz gegen M\u00fccken, Kriebelm\u00fccken & Bremsen. Ideal f\u00fcr empfindliche Pferdehaut & Sommerekzem. Zuverl\u00e4ssiger Schutz im Stall & auf der Weide.\",\"breadcrumb\":{\"@id\":\"https:\\\/\\\/hit-air.de\\\/shop\\\/zubehor\\\/kerbex-spezial-100ml\\\/#breadcrumb\"},\"inLanguage\":\"es\",\"potentialAction\":[{\"@type\":\"ReadAction\",\"target\":[\"https:\\\/\\\/hit-air.de\\\/shop\\\/zubehor\\\/kerbex-spezial-100ml\\\/\"]}]},{\"@type\":\"ImageObject\",\"inLanguage\":\"es\",\"@id\":\"https:\\\/\\\/hit-air.de\\\/shop\\\/zubehor\\\/kerbex-spezial-100ml\\\/#primaryimage\",\"url\":\"https:\\\/\\\/hit-air.de\\\/wp-content\\\/uploads\\\/2017\\\/04\\\/pferde_insektenschutz_spezial3.jpg\",\"contentUrl\":\"https:\\\/\\\/hit-air.de\\\/wp-content\\\/uploads\\\/2017\\\/04\\\/pferde_insektenschutz_spezial3.jpg\",\"width\":300,\"height\":300},{\"@type\":\"BreadcrumbList\",\"@id\":\"https:\\\/\\\/hit-air.de\\\/shop\\\/zubehor\\\/kerbex-spezial-100ml\\\/#breadcrumb\",\"itemListElement\":[{\"@type\":\"ListItem\",\"position\":1,\"name\":\"Home\",\"item\":\"https:\\\/\\\/hit-air.de\\\/\"},{\"@type\":\"ListItem\",\"position\":2,\"name\":\"Shop\",\"item\":\"https:\\\/\\\/hit-air.de\\\/shop\\\/\"},{\"@type\":\"ListItem\",\"position\":3,\"name\":\"KerbEX Spezial 100ml\"}]},{\"@type\":\"WebSite\",\"@id\":\"https:\\\/\\\/hit-air.de\\\/#website\",\"url\":\"https:\\\/\\\/hit-air.de\\\/\",\"name\":\"HitAir\",\"description\":\"Air-Bag System\",\"publisher\":{\"@id\":\"https:\\\/\\\/hit-air.de\\\/#organization\"},\"potentialAction\":[{\"@type\":\"SearchAction\",\"target\":{\"@type\":\"EntryPoint\",\"urlTemplate\":\"https:\\\/\\\/hit-air.de\\\/?s={search_term_string}\"},\"query-input\":{\"@type\":\"PropertyValueSpecification\",\"valueRequired\":true,\"valueName\":\"search_term_string\"}}],\"inLanguage\":\"es\"},{\"@type\":\"Organization\",\"@id\":\"https:\\\/\\\/hit-air.de\\\/#organization\",\"name\":\"Hit Air\",\"url\":\"https:\\\/\\\/hit-air.de\\\/\",\"logo\":{\"@type\":\"ImageObject\",\"inLanguage\":\"es\",\"@id\":\"https:\\\/\\\/hit-air.de\\\/#\\\/schema\\\/logo\\\/image\\\/\",\"url\":\"https:\\\/\\\/hit-air.de\\\/wp-content\\\/uploads\\\/2016\\\/05\\\/hitair-logo-quer_dark.png\",\"contentUrl\":\"https:\\\/\\\/hit-air.de\\\/wp-content\\\/uploads\\\/2016\\\/05\\\/hitair-logo-quer_dark.png\",\"width\":616,\"height\":149,\"caption\":\"Hit Air\"},\"image\":{\"@id\":\"https:\\\/\\\/hit-air.de\\\/#\\\/schema\\\/logo\\\/image\\\/\"},\"sameAs\":[\"https:\\\/\\\/www.facebook.com\\\/Hit-Air-Protection-GmbH-270395383008432\\\/\"]}]}<\/script>\n<!-- \/ Yoast SEO plugin. -->","yoast_head_json":{"title":"Comprar KerbEX Special 100ml | Eficaz repelente de insectos para caballos","description":"KerbEX Special 100ml - repelente de insectos concentrado contra mosquitos, moscas negras y t\u00e1banos. Ideal para la piel sensible del caballo y el picor dulce. Protecci\u00f3n fiable en el establo y en el prado.","robots":{"index":"index","follow":"follow","max-snippet":"max-snippet:-1","max-image-preview":"max-image-preview:large","max-video-preview":"max-video-preview:-1"},"canonical":"https:\/\/hit-air.de\/es\/tienda\/accesorios\/kerbex-especial-100ml\/","og_locale":"es_ES","og_type":"article","og_title":"KerbEX Spezial 100ml kaufen | Effektiver Insektenschutz f\u00fcr Pferde","og_description":"KerbEX Spezial 100ml \u2013 konzentrierter Insektenschutz gegen M\u00fccken, Kriebelm\u00fccken & Bremsen. Ideal f\u00fcr empfindliche Pferdehaut & Sommerekzem. Zuverl\u00e4ssiger Schutz im Stall & auf der Weide.","og_url":"https:\/\/hit-air.de\/es\/tienda\/accesorios\/kerbex-especial-100ml\/","og_site_name":"HitAir","article_publisher":"https:\/\/www.facebook.com\/Hit-Air-Protection-GmbH-270395383008432\/","article_modified_time":"2025-11-11T10:13:45+00:00","og_image":[{"width":300,"height":300,"url":"https:\/\/hit-air.de\/wp-content\/uploads\/2017\/04\/pferde_insektenschutz_spezial3.jpg","type":"image\/jpeg"}],"twitter_card":"summary_large_image","twitter_misc":{"Tiempo de lectura":"1 minuto"},"schema":{"@context":"https:\/\/schema.org","@graph":[{"@type":"WebPage","@id":"https:\/\/hit-air.de\/shop\/zubehor\/kerbex-spezial-100ml\/","url":"https:\/\/hit-air.de\/shop\/zubehor\/kerbex-spezial-100ml\/","name":"Comprar KerbEX Special 100ml | Eficaz repelente de insectos para caballos","isPartOf":{"@id":"https:\/\/hit-air.de\/#website"},"primaryImageOfPage":{"@id":"https:\/\/hit-air.de\/shop\/zubehor\/kerbex-spezial-100ml\/#primaryimage"},"image":{"@id":"https:\/\/hit-air.de\/shop\/zubehor\/kerbex-spezial-100ml\/#primaryimage"},"thumbnailUrl":"https:\/\/hit-air.de\/wp-content\/uploads\/2017\/04\/pferde_insektenschutz_spezial3.jpg","datePublished":"2017-04-26T12:54:42+00:00","dateModified":"2025-11-11T10:13:45+00:00","description":"KerbEX Special 100ml - repelente de insectos concentrado contra mosquitos, moscas negras y t\u00e1banos. Ideal para la piel sensible del caballo y el picor dulce. Protecci\u00f3n fiable en el establo y en el prado.","breadcrumb":{"@id":"https:\/\/hit-air.de\/shop\/zubehor\/kerbex-spezial-100ml\/#breadcrumb"},"inLanguage":"es","potentialAction":[{"@type":"ReadAction","target":["https:\/\/hit-air.de\/shop\/zubehor\/kerbex-spezial-100ml\/"]}]},{"@type":"ImageObject","inLanguage":"es","@id":"https:\/\/hit-air.de\/shop\/zubehor\/kerbex-spezial-100ml\/#primaryimage","url":"https:\/\/hit-air.de\/wp-content\/uploads\/2017\/04\/pferde_insektenschutz_spezial3.jpg","contentUrl":"https:\/\/hit-air.de\/wp-content\/uploads\/2017\/04\/pferde_insektenschutz_spezial3.jpg","width":300,"height":300},{"@type":"BreadcrumbList","@id":"https:\/\/hit-air.de\/shop\/zubehor\/kerbex-spezial-100ml\/#breadcrumb","itemListElement":[{"@type":"ListItem","position":1,"name":"Home","item":"https:\/\/hit-air.de\/"},{"@type":"ListItem","position":2,"name":"Shop","item":"https:\/\/hit-air.de\/shop\/"},{"@type":"ListItem","position":3,"name":"KerbEX Spezial 100ml"}]},{"@type":"WebSite","@id":"https:\/\/hit-air.de\/#website","url":"https:\/\/hit-air.de\/","name":"HitAir","description":"Sistema Air-Bag","publisher":{"@id":"https:\/\/hit-air.de\/#organization"},"potentialAction":[{"@type":"SearchAction","target":{"@type":"EntryPoint","urlTemplate":"https:\/\/hit-air.de\/?s={search_term_string}"},"query-input":{"@type":"PropertyValueSpecification","valueRequired":true,"valueName":"search_term_string"}}],"inLanguage":"es"},{"@type":"Organization","@id":"https:\/\/hit-air.de\/#organization","name":"Hit Air","url":"https:\/\/hit-air.de\/","logo":{"@type":"ImageObject","inLanguage":"es","@id":"https:\/\/hit-air.de\/#\/schema\/logo\/image\/","url":"https:\/\/hit-air.de\/wp-content\/uploads\/2016\/05\/hitair-logo-quer_dark.png","contentUrl":"https:\/\/hit-air.de\/wp-content\/uploads\/2016\/05\/hitair-logo-quer_dark.png","width":616,"height":149,"caption":"Hit Air"},"image":{"@id":"https:\/\/hit-air.de\/#\/schema\/logo\/image\/"},"sameAs":["https:\/\/www.facebook.com\/Hit-Air-Protection-GmbH-270395383008432\/"]}]}},"_links":{"self":[{"href":"https:\/\/hit-air.de\/es\/wp-json\/wp\/v2\/product\/22925","targetHints":{"allow":["GET"]}}],"collection":[{"href":"https:\/\/hit-air.de\/es\/wp-json\/wp\/v2\/product"}],"about":[{"href":"https:\/\/hit-air.de\/es\/wp-json\/wp\/v2\/types\/product"}],"replies":[{"embeddable":true,"href":"https:\/\/hit-air.de\/es\/wp-json\/wp\/v2\/comments?post=22925"}],"wp:featuredmedia":[{"embeddable":true,"href":"https:\/\/hit-air.de\/es\/wp-json\/wp\/v2\/media\/132704"}],"wp:attachment":[{"href":"https:\/\/hit-air.de\/es\/wp-json\/wp\/v2\/media?parent=22925"}],"wp:term":[{"taxonomy":"product_brand","embeddable":true,"href":"https:\/\/hit-air.de\/es\/wp-json\/wp\/v2\/product_brand?post=22925"},{"taxonomy":"product_cat","embeddable":true,"href":"https:\/\/hit-air.de\/es\/wp-json\/wp\/v2\/product_cat?post=22925"},{"taxonomy":"product_tag","embeddable":true,"href":"https:\/\/hit-air.de\/es\/wp-json\/wp\/v2\/product_tag?post=22925"}],"curies":[{"name":"wp","href":"https:\/\/api.w.org\/{rel}","templated":true}]}}