{"id":20929,"date":"2017-03-28T14:44:40","date_gmt":"2017-03-28T14:44:40","guid":{"rendered":"https:\/\/hit-air.de\/?post_type=product&#038;p=20929\/"},"modified":"2025-09-26T15:58:25","modified_gmt":"2025-09-26T14:58:25","slug":"protector-de-espalda","status":"publish","type":"product","link":"https:\/\/hit-air.de\/es\/shop\/reiter\/rueckenprotektor\/","title":{"rendered":"Protector dorsal Soft Active"},"content":{"rendered":"<p>Tenemos el protector de espalda \u201eSoft Active\u201c fabricado por Zandona en 100% en Italia utilizando materiales de alta calidad y tejidos especiales como el S.R.T. (Sweat Removing Textile - tejido 3D muy permeable que absorbe el sudor) para proteger la columna vertebral de las colisiones. El acolchado interior se compone de E.V.C. (Evoluted Viscoelastic Cells), una innovadora goma con un alto efecto antichoque. Impresiona por su \u00f3ptima relaci\u00f3n entre efecto protector, peso y grosor. Totalmente perforado, transporta la transpiraci\u00f3n fuera del cuerpo lo m\u00e1s r\u00e1pidamente posible. El chaleco est\u00e1 confeccionado en un tejido de alta calidad, elegante y transpirable. Es extremadamente el\u00e1stico y se adapta perfectamente a los contornos de la parte superior del cuerpo. Este protector de espalda es muy c\u00f3modo de llevar, ya que sigue los movimientos naturales de la columna vertebral, y alcanza el nivel de rendimiento 2 seg\u00fan la norma EN-1621-2.<\/p>","protected":false},"excerpt":{"rendered":"<p>Den R\u00fcckenprotektor &#8222;Soft Active&#8220; lassen wir zu 100% in Italien aus hochwertigen Materialien und Spezialtextitilien wie S.R.T. (Sweat Removing Textile &#8211; sehr durchl\u00e4ssiges 3D-Textil, welches Schwei\u00df absorbiert ) durch die Firma Zandona fertigen, um die Wirbels\u00e4ule vor Kollisionen zu sch\u00fctzen. Die Innenpolsterung besteht aus E.V.C. ( Evoluted Viscoelastic Cells ), ein innovatives Gummi mit hoher [&hellip;]<\/p>\n","protected":false},"featured_media":132246,"comment_status":"open","ping_status":"closed","template":"","meta":[],"product_brand":[],"product_cat":[82,83,129],"product_tag":[153,154,155],"class_list":{"0":"post-20929","1":"product","2":"type-product","3":"status-publish","4":"has-post-thumbnail","6":"product_cat-reiter","7":"product_cat-biker","8":"product_cat-level-2-rueckenprotektor","9":"product_tag-en-1621-2","10":"product_tag-rueckenprotektor","11":"product_tag-wirbelsaeulenprotektor","12":"product_shipping_class-versand-paket","14":"first","15":"instock","16":"taxable","17":"shipping-taxable","18":"purchasable","19":"product-type-variable"},"yoast_head":"<!-- This site is optimized with the Yoast SEO plugin v27.3 - https:\/\/yoast.com\/product\/yoast-seo-wordpress\/ -->\n<title>Soft Active R\u00fcckenprotektor | HitAir<\/title>\n<meta name=\"robots\" content=\"index, follow, max-snippet:-1, max-image-preview:large, max-video-preview:-1\" \/>\n<link rel=\"canonical\" href=\"https:\/\/hit-air.de\/es\/tienda\/jinete\/protector-de-espalda\/\" \/>\n<meta property=\"og:locale\" content=\"es_ES\" \/>\n<meta property=\"og:type\" content=\"article\" \/>\n<meta property=\"og:title\" content=\"Soft Active R\u00fcckenprotektor | HitAir\" \/>\n<meta property=\"og:description\" content=\"Den R\u00fcckenprotektor &#8222;Soft Active&#8220; lassen wir zu 100% in Italien aus hochwertigen Materialien und Spezialtextitilien wie S.R.T. (Sweat Removing Textile &#8211; sehr durchl\u00e4ssiges 3D-Textil, welches Schwei\u00df absorbiert ) durch die Firma Zandona fertigen, um die Wirbels\u00e4ule vor Kollisionen zu sch\u00fctzen. Die Innenpolsterung besteht aus E.V.C. ( Evoluted Viscoelastic Cells ), ein innovatives Gummi mit hoher [&hellip;]\" \/>\n<meta property=\"og:url\" content=\"https:\/\/hit-air.de\/es\/tienda\/jinete\/protector-de-espalda\/\" \/>\n<meta property=\"og:site_name\" content=\"HitAir\" \/>\n<meta property=\"article:publisher\" content=\"https:\/\/www.facebook.com\/Hit-Air-Protection-GmbH-270395383008432\/\" \/>\n<meta property=\"article:modified_time\" content=\"2025-09-26T14:58:25+00:00\" \/>\n<meta property=\"og:image\" content=\"https:\/\/hit-air.de\/wp-content\/uploads\/2017\/03\/adult-protector-e1492527917201.jpg\" \/>\n\t<meta property=\"og:image:width\" content=\"1247\" \/>\n\t<meta property=\"og:image:height\" content=\"1248\" \/>\n\t<meta property=\"og:image:type\" content=\"image\/jpeg\" \/>\n<meta name=\"twitter:card\" content=\"summary_large_image\" \/>\n<meta name=\"twitter:label1\" content=\"Tiempo de lectura\" \/>\n\t<meta name=\"twitter:data1\" content=\"1 minuto\" \/>\n<script type=\"application\/ld+json\" class=\"yoast-schema-graph\">{\"@context\":\"https:\\\/\\\/schema.org\",\"@graph\":[{\"@type\":\"WebPage\",\"@id\":\"https:\\\/\\\/hit-air.de\\\/shop\\\/reiter\\\/rueckenprotektor\\\/\",\"url\":\"https:\\\/\\\/hit-air.de\\\/shop\\\/reiter\\\/rueckenprotektor\\\/\",\"name\":\"Soft Active R\u00fcckenprotektor | HitAir\",\"isPartOf\":{\"@id\":\"https:\\\/\\\/hit-air.de\\\/#website\"},\"primaryImageOfPage\":{\"@id\":\"https:\\\/\\\/hit-air.de\\\/shop\\\/reiter\\\/rueckenprotektor\\\/#primaryimage\"},\"image\":{\"@id\":\"https:\\\/\\\/hit-air.de\\\/shop\\\/reiter\\\/rueckenprotektor\\\/#primaryimage\"},\"thumbnailUrl\":\"https:\\\/\\\/hit-air.de\\\/wp-content\\\/uploads\\\/2017\\\/03\\\/adult-protector-e1492527917201.jpg\",\"datePublished\":\"2017-03-28T14:44:40+00:00\",\"dateModified\":\"2025-09-26T14:58:25+00:00\",\"breadcrumb\":{\"@id\":\"https:\\\/\\\/hit-air.de\\\/shop\\\/reiter\\\/rueckenprotektor\\\/#breadcrumb\"},\"inLanguage\":\"es\",\"potentialAction\":[{\"@type\":\"ReadAction\",\"target\":[\"https:\\\/\\\/hit-air.de\\\/shop\\\/reiter\\\/rueckenprotektor\\\/\"]}]},{\"@type\":\"ImageObject\",\"inLanguage\":\"es\",\"@id\":\"https:\\\/\\\/hit-air.de\\\/shop\\\/reiter\\\/rueckenprotektor\\\/#primaryimage\",\"url\":\"https:\\\/\\\/hit-air.de\\\/wp-content\\\/uploads\\\/2017\\\/03\\\/adult-protector-e1492527917201.jpg\",\"contentUrl\":\"https:\\\/\\\/hit-air.de\\\/wp-content\\\/uploads\\\/2017\\\/03\\\/adult-protector-e1492527917201.jpg\",\"width\":1247,\"height\":1248},{\"@type\":\"BreadcrumbList\",\"@id\":\"https:\\\/\\\/hit-air.de\\\/shop\\\/reiter\\\/rueckenprotektor\\\/#breadcrumb\",\"itemListElement\":[{\"@type\":\"ListItem\",\"position\":1,\"name\":\"Home\",\"item\":\"https:\\\/\\\/hit-air.de\\\/\"},{\"@type\":\"ListItem\",\"position\":2,\"name\":\"Shop\",\"item\":\"https:\\\/\\\/hit-air.de\\\/shop\\\/\"},{\"@type\":\"ListItem\",\"position\":3,\"name\":\"Soft Active R\u00fcckenprotektor\"}]},{\"@type\":\"WebSite\",\"@id\":\"https:\\\/\\\/hit-air.de\\\/#website\",\"url\":\"https:\\\/\\\/hit-air.de\\\/\",\"name\":\"HitAir\",\"description\":\"Air-Bag System\",\"publisher\":{\"@id\":\"https:\\\/\\\/hit-air.de\\\/#organization\"},\"potentialAction\":[{\"@type\":\"SearchAction\",\"target\":{\"@type\":\"EntryPoint\",\"urlTemplate\":\"https:\\\/\\\/hit-air.de\\\/?s={search_term_string}\"},\"query-input\":{\"@type\":\"PropertyValueSpecification\",\"valueRequired\":true,\"valueName\":\"search_term_string\"}}],\"inLanguage\":\"es\"},{\"@type\":\"Organization\",\"@id\":\"https:\\\/\\\/hit-air.de\\\/#organization\",\"name\":\"Hit Air\",\"url\":\"https:\\\/\\\/hit-air.de\\\/\",\"logo\":{\"@type\":\"ImageObject\",\"inLanguage\":\"es\",\"@id\":\"https:\\\/\\\/hit-air.de\\\/#\\\/schema\\\/logo\\\/image\\\/\",\"url\":\"https:\\\/\\\/hit-air.de\\\/wp-content\\\/uploads\\\/2016\\\/05\\\/hitair-logo-quer_dark.png\",\"contentUrl\":\"https:\\\/\\\/hit-air.de\\\/wp-content\\\/uploads\\\/2016\\\/05\\\/hitair-logo-quer_dark.png\",\"width\":616,\"height\":149,\"caption\":\"Hit Air\"},\"image\":{\"@id\":\"https:\\\/\\\/hit-air.de\\\/#\\\/schema\\\/logo\\\/image\\\/\"},\"sameAs\":[\"https:\\\/\\\/www.facebook.com\\\/Hit-Air-Protection-GmbH-270395383008432\\\/\"]}]}<\/script>\n<!-- \/ Yoast SEO plugin. -->","yoast_head_json":{"title":"Protector de espalda Soft Active | HitAir","robots":{"index":"index","follow":"follow","max-snippet":"max-snippet:-1","max-image-preview":"max-image-preview:large","max-video-preview":"max-video-preview:-1"},"canonical":"https:\/\/hit-air.de\/es\/tienda\/jinete\/protector-de-espalda\/","og_locale":"es_ES","og_type":"article","og_title":"Soft Active R\u00fcckenprotektor | HitAir","og_description":"Den R\u00fcckenprotektor &#8222;Soft Active&#8220; lassen wir zu 100% in Italien aus hochwertigen Materialien und Spezialtextitilien wie S.R.T. (Sweat Removing Textile &#8211; sehr durchl\u00e4ssiges 3D-Textil, welches Schwei\u00df absorbiert ) durch die Firma Zandona fertigen, um die Wirbels\u00e4ule vor Kollisionen zu sch\u00fctzen. Die Innenpolsterung besteht aus E.V.C. ( Evoluted Viscoelastic Cells ), ein innovatives Gummi mit hoher [&hellip;]","og_url":"https:\/\/hit-air.de\/es\/tienda\/jinete\/protector-de-espalda\/","og_site_name":"HitAir","article_publisher":"https:\/\/www.facebook.com\/Hit-Air-Protection-GmbH-270395383008432\/","article_modified_time":"2025-09-26T14:58:25+00:00","og_image":[{"width":1247,"height":1248,"url":"https:\/\/hit-air.de\/wp-content\/uploads\/2017\/03\/adult-protector-e1492527917201.jpg","type":"image\/jpeg"}],"twitter_card":"summary_large_image","twitter_misc":{"Tiempo de lectura":"1 minuto"},"schema":{"@context":"https:\/\/schema.org","@graph":[{"@type":"WebPage","@id":"https:\/\/hit-air.de\/shop\/reiter\/rueckenprotektor\/","url":"https:\/\/hit-air.de\/shop\/reiter\/rueckenprotektor\/","name":"Protector de espalda Soft Active | HitAir","isPartOf":{"@id":"https:\/\/hit-air.de\/#website"},"primaryImageOfPage":{"@id":"https:\/\/hit-air.de\/shop\/reiter\/rueckenprotektor\/#primaryimage"},"image":{"@id":"https:\/\/hit-air.de\/shop\/reiter\/rueckenprotektor\/#primaryimage"},"thumbnailUrl":"https:\/\/hit-air.de\/wp-content\/uploads\/2017\/03\/adult-protector-e1492527917201.jpg","datePublished":"2017-03-28T14:44:40+00:00","dateModified":"2025-09-26T14:58:25+00:00","breadcrumb":{"@id":"https:\/\/hit-air.de\/shop\/reiter\/rueckenprotektor\/#breadcrumb"},"inLanguage":"es","potentialAction":[{"@type":"ReadAction","target":["https:\/\/hit-air.de\/shop\/reiter\/rueckenprotektor\/"]}]},{"@type":"ImageObject","inLanguage":"es","@id":"https:\/\/hit-air.de\/shop\/reiter\/rueckenprotektor\/#primaryimage","url":"https:\/\/hit-air.de\/wp-content\/uploads\/2017\/03\/adult-protector-e1492527917201.jpg","contentUrl":"https:\/\/hit-air.de\/wp-content\/uploads\/2017\/03\/adult-protector-e1492527917201.jpg","width":1247,"height":1248},{"@type":"BreadcrumbList","@id":"https:\/\/hit-air.de\/shop\/reiter\/rueckenprotektor\/#breadcrumb","itemListElement":[{"@type":"ListItem","position":1,"name":"Home","item":"https:\/\/hit-air.de\/"},{"@type":"ListItem","position":2,"name":"Shop","item":"https:\/\/hit-air.de\/shop\/"},{"@type":"ListItem","position":3,"name":"Soft Active R\u00fcckenprotektor"}]},{"@type":"WebSite","@id":"https:\/\/hit-air.de\/#website","url":"https:\/\/hit-air.de\/","name":"HitAir","description":"Sistema Air-Bag","publisher":{"@id":"https:\/\/hit-air.de\/#organization"},"potentialAction":[{"@type":"SearchAction","target":{"@type":"EntryPoint","urlTemplate":"https:\/\/hit-air.de\/?s={search_term_string}"},"query-input":{"@type":"PropertyValueSpecification","valueRequired":true,"valueName":"search_term_string"}}],"inLanguage":"es"},{"@type":"Organization","@id":"https:\/\/hit-air.de\/#organization","name":"Hit Air","url":"https:\/\/hit-air.de\/","logo":{"@type":"ImageObject","inLanguage":"es","@id":"https:\/\/hit-air.de\/#\/schema\/logo\/image\/","url":"https:\/\/hit-air.de\/wp-content\/uploads\/2016\/05\/hitair-logo-quer_dark.png","contentUrl":"https:\/\/hit-air.de\/wp-content\/uploads\/2016\/05\/hitair-logo-quer_dark.png","width":616,"height":149,"caption":"Hit Air"},"image":{"@id":"https:\/\/hit-air.de\/#\/schema\/logo\/image\/"},"sameAs":["https:\/\/www.facebook.com\/Hit-Air-Protection-GmbH-270395383008432\/"]}]}},"_links":{"self":[{"href":"https:\/\/hit-air.de\/es\/wp-json\/wp\/v2\/product\/20929","targetHints":{"allow":["GET"]}}],"collection":[{"href":"https:\/\/hit-air.de\/es\/wp-json\/wp\/v2\/product"}],"about":[{"href":"https:\/\/hit-air.de\/es\/wp-json\/wp\/v2\/types\/product"}],"replies":[{"embeddable":true,"href":"https:\/\/hit-air.de\/es\/wp-json\/wp\/v2\/comments?post=20929"}],"wp:featuredmedia":[{"embeddable":true,"href":"https:\/\/hit-air.de\/es\/wp-json\/wp\/v2\/media\/132246"}],"wp:attachment":[{"href":"https:\/\/hit-air.de\/es\/wp-json\/wp\/v2\/media?parent=20929"}],"wp:term":[{"taxonomy":"product_brand","embeddable":true,"href":"https:\/\/hit-air.de\/es\/wp-json\/wp\/v2\/product_brand?post=20929"},{"taxonomy":"product_cat","embeddable":true,"href":"https:\/\/hit-air.de\/es\/wp-json\/wp\/v2\/product_cat?post=20929"},{"taxonomy":"product_tag","embeddable":true,"href":"https:\/\/hit-air.de\/es\/wp-json\/wp\/v2\/product_tag?post=20929"}],"curies":[{"name":"wp","href":"https:\/\/api.w.org\/{rel}","templated":true}]}}